{"id":43873,"date":"2026-03-29T12:08:18","date_gmt":"2026-03-29T10:08:18","guid":{"rendered":"https:\/\/www.joma-orhei.md\/?post_type=product&#038;p=43873"},"modified":"2026-03-29T12:08:18","modified_gmt":"2026-03-29T10:08:18","slug":"105201-311-championship-20-full-zip-sweatshirt-navy","status":"publish","type":"product","link":"https:\/\/www.joma-orhei.md\/ru\/product\/105201-311-championship-20-full-zip-sweatshirt-navy\/","title":{"rendered":"105201.311 -CHAMPIONSHIP 20 FULL ZIP SWEATSHIRT NAVY"},"content":{"rendered":"<p><span dir=\"auto\">Hanorac b\u0103rb\u0103tesc, versatil \u0219i confortabil, conceput pentru a \u00eenso\u021bi sportivul \u00een antrenament, cu un echilibru perfect \u00eentre performan\u021b\u0103 \u0219i func\u021bionalitate.<\/span><\/p>\n<p><span dir=\"auto\">Designul include o \u00eenchidere cu fermoar \u0219i nervuri la man\u0219ete \u0219i talie pentru o potrivire mai confortabil\u0103. M\u00e2necile raglan ofer\u0103 o mai mare adaptabilitate \u0219i libertate de mi\u0219care.<\/span><\/p>\n<p><span dir=\"auto\">Este fabricat\u0103 \u00een \u00eentregime din poliester reciclat, un material care contribuie la sustenabilitate \u0219i la grija fa\u021b\u0103 de planet\u0103, fiind o bluz\u0103 confortabil\u0103 \u0219i durabil\u0103. Materialul interior din fleece ofer\u0103 rezisten\u021b\u0103 termic\u0103.<\/span><\/p>\n<p><span dir=\"auto\">Logo Joma brodat.<\/span><\/p>\n<p>&nbsp;<\/p>","protected":false},"excerpt":{"rendered":"<p><span dir=\"auto\">Hanorac b\u0103rb\u0103tesc<\/span><\/p>","protected":false},"featured_media":43874,"template":"","meta":{"_themeisle_gutenberg_block_has_review":false},"product_brand":[370],"product_cat":[307,313,309],"product_tag":[],"class_list":{"0":"post-43873","1":"product","2":"type-product","3":"status-publish","4":"has-post-thumbnail","6":"product_brand-joma","7":"product_cat-barbati","8":"product_cat-hanorace","9":"product_cat-imbracaminte","10":"pa_marime-costume-l","11":"pa_marime-costume-m","12":"pa_marime-costume-s","13":"pa_marime-costume-xl","15":"first","16":"instock","17":"shipping-taxable","18":"purchasable","19":"product-type-variable"},"_links":{"self":[{"href":"https:\/\/www.joma-orhei.md\/ru\/wp-json\/wp\/v2\/product\/43873","targetHints":{"allow":["GET"]}}],"collection":[{"href":"https:\/\/www.joma-orhei.md\/ru\/wp-json\/wp\/v2\/product"}],"about":[{"href":"https:\/\/www.joma-orhei.md\/ru\/wp-json\/wp\/v2\/types\/product"}],"wp:featuredmedia":[{"embeddable":true,"href":"https:\/\/www.joma-orhei.md\/ru\/wp-json\/wp\/v2\/media\/43874"}],"wp:attachment":[{"href":"https:\/\/www.joma-orhei.md\/ru\/wp-json\/wp\/v2\/media?parent=43873"}],"wp:term":[{"taxonomy":"product_brand","embeddable":true,"href":"https:\/\/www.joma-orhei.md\/ru\/wp-json\/wp\/v2\/product_brand?post=43873"},{"taxonomy":"product_cat","embeddable":true,"href":"https:\/\/www.joma-orhei.md\/ru\/wp-json\/wp\/v2\/product_cat?post=43873"},{"taxonomy":"product_tag","embeddable":true,"href":"https:\/\/www.joma-orhei.md\/ru\/wp-json\/wp\/v2\/product_tag?post=43873"}],"curies":[{"name":"wp","href":"https:\/\/api.w.org\/{rel}","templated":true}]}}