{"id":43820,"date":"2026-03-29T11:16:18","date_gmt":"2026-03-29T09:16:18","guid":{"rendered":"https:\/\/www.joma-orhei.md\/?post_type=product&#038;p=43820"},"modified":"2026-03-29T11:18:49","modified_gmt":"2026-03-29T09:18:49","slug":"indoor-gym-short-green","status":"publish","type":"product","link":"https:\/\/www.joma-orhei.md\/ru\/product\/indoor-gym-short-green\/","title":{"rendered":"INDOOR GYM SHORT GREEN"},"content":{"rendered":"<div class=\"container newDescription\">\n<div class=\"row\">\n<div class=\"col-12 p-0\">\n<h2>Descriere<\/h2>\n<div class=\"Textcollapse\">\n<p>Pantaloni scur\u021bi pentru femei cu croial\u0103 larg\u0103 care ofer\u0103 libertate total\u0103 de mi\u0219care.<\/p>\n<p>Acestea includ o band\u0103 de talie reglabil\u0103 cu elastic \u0219i \u0219nur de tragere \u0219i sunt echipate cu dou\u0103 buzunare laterale mari pentru obiecte personale.<\/p>\n<p>Este realizat \u00een principal din material modal, un material u\u0219or, flexibil, foarte absorbant, respirabil \u0219i care ofer\u0103 o senza\u021bie de prospe\u021bime pe tot parcursul zilei.<\/p>\n<\/div>\n<\/div>\n<\/div>\n<\/div>\n<div id=\"features\" class=\"container newFeatures\">\n<div class=\"row\">\n<div class=\"col-12 col-lg-4 p-0\">\n<h2>Caracteristici<\/h2>\n<ul class=\"features list\">\n<li>Talie elastic\u0103 cu dantel\u0103 exterioar\u0103<\/li>\n<li>Buzunare laterale<\/li>\n<li>Material u\u0219or, respirabil \u0219i moale<\/li>\n<li>Libertatea de mi\u0219care<\/li>\n<li>Tip de croial\u0103: regulat<\/li>\n<li>75% Modal, 25% Poliester<\/li>\n<\/ul>\n<\/div>\n<div class=\"col-12 col-lg-4\">\n<h2>\u00cengrijire<\/h2>\n<ul class=\"features\">\n<li id=\"maquina_max30\"><img decoding=\"async\" class=\"cares-icon\" src=\"https:\/\/www.joma-sport.com\/on\/demandware.static\/-\/Library-Sites-JomaSharedLibrary\/en_US\/v1774736581407\/images\/attributes\/cuidados\/00226.svg\" width=\"100\" \/>Sp\u0103lare la ma\u0219in\u0103 la maximum 30 de grade Celsius<\/li>\n<li id=\"no_lejia\"><img decoding=\"async\" class=\"cares-icon\" src=\"https:\/\/www.joma-sport.com\/on\/demandware.static\/-\/Library-Sites-JomaSharedLibrary\/en_US\/v1774736581407\/images\/attributes\/cuidados\/00227.svg\" width=\"100\" \/>Nu folosi\u021bi \u00een\u0103lbitor<\/li>\n<li id=\"no_secadora\"><img decoding=\"async\" class=\"cares-icon\" src=\"https:\/\/www.joma-sport.com\/on\/demandware.static\/-\/Library-Sites-JomaSharedLibrary\/en_US\/v1774736581407\/images\/attributes\/cuidados\/00228.svg\" width=\"100\" \/>Nu usca la ma\u0219in\u0103<\/li>\n<li id=\"plancha_max110\"><img decoding=\"async\" class=\"cares-icon\" src=\"https:\/\/www.joma-sport.com\/on\/demandware.static\/-\/Library-Sites-JomaSharedLibrary\/en_US\/v1774736581407\/images\/attributes\/cuidados\/00229.svg\" width=\"100\" \/>Fier la maxim 110 grade<\/li>\n<li id=\"no_limpiar_seco\"><img decoding=\"async\" class=\"cares-icon\" src=\"https:\/\/www.joma-sport.com\/on\/demandware.static\/-\/Library-Sites-JomaSharedLibrary\/en_US\/v1774736581407\/images\/attributes\/cuidados\/00230.svg\" width=\"100\" \/>Nu sp\u0103la uscat<\/li>\n<\/ul>\n<\/div>\n<\/div>\n<\/div>","protected":false},"excerpt":{"rendered":"<p>Descriere Pantaloni scur\u021bi pentru femei cu croial\u0103 larg\u0103 care ofer\u0103 libertate total\u0103 de mi\u0219care. Acestea includ o band\u0103 de talie reglabil\u0103 cu elastic \u0219i \u0219nur de tragere \u0219i&hellip;<\/p>","protected":false},"featured_media":43826,"template":"","meta":{"_themeisle_gutenberg_block_has_review":false},"product_brand":[370],"product_cat":[308,327,330],"product_tag":[],"class_list":{"0":"post-43820","1":"product","2":"type-product","3":"status-publish","4":"has-post-thumbnail","6":"product_brand-joma","7":"product_cat-femei","8":"product_cat-imbracaminte-femei","9":"product_cat-sorti-imbracaminte-femei","10":"pa_marime-costume-l","11":"pa_marime-costume-m","12":"pa_marime-costume-s","14":"first","15":"instock","16":"shipping-taxable","17":"purchasable","18":"product-type-variable"},"_links":{"self":[{"href":"https:\/\/www.joma-orhei.md\/ru\/wp-json\/wp\/v2\/product\/43820","targetHints":{"allow":["GET"]}}],"collection":[{"href":"https:\/\/www.joma-orhei.md\/ru\/wp-json\/wp\/v2\/product"}],"about":[{"href":"https:\/\/www.joma-orhei.md\/ru\/wp-json\/wp\/v2\/types\/product"}],"wp:featuredmedia":[{"embeddable":true,"href":"https:\/\/www.joma-orhei.md\/ru\/wp-json\/wp\/v2\/media\/43826"}],"wp:attachment":[{"href":"https:\/\/www.joma-orhei.md\/ru\/wp-json\/wp\/v2\/media?parent=43820"}],"wp:term":[{"taxonomy":"product_brand","embeddable":true,"href":"https:\/\/www.joma-orhei.md\/ru\/wp-json\/wp\/v2\/product_brand?post=43820"},{"taxonomy":"product_cat","embeddable":true,"href":"https:\/\/www.joma-orhei.md\/ru\/wp-json\/wp\/v2\/product_cat?post=43820"},{"taxonomy":"product_tag","embeddable":true,"href":"https:\/\/www.joma-orhei.md\/ru\/wp-json\/wp\/v2\/product_tag?post=43820"}],"curies":[{"name":"wp","href":"https:\/\/api.w.org\/{rel}","templated":true}]}}