{"id":43799,"date":"2026-03-29T11:00:35","date_gmt":"2026-03-29T09:00:35","guid":{"rendered":"https:\/\/www.joma-orhei.md\/?post_type=product&#038;p=43799"},"modified":"2026-03-29T11:02:44","modified_gmt":"2026-03-29T09:02:44","slug":"indoor-gym-long-tights-brown","status":"publish","type":"product","link":"https:\/\/www.joma-orhei.md\/ru\/product\/indoor-gym-long-tights-brown\/","title":{"rendered":"INDOOR GYM LONG TIGHTS BROWN"},"content":{"rendered":"<ul>\n<li class=\"opened\">\n<header>Descriere<i class=\"icon-chevron-down\"><\/i><\/header>\n<p><main>Colanti lungi fara cusaturi pentru femei. Acesti colanti seamless iti vor permite sa faci toate miscarile fara a renunta la confort. Perfecti pentru a fi purtati la sporturi precum yoga sau pilates, si de asemenea pentru sala de sport.<\/p>\n<p>Incorpora o talie elastica inalta pentru a modela figura, cu un buzunar interior pentru a-ti tine telefonul mobil sau alte obiecte mici. Au doar cusaturi in zona inghinala si sunt Flatlock pentru a preveni posibile iritatii ale pielii si pentru a garanta confortul.<\/p>\n<p>Acesti colanti au fost confectionati dintr-un material elastic si ergonomic 4 way stretch, care se intinde in toate directiile, optimizand ajustarea si flexibilitatea sportivei. In plus, datorita compozitiei lor din nylon, se usuca rapid pentru a nu deranja transpiratia.<\/p>\n<p>Logo-ul Joma in printare de inalta densitate.<\/p>\n<p><\/main><\/li>\n<li class=\"opened\">\n<header>Caracteristici<i class=\"icon-chevron-down\"><\/i><\/header>\n<p><main><\/p>\n<ul class=\"double-column\">\n<li>Talie elastic\u0103<\/li>\n<li>Buzzunar interior<\/li>\n<li>es\u0103tur\u0103 elastic\u0103<\/li>\n<li>Cus\u0103turi plane Flatlock<\/li>\n<li>F\u0103r\u0103 cus\u0103turi<\/li>\n<li>Detalii imprimeuri<\/li>\n<li>Libertate de mi\u0219care<\/li>\n<li>Tip de potrivire: ajustat<\/li>\n<li>80% Poliamid\u0103, 20% Spandex<\/li>\n<\/ul>\n<p><\/main><\/li>\n<\/ul>","protected":false},"excerpt":{"rendered":"<p>Descriere Colanti lungi fara cusaturi pentru femei. Acesti colanti seamless iti vor permite sa faci toate miscarile fara a renunta la confort. Perfecti pentru a fi purtati la&hellip;<\/p>","protected":false},"featured_media":43802,"template":"","meta":{"_themeisle_gutenberg_block_has_review":false},"product_brand":[370],"product_cat":[308,397,327],"product_tag":[],"class_list":{"0":"post-43799","1":"product","2":"type-product","3":"status-publish","4":"has-post-thumbnail","6":"product_brand-joma","7":"product_cat-femei","8":"product_cat-fitness","9":"product_cat-imbracaminte-femei","10":"pa_marime-costume-m","11":"pa_marime-costume-s","13":"first","14":"instock","15":"shipping-taxable","16":"purchasable","17":"product-type-variable"},"_links":{"self":[{"href":"https:\/\/www.joma-orhei.md\/ru\/wp-json\/wp\/v2\/product\/43799","targetHints":{"allow":["GET"]}}],"collection":[{"href":"https:\/\/www.joma-orhei.md\/ru\/wp-json\/wp\/v2\/product"}],"about":[{"href":"https:\/\/www.joma-orhei.md\/ru\/wp-json\/wp\/v2\/types\/product"}],"wp:featuredmedia":[{"embeddable":true,"href":"https:\/\/www.joma-orhei.md\/ru\/wp-json\/wp\/v2\/media\/43802"}],"wp:attachment":[{"href":"https:\/\/www.joma-orhei.md\/ru\/wp-json\/wp\/v2\/media?parent=43799"}],"wp:term":[{"taxonomy":"product_brand","embeddable":true,"href":"https:\/\/www.joma-orhei.md\/ru\/wp-json\/wp\/v2\/product_brand?post=43799"},{"taxonomy":"product_cat","embeddable":true,"href":"https:\/\/www.joma-orhei.md\/ru\/wp-json\/wp\/v2\/product_cat?post=43799"},{"taxonomy":"product_tag","embeddable":true,"href":"https:\/\/www.joma-orhei.md\/ru\/wp-json\/wp\/v2\/product_tag?post=43799"}],"curies":[{"name":"wp","href":"https:\/\/api.w.org\/{rel}","templated":true}]}}