{"id":43786,"date":"2026-03-29T10:49:25","date_gmt":"2026-03-29T08:49:25","guid":{"rendered":"https:\/\/www.joma-orhei.md\/?post_type=product&#038;p=43786"},"modified":"2026-03-29T10:49:25","modified_gmt":"2026-03-29T08:49:25","slug":"indoor-gym-sport-bra-green-turquoise","status":"publish","type":"product","link":"https:\/\/www.joma-orhei.md\/ru\/product\/indoor-gym-sport-bra-green-turquoise\/","title":{"rendered":"INDOOR GYM SPORT BRA GREEN TURQUOISE"},"content":{"rendered":"<ul>\n<li class=\"opened\">\n<header>Descriere<i class=\"icon-chevron-down\"><\/i><\/header>\n<p><main>Bustier\u0103 sport potriit\u0103 pentru activit\u0103\u021bi cu impact mediu cu spate \u00eencruci\u0219at. Include cupe cu c\u0103ptu\u0219eal\u0103 deta\u0219abil\u0103. Banda elastica sub bust ofer\u0103 o prindere mai ferm\u0103. \u00cencorporeaz\u0103 c\u0103ptu\u0219eal\u0103 interioar\u0103 din plas\u0103. Design sublimat.<\/p>\n<p><\/main><\/li>\n<li class=\"opened\">\n<header>Caracteristici<i class=\"icon-chevron-down\"><\/i><\/header>\n<p><main><\/p>\n<ul class=\"double-column\">\n<li>es\u0103tur\u0103 elastic\u0103<\/li>\n<li>Cup\u0103 modelat\u0103 deta\u0219abil\u0103<\/li>\n<li>Suport adecvat pentru piept<\/li>\n<li>Impact mediu<\/li>\n<li>Tip de potrivire: ajustat<\/li>\n<li>77% Poliester, 23% Spandex<\/li>\n<\/ul>\n<p><\/main><\/li>\n<\/ul>","protected":false},"excerpt":{"rendered":"<p>Descriere Bustier\u0103 sport potriit\u0103 pentru activit\u0103\u021bi cu impact mediu cu spate \u00eencruci\u0219at. Include cupe cu c\u0103ptu\u0219eal\u0103 deta\u0219abil\u0103. Banda elastica sub bust ofer\u0103 o prindere mai ferm\u0103. \u00cencorporeaz\u0103 c\u0103ptu\u0219eal\u0103&hellip;<\/p>","protected":false},"featured_media":43789,"template":"","meta":{"_themeisle_gutenberg_block_has_review":false},"product_brand":[370],"product_cat":[308,397,327],"product_tag":[],"class_list":{"0":"post-43786","1":"product","2":"type-product","3":"status-publish","4":"has-post-thumbnail","6":"product_brand-joma","7":"product_cat-femei","8":"product_cat-fitness","9":"product_cat-imbracaminte-femei","10":"pa_marime-costume-m","11":"pa_marime-costume-s","13":"first","14":"instock","15":"shipping-taxable","16":"purchasable","17":"product-type-variable"},"_links":{"self":[{"href":"https:\/\/www.joma-orhei.md\/ru\/wp-json\/wp\/v2\/product\/43786","targetHints":{"allow":["GET"]}}],"collection":[{"href":"https:\/\/www.joma-orhei.md\/ru\/wp-json\/wp\/v2\/product"}],"about":[{"href":"https:\/\/www.joma-orhei.md\/ru\/wp-json\/wp\/v2\/types\/product"}],"wp:featuredmedia":[{"embeddable":true,"href":"https:\/\/www.joma-orhei.md\/ru\/wp-json\/wp\/v2\/media\/43789"}],"wp:attachment":[{"href":"https:\/\/www.joma-orhei.md\/ru\/wp-json\/wp\/v2\/media?parent=43786"}],"wp:term":[{"taxonomy":"product_brand","embeddable":true,"href":"https:\/\/www.joma-orhei.md\/ru\/wp-json\/wp\/v2\/product_brand?post=43786"},{"taxonomy":"product_cat","embeddable":true,"href":"https:\/\/www.joma-orhei.md\/ru\/wp-json\/wp\/v2\/product_cat?post=43786"},{"taxonomy":"product_tag","embeddable":true,"href":"https:\/\/www.joma-orhei.md\/ru\/wp-json\/wp\/v2\/product_tag?post=43786"}],"curies":[{"name":"wp","href":"https:\/\/api.w.org\/{rel}","templated":true}]}}