{"id":43727,"date":"2026-03-28T13:21:14","date_gmt":"2026-03-28T11:21:14","guid":{"rendered":"https:\/\/www.joma-orhei.md\/?post_type=product&#038;p=43727"},"modified":"2026-03-28T13:21:14","modified_gmt":"2026-03-28T11:21:14","slug":"c-campus-men-2501-black","status":"publish","type":"product","link":"https:\/\/www.joma-orhei.md\/ru\/product\/c-campus-men-2501-black\/","title":{"rendered":"C.CAMPUS MEN 2501 BLACK"},"content":{"rendered":"<h2 data-section-id=\"39vule\" data-start=\"435\" data-end=\"465\">\ud83e\uddf1 Materiale \u0219i construc\u021bie<\/h2>\n<ul data-start=\"466\" data-end=\"633\">\n<li data-section-id=\"sudkka\" data-start=\"466\" data-end=\"500\"><strong data-start=\"468\" data-end=\"487\">Piele sintetic\u0103<\/strong> rezistent\u0103<\/li>\n<li data-section-id=\"16o4ox0\" data-start=\"501\" data-end=\"555\">\u00cent\u0103riri moi \u00een zonele importante (pentru confort)<\/li>\n<li data-section-id=\"1p18hsx\" data-start=\"556\" data-end=\"633\">Construc\u021bie solid\u0103 pentru uz zilnic<\/li>\n<\/ul>\n<hr data-start=\"635\" data-end=\"638\" \/>\n<h2 data-section-id=\"87asiy\" data-start=\"640\" data-end=\"653\">\ud83d\udc5f Confort<\/h2>\n<ul data-start=\"654\" data-end=\"861\">\n<li data-section-id=\"1f9hct\" data-start=\"654\" data-end=\"789\"><strong data-start=\"656\" data-end=\"695\">Bran\u021b Memory Foam + EVA termoformat<\/strong><br data-start=\"695\" data-end=\"698\" \/>\u2192 se muleaz\u0103 pe picior \u0219i reduce impactul la mers<\/li>\n<li data-section-id=\"yu2htw\" data-start=\"790\" data-end=\"861\">Destul de comod pentru:\n<ul data-start=\"818\" data-end=\"861\">\n<li data-section-id=\"1peyrui\" data-start=\"818\" data-end=\"833\">mers zilnic<\/li>\n<li data-section-id=\"1j43bjk\" data-start=\"836\" data-end=\"861\">stat mult \u00een picioare<\/li>\n<\/ul>\n<\/li>\n<\/ul>\n<hr data-start=\"932\" data-end=\"935\" \/>\n<h2 data-section-id=\"1lmhikn\" data-start=\"937\" data-end=\"948\">\ud83e\uddb6 Talp\u0103<\/h2>\n<ul data-start=\"949\" data-end=\"1064\">\n<li data-section-id=\"361o1u\" data-start=\"949\" data-end=\"975\">Cauciuc <strong data-start=\"959\" data-end=\"973\">DURABILITY<\/strong><\/li>\n<li data-section-id=\"5g4vua\" data-start=\"976\" data-end=\"998\">Rezistent la uzur\u0103<\/li>\n<li data-section-id=\"lnabue\" data-start=\"999\" data-end=\"1064\">Aderen\u021b\u0103 bun\u0103 pe asfalt<\/li>\n<\/ul>\n<hr data-start=\"1066\" data-end=\"1069\" \/>\n<h2 data-section-id=\"1uy40cj\" data-start=\"1071\" data-end=\"1083\">\ud83c\udfa8 Design<\/h2>\n<ul data-start=\"1084\" data-end=\"1256\">\n<li data-section-id=\"mz9pci\" data-start=\"1084\" data-end=\"1151\">Look <strong data-start=\"1091\" data-end=\"1149\">curat, minimalist (gen Adidas Stan Smith \/ Nike Court)<\/strong><\/li>\n<li data-section-id=\"99twq2\" data-start=\"1152\" data-end=\"1187\">De obicei alb sau culori simple<\/li>\n<li data-section-id=\"gq5vuk\" data-start=\"1188\" data-end=\"1256\">Foarte u\u0219or de asortat:\n<ul data-start=\"1216\" data-end=\"1256\">\n<li data-section-id=\"r9ji3\" data-start=\"1216\" data-end=\"1225\">jeans<\/li>\n<li data-section-id=\"1njyu85\" data-start=\"1228\" data-end=\"1239\">trening<\/li>\n<li data-section-id=\"6mad3e\" data-start=\"1242\" data-end=\"1256\">haine casual<\/li>\n<\/ul>\n<\/li>\n<\/ul>","protected":false},"excerpt":{"rendered":"<p>\ud83e\uddf1 Materiale \u0219i construc\u021bie Piele sintetic\u0103 rezistent\u0103 \u00cent\u0103riri moi \u00een zonele importante (pentru confort) Construc\u021bie solid\u0103 pentru uz zilnic \ud83d\udc5f Confort Bran\u021b Memory Foam + EVA termoformat\u2192 se&hellip;<\/p>","protected":false},"featured_media":43730,"template":"","meta":{"_themeisle_gutenberg_block_has_review":false},"product_brand":[370],"product_cat":[321,307,320],"product_tag":[],"class_list":{"0":"post-43727","1":"product","2":"type-product","3":"status-publish","4":"has-post-thumbnail","6":"product_brand-joma","7":"product_cat-adidasi","8":"product_cat-barbati","9":"product_cat-incaltaminte","10":"pa_marime-pantofi-376","11":"pa_marime-pantofi-371","12":"pa_marime-pantofi-377","13":"pa_marime-pantofi-378","14":"pa_marime-pantofi-379","15":"pa_marime-pantofi-380","16":"pa_marime-pantofi-400","18":"first","19":"instock","20":"shipping-taxable","21":"purchasable","22":"product-type-variable"},"_links":{"self":[{"href":"https:\/\/www.joma-orhei.md\/ru\/wp-json\/wp\/v2\/product\/43727","targetHints":{"allow":["GET"]}}],"collection":[{"href":"https:\/\/www.joma-orhei.md\/ru\/wp-json\/wp\/v2\/product"}],"about":[{"href":"https:\/\/www.joma-orhei.md\/ru\/wp-json\/wp\/v2\/types\/product"}],"wp:featuredmedia":[{"embeddable":true,"href":"https:\/\/www.joma-orhei.md\/ru\/wp-json\/wp\/v2\/media\/43730"}],"wp:attachment":[{"href":"https:\/\/www.joma-orhei.md\/ru\/wp-json\/wp\/v2\/media?parent=43727"}],"wp:term":[{"taxonomy":"product_brand","embeddable":true,"href":"https:\/\/www.joma-orhei.md\/ru\/wp-json\/wp\/v2\/product_brand?post=43727"},{"taxonomy":"product_cat","embeddable":true,"href":"https:\/\/www.joma-orhei.md\/ru\/wp-json\/wp\/v2\/product_cat?post=43727"},{"taxonomy":"product_tag","embeddable":true,"href":"https:\/\/www.joma-orhei.md\/ru\/wp-json\/wp\/v2\/product_tag?post=43727"}],"curies":[{"name":"wp","href":"https:\/\/api.w.org\/{rel}","templated":true}]}}