{"id":43701,"date":"2026-03-28T13:10:03","date_gmt":"2026-03-28T11:10:03","guid":{"rendered":"https:\/\/www.joma-orhei.md\/?post_type=product&#038;p=43701"},"modified":"2026-03-28T13:10:04","modified_gmt":"2026-03-28T11:10:04","slug":"c-stadium-lady-2501-black","status":"publish","type":"product","link":"https:\/\/www.joma-orhei.md\/ru\/product\/c-stadium-lady-2501-black\/","title":{"rendered":"C.STADIUM LADY 2501 BLACK"},"content":{"rendered":"<p>Pantofi sport pentru femei. Versatilitatea \u0219i func\u021bionalitatea definesc acest model pentru utilizarea zilnic\u0103. Designul s\u0103u minimalist \u0219i atemporal se combin\u0103 cu orice aspect casual.<\/p>\n<p>Partea superioar\u0103 este realizat\u0103 din piele sintetic\u0103, un material durabil \u0219i u\u0219or de \u00eentre\u021binut care prelunge\u0219te durata de via\u021b\u0103 a produsului. Are mici perfora\u021bii VTS pe partea frontal\u0103, permi\u021b\u00e2nd ventila\u021bia prin transpira\u021bie.<\/p>\n<p>Confort optimizat datorit\u0103 bran\u021bului din SPUM\u0102 MEMORY, realizat din spum\u0103 \u0219i o baz\u0103 EVA termoformat\u0103 care se adapteaz\u0103 corect la pa\u0219i \u0219i \u00eel \u00eenmoaie. Elimin\u0103 umezeala prin perfora\u021biile \u00eencorporate.<\/p>\n<p>Talp\u0103 de cauciuc DURABILITATE de \u00eenalt\u0103 calitate.<\/p>","protected":false},"excerpt":{"rendered":"<p>Pantofi sport pentru femei. Versatilitatea \u0219i func\u021bionalitatea definesc acest model pentru utilizarea zilnic\u0103. Designul s\u0103u minimalist \u0219i atemporal se combin\u0103 cu orice aspect casual. Partea superioar\u0103 este realizat\u0103&hellip;<\/p>","protected":false},"featured_media":43703,"template":"","meta":{"_themeisle_gutenberg_block_has_review":false},"product_brand":[370],"product_cat":[333,308,332],"product_tag":[],"class_list":{"0":"post-43701","1":"product","2":"type-product","3":"status-publish","4":"has-post-thumbnail","6":"product_brand-joma","7":"product_cat-adidasi-incaltaminte-femei","8":"product_cat-femei","9":"product_cat-incaltaminte-femei","10":"pa_marime-pantofi-372","11":"pa_marime-pantofi-373","12":"pa_marime-pantofi-374","13":"pa_marime-pantofi-375","14":"pa_marime-pantofi-376","15":"pa_marime-pantofi-371","17":"first","18":"instock","19":"shipping-taxable","20":"purchasable","21":"product-type-variable"},"_links":{"self":[{"href":"https:\/\/www.joma-orhei.md\/ru\/wp-json\/wp\/v2\/product\/43701","targetHints":{"allow":["GET"]}}],"collection":[{"href":"https:\/\/www.joma-orhei.md\/ru\/wp-json\/wp\/v2\/product"}],"about":[{"href":"https:\/\/www.joma-orhei.md\/ru\/wp-json\/wp\/v2\/types\/product"}],"wp:featuredmedia":[{"embeddable":true,"href":"https:\/\/www.joma-orhei.md\/ru\/wp-json\/wp\/v2\/media\/43703"}],"wp:attachment":[{"href":"https:\/\/www.joma-orhei.md\/ru\/wp-json\/wp\/v2\/media?parent=43701"}],"wp:term":[{"taxonomy":"product_brand","embeddable":true,"href":"https:\/\/www.joma-orhei.md\/ru\/wp-json\/wp\/v2\/product_brand?post=43701"},{"taxonomy":"product_cat","embeddable":true,"href":"https:\/\/www.joma-orhei.md\/ru\/wp-json\/wp\/v2\/product_cat?post=43701"},{"taxonomy":"product_tag","embeddable":true,"href":"https:\/\/www.joma-orhei.md\/ru\/wp-json\/wp\/v2\/product_tag?post=43701"}],"curies":[{"name":"wp","href":"https:\/\/api.w.org\/{rel}","templated":true}]}}