{"id":43683,"date":"2026-03-28T12:52:47","date_gmt":"2026-03-28T10:52:47","guid":{"rendered":"https:\/\/www.joma-orhei.md\/?post_type=product&#038;p=43683"},"modified":"2026-03-28T12:52:47","modified_gmt":"2026-03-28T10:52:47","slug":"c-1992-lady-2526-brown","status":"publish","type":"product","link":"https:\/\/www.joma-orhei.md\/ru\/product\/c-1992-lady-2526-brown\/","title":{"rendered":"C.1992 LADY 2526 BROWN"},"content":{"rendered":"<p>Pantofi sport pentru femei. C.1992 se al\u0103tur\u0103 \u00eenc\u0103l\u021b\u0103mintei sustenabile Joma cu acest design vintage foarte elegant, inspirat de moda clasic\u0103, dar adaptat tendin\u021belor actuale. Perfect pentru orice activitate zilnic\u0103.<\/p>\n<p>Partea superioar\u0103 este realizat\u0103 din plas\u0103 respirabil\u0103 \u0219i piele, o combina\u021bie de materiale care ofer\u0103 evacuarea transpira\u021biei prin sistemul VTS, precum \u0219i durabilitate \u0219i calitate superioar\u0103 datorit\u0103 pielii.<\/p>\n<p>Talp\u0103 intermediar\u0103 realizat\u0103 din filon reciclat, un material u\u0219or, flexibil, cu capacitatea de a absorbi impacturi. Produc\u021bia sa din materiale reciclate face parte din angajamentul Jomei fa\u021b\u0103 de \u00eengrijirea planetei. Are un STABILIS spate pentru a stabiliza pasul.<\/p>\n<p>DURABILITATE talp\u0103 de cauciuc realizat\u0103, de asemenea, din materiale reciclate. U\u0219or \u0219i foarte rezistent la abraziune.<\/p>","protected":false},"excerpt":{"rendered":"<p>Pantofi sport pentru femei. C.1992 se al\u0103tur\u0103 \u00eenc\u0103l\u021b\u0103mintei sustenabile Joma cu acest design vintage foarte elegant, inspirat de moda clasic\u0103, dar adaptat tendin\u021belor actuale. Perfect pentru orice activitate&hellip;<\/p>","protected":false},"featured_media":43684,"template":"","meta":{"_themeisle_gutenberg_block_has_review":false},"product_brand":[370],"product_cat":[333,308,332],"product_tag":[],"class_list":{"0":"post-43683","1":"product","2":"type-product","3":"status-publish","4":"has-post-thumbnail","6":"product_brand-joma","7":"product_cat-adidasi-incaltaminte-femei","8":"product_cat-femei","9":"product_cat-incaltaminte-femei","10":"pa_marime-pantofi-373","11":"pa_marime-pantofi-374","12":"pa_marime-pantofi-375","13":"pa_marime-pantofi-376","15":"first","16":"instock","17":"shipping-taxable","18":"purchasable","19":"product-type-variable"},"_links":{"self":[{"href":"https:\/\/www.joma-orhei.md\/ru\/wp-json\/wp\/v2\/product\/43683","targetHints":{"allow":["GET"]}}],"collection":[{"href":"https:\/\/www.joma-orhei.md\/ru\/wp-json\/wp\/v2\/product"}],"about":[{"href":"https:\/\/www.joma-orhei.md\/ru\/wp-json\/wp\/v2\/types\/product"}],"wp:featuredmedia":[{"embeddable":true,"href":"https:\/\/www.joma-orhei.md\/ru\/wp-json\/wp\/v2\/media\/43684"}],"wp:attachment":[{"href":"https:\/\/www.joma-orhei.md\/ru\/wp-json\/wp\/v2\/media?parent=43683"}],"wp:term":[{"taxonomy":"product_brand","embeddable":true,"href":"https:\/\/www.joma-orhei.md\/ru\/wp-json\/wp\/v2\/product_brand?post=43683"},{"taxonomy":"product_cat","embeddable":true,"href":"https:\/\/www.joma-orhei.md\/ru\/wp-json\/wp\/v2\/product_cat?post=43683"},{"taxonomy":"product_tag","embeddable":true,"href":"https:\/\/www.joma-orhei.md\/ru\/wp-json\/wp\/v2\/product_tag?post=43683"}],"curies":[{"name":"wp","href":"https:\/\/api.w.org\/{rel}","templated":true}]}}