{"id":43674,"date":"2026-03-28T12:48:38","date_gmt":"2026-03-28T10:48:38","guid":{"rendered":"https:\/\/www.joma-orhei.md\/?post_type=product&#038;p=43674"},"modified":"2026-03-28T12:48:38","modified_gmt":"2026-03-28T10:48:38","slug":"rt50-lady-2603-navy-blue","status":"publish","type":"product","link":"https:\/\/www.joma-orhei.md\/ru\/product\/rt50-lady-2603-navy-blue\/","title":{"rendered":"RT50 LADY 2603 NAVY BLUE"},"content":{"rendered":"<p>Pantofi sport pentru femei inspira\u021bi de modele iconice de alergare din anii &#8217;90. Un design cu o atmosfer\u0103 retro care aduce un omagiu unei epoci de aur a sportului, \u00eembin\u00e2nd stilul clasic cu confortul cerut de ritmurile de ast\u0103zi.<\/p>\n<p>Partea superioar\u0103 este realizat\u0103 din plas\u0103 respirabil\u0103 \u0219i piele \u00eentoars\u0103, \u00eempreun\u0103 cu sistemul de ventila\u021bie VTS, care promoveaz\u0103 prospe\u021bimea interioar\u0103 \u0219i asigur\u0103 o senza\u021bie de confort pe tot parcursul zilei.<\/p>\n<p>Talp\u0103 intermediar\u0103 Phylon, un material u\u0219or \u0219i flexibil care absoarbe eficient impacturile, \u0219i talp\u0103 din cauciuc DURABILITATE, conceput\u0103 s\u0103 reziste uzurii \u0219i s\u0103 prelungeasc\u0103 durata de via\u021b\u0103 a pantofului.<\/p>\n<p>Cu acest model, vei g\u0103si un echilibru ideal \u00eentre estetica retro \u0219i tehnologia modern\u0103.<\/p>","protected":false},"excerpt":{"rendered":"<p>Pantofi sport pentru femei inspira\u021bi de modele iconice de alergare din anii &#8217;90. Un design cu o atmosfer\u0103 retro care aduce un omagiu unei epoci de aur a&hellip;<\/p>","protected":false},"featured_media":43681,"template":"","meta":{"_themeisle_gutenberg_block_has_review":false},"product_brand":[370],"product_cat":[333,308,332],"product_tag":[],"class_list":{"0":"post-43674","1":"product","2":"type-product","3":"status-publish","4":"has-post-thumbnail","6":"product_brand-joma","7":"product_cat-adidasi-incaltaminte-femei","8":"product_cat-femei","9":"product_cat-incaltaminte-femei","10":"pa_marime-pantofi-372","11":"pa_marime-pantofi-373","12":"pa_marime-pantofi-374","13":"pa_marime-pantofi-375","14":"pa_marime-pantofi-376","15":"pa_marime-pantofi-371","17":"first","18":"instock","19":"shipping-taxable","20":"purchasable","21":"product-type-variable"},"_links":{"self":[{"href":"https:\/\/www.joma-orhei.md\/ru\/wp-json\/wp\/v2\/product\/43674","targetHints":{"allow":["GET"]}}],"collection":[{"href":"https:\/\/www.joma-orhei.md\/ru\/wp-json\/wp\/v2\/product"}],"about":[{"href":"https:\/\/www.joma-orhei.md\/ru\/wp-json\/wp\/v2\/types\/product"}],"wp:featuredmedia":[{"embeddable":true,"href":"https:\/\/www.joma-orhei.md\/ru\/wp-json\/wp\/v2\/media\/43681"}],"wp:attachment":[{"href":"https:\/\/www.joma-orhei.md\/ru\/wp-json\/wp\/v2\/media?parent=43674"}],"wp:term":[{"taxonomy":"product_brand","embeddable":true,"href":"https:\/\/www.joma-orhei.md\/ru\/wp-json\/wp\/v2\/product_brand?post=43674"},{"taxonomy":"product_cat","embeddable":true,"href":"https:\/\/www.joma-orhei.md\/ru\/wp-json\/wp\/v2\/product_cat?post=43674"},{"taxonomy":"product_tag","embeddable":true,"href":"https:\/\/www.joma-orhei.md\/ru\/wp-json\/wp\/v2\/product_tag?post=43674"}],"curies":[{"name":"wp","href":"https:\/\/api.w.org\/{rel}","templated":true}]}}