{"id":43567,"date":"2026-03-18T12:26:23","date_gmt":"2026-03-18T10:26:23","guid":{"rendered":"https:\/\/www.joma-orhei.md\/?post_type=product&#038;p=43567"},"modified":"2026-03-18T12:26:23","modified_gmt":"2026-03-18T10:26:23","slug":"946-003-navy-polar-neck-pack-12-units","status":"publish","type":"product","link":"https:\/\/www.joma-orhei.md\/ru\/product\/946-003-navy-polar-neck-pack-12-units\/","title":{"rendered":"946.003 -NAVY POLAR NECK PACK 12 UNITS"},"content":{"rendered":"<p>O \u00eenc\u0103lzitoare de g\u00e2t din fleece c\u0103lduroas\u0103 \u0219i moale. Perfect\u0103 at\u00e2t pentru sport, c\u00e2t \u0219i pentru purtare zilnic\u0103. Compozi\u021bie: 100% poliester (fleece).<\/p>","protected":false},"excerpt":{"rendered":"<p>Fular<\/p>","protected":false},"featured_media":43563,"template":"","meta":{"_themeisle_gutenberg_block_has_review":false},"product_brand":[370],"product_cat":[354,360],"product_tag":[],"class_list":{"0":"post-43567","1":"product","2":"type-product","3":"status-publish","4":"has-post-thumbnail","6":"product_brand-joma","7":"product_cat-accesorii","8":"product_cat-caciule","9":"pa_marime-costume-l","11":"first","12":"instock","13":"shipping-taxable","14":"purchasable","15":"product-type-variable"},"_links":{"self":[{"href":"https:\/\/www.joma-orhei.md\/ru\/wp-json\/wp\/v2\/product\/43567","targetHints":{"allow":["GET"]}}],"collection":[{"href":"https:\/\/www.joma-orhei.md\/ru\/wp-json\/wp\/v2\/product"}],"about":[{"href":"https:\/\/www.joma-orhei.md\/ru\/wp-json\/wp\/v2\/types\/product"}],"wp:featuredmedia":[{"embeddable":true,"href":"https:\/\/www.joma-orhei.md\/ru\/wp-json\/wp\/v2\/media\/43563"}],"wp:attachment":[{"href":"https:\/\/www.joma-orhei.md\/ru\/wp-json\/wp\/v2\/media?parent=43567"}],"wp:term":[{"taxonomy":"product_brand","embeddable":true,"href":"https:\/\/www.joma-orhei.md\/ru\/wp-json\/wp\/v2\/product_brand?post=43567"},{"taxonomy":"product_cat","embeddable":true,"href":"https:\/\/www.joma-orhei.md\/ru\/wp-json\/wp\/v2\/product_cat?post=43567"},{"taxonomy":"product_tag","embeddable":true,"href":"https:\/\/www.joma-orhei.md\/ru\/wp-json\/wp\/v2\/product_tag?post=43567"}],"curies":[{"name":"wp","href":"https:\/\/api.w.org\/{rel}","templated":true}]}}