{"id":43556,"date":"2026-03-18T12:12:33","date_gmt":"2026-03-18T10:12:33","guid":{"rendered":"https:\/\/www.joma-orhei.md\/?post_type=product&#038;p=43556"},"modified":"2026-03-23T21:06:14","modified_gmt":"2026-03-23T19:06:14","slug":"401477-601-hunter-goalkeeper-gloves-red-black","status":"publish","type":"product","link":"https:\/\/www.joma-orhei.md\/ru\/product\/401477-601-hunter-goalkeeper-gloves-red-black\/","title":{"rendered":"401477.601 -HUNTER GOALKEEPER GLOVES RED BLACK"},"content":{"rendered":"<div class=\"elementor-element elementor-element-53ab11f elementor-widget elementor-widget-heading\" data-id=\"53ab11f\" data-element_type=\"widget\" data-widget_type=\"heading.default\">\n<div class=\"elementor-widget-container\"><span class=\"elementor-heading-title elementor-size-default\">Descrierea produsului<\/span><\/div>\n<\/div>\n<div class=\"elementor-element elementor-element-29065ae product_d_ro elementor-widget elementor-widget-text-editor\" data-id=\"29065ae\" data-element_type=\"widget\" data-widget_type=\"text-editor.default\">\n<div class=\"elementor-widget-container\">M\u0103nu\u0219i de portar pentru b\u0103ie\u021bi\/fete. Conceput astfel \u00eenc\u00e2t cei mici s\u0103 creasc\u0103 p\u00e2n\u0103 devin cei mai buni la oprirea obiectivelor. Corpul este realizat din material impermeabil cu spum\u0103 interioar\u0103 pentru a ob\u021bine un confort extrem. Palma moale ofer\u0103 o aderen\u021b\u0103 bun\u0103 \u0219i opre\u0219te impacturile. Acoperire de 3 mm. Cu lycra pentru a permite libertate total\u0103 de mi\u0219care. Sunt u\u0219or de pus \u0219i scos datorit\u0103 man\u0219etei elastice \u0219i respirabile. Design personalizat cu detalii imprimate.<\/div>\n<\/div>","protected":false},"excerpt":{"rendered":"<p>M\u0103nu\u0219i de portar pentru b\u0103ie\u021bi\/fete.<\/p>","protected":false},"featured_media":43558,"template":"","meta":{"_themeisle_gutenberg_block_has_review":false},"product_brand":[370],"product_cat":[354,356],"product_tag":[],"class_list":{"0":"post-43556","1":"product","2":"type-product","3":"status-publish","4":"has-post-thumbnail","6":"product_brand-joma","7":"product_cat-accesorii","8":"product_cat-manusi-portar","9":"pa_marime-445","10":"pa_marime-446","12":"first","13":"instock","14":"shipping-taxable","15":"purchasable","16":"product-type-variable"},"_links":{"self":[{"href":"https:\/\/www.joma-orhei.md\/ru\/wp-json\/wp\/v2\/product\/43556","targetHints":{"allow":["GET"]}}],"collection":[{"href":"https:\/\/www.joma-orhei.md\/ru\/wp-json\/wp\/v2\/product"}],"about":[{"href":"https:\/\/www.joma-orhei.md\/ru\/wp-json\/wp\/v2\/types\/product"}],"wp:featuredmedia":[{"embeddable":true,"href":"https:\/\/www.joma-orhei.md\/ru\/wp-json\/wp\/v2\/media\/43558"}],"wp:attachment":[{"href":"https:\/\/www.joma-orhei.md\/ru\/wp-json\/wp\/v2\/media?parent=43556"}],"wp:term":[{"taxonomy":"product_brand","embeddable":true,"href":"https:\/\/www.joma-orhei.md\/ru\/wp-json\/wp\/v2\/product_brand?post=43556"},{"taxonomy":"product_cat","embeddable":true,"href":"https:\/\/www.joma-orhei.md\/ru\/wp-json\/wp\/v2\/product_cat?post=43556"},{"taxonomy":"product_tag","embeddable":true,"href":"https:\/\/www.joma-orhei.md\/ru\/wp-json\/wp\/v2\/product_tag?post=43556"}],"curies":[{"name":"wp","href":"https:\/\/api.w.org\/{rel}","templated":true}]}}