{"id":43542,"date":"2026-03-18T11:45:20","date_gmt":"2026-03-18T09:45:20","guid":{"rendered":"https:\/\/www.joma-orhei.md\/?post_type=product&#038;p=43542"},"modified":"2026-03-23T20:49:07","modified_gmt":"2026-03-23T18:49:07","slug":"401012-106","status":"publish","type":"product","link":"https:\/\/www.joma-orhei.md\/ru\/product\/401012-106\/","title":{"rendered":"401012.106 -TEAM BACKPACK BLACK RED"},"content":{"rendered":"<h2><span dir=\"auto\">Descriere<\/span><\/h2>\n<div class=\"Textcollapse\">\n<p><span dir=\"auto\">Rucsac confec\u021bionat din material ripstop pe partea frontal\u0103. Prezint\u0103 dou\u0103 compartimente principale cu fermoar. De asemenea, are dou\u0103 buzunare exterioare din plas\u0103 pe partea inferioar\u0103, deschise \u00een partea superioar\u0103 cu o margine elastic\u0103, potrivite pentru depozitarea obiectelor sau a unei sticle de ap\u0103. Panoul din spate este c\u0103ptu\u0219it pentru confort.<\/span><\/p>\n<p><span dir=\"auto\">\u00cen ceea ce prive\u0219te interiorul, include un compartiment securizat pentru laptop, buzunare pentru portofel \u0219i alte obiecte \u0219i o sec\u021biune separat\u0103 pentru \u00eenc\u0103l\u021b\u0103minte.<\/span><\/p>\n<p><span dir=\"auto\">Bretelele de um\u0103r sunt reglabile, ceea ce face ca transportul s\u0103 fie mai confortabil.<\/span><\/p>\n<p><span dir=\"auto\">Dimensiuni: 45 cm \u00een\u0103l\u021bime x 29 cm l\u0103\u021bime x 22 cm ad\u00e2ncime.<\/span><\/p>\n<p><span dir=\"auto\">Capacitate: 30 litri.<\/span><\/p>\n<\/div>","protected":false},"excerpt":{"rendered":"<p><span dir=\"auto\">Rucsac confec\u021bionat din material ripstop pe partea frontal\u0103.<\/span><\/p>","protected":false},"featured_media":43544,"template":"","meta":{"_themeisle_gutenberg_block_has_review":false},"product_brand":[370],"product_cat":[354,358],"product_tag":[],"class_list":{"0":"post-43542","1":"product","2":"type-product","3":"status-publish","4":"has-post-thumbnail","6":"product_brand-joma","7":"product_cat-accesorii","8":"product_cat-genti","9":"pa_marime-one-size","11":"first","12":"instock","13":"shipping-taxable","14":"purchasable","15":"product-type-variable"},"_links":{"self":[{"href":"https:\/\/www.joma-orhei.md\/ru\/wp-json\/wp\/v2\/product\/43542","targetHints":{"allow":["GET"]}}],"collection":[{"href":"https:\/\/www.joma-orhei.md\/ru\/wp-json\/wp\/v2\/product"}],"about":[{"href":"https:\/\/www.joma-orhei.md\/ru\/wp-json\/wp\/v2\/types\/product"}],"wp:featuredmedia":[{"embeddable":true,"href":"https:\/\/www.joma-orhei.md\/ru\/wp-json\/wp\/v2\/media\/43544"}],"wp:attachment":[{"href":"https:\/\/www.joma-orhei.md\/ru\/wp-json\/wp\/v2\/media?parent=43542"}],"wp:term":[{"taxonomy":"product_brand","embeddable":true,"href":"https:\/\/www.joma-orhei.md\/ru\/wp-json\/wp\/v2\/product_brand?post=43542"},{"taxonomy":"product_cat","embeddable":true,"href":"https:\/\/www.joma-orhei.md\/ru\/wp-json\/wp\/v2\/product_cat?post=43542"},{"taxonomy":"product_tag","embeddable":true,"href":"https:\/\/www.joma-orhei.md\/ru\/wp-json\/wp\/v2\/product_tag?post=43542"}],"curies":[{"name":"wp","href":"https:\/\/api.w.org\/{rel}","templated":true}]}}