{"id":43538,"date":"2026-03-18T11:41:27","date_gmt":"2026-03-18T09:41:27","guid":{"rendered":"https:\/\/www.joma-orhei.md\/?post_type=product&#038;p=43538"},"modified":"2026-03-18T11:41:27","modified_gmt":"2026-03-18T09:41:27","slug":"400799-200-calcetines-anti-slip-blanco","status":"publish","type":"product","link":"https:\/\/www.joma-orhei.md\/ru\/product\/400799-200-calcetines-anti-slip-blanco\/","title":{"rendered":"400799.200 -CALCETINES ANTI-SLIP BLANCO"},"content":{"rendered":"<div class=\"elementor-element elementor-element-53ab11f elementor-widget elementor-widget-heading\" data-id=\"53ab11f\" data-element_type=\"widget\" data-widget_type=\"heading.default\">\n<div class=\"elementor-widget-container\"><span class=\"elementor-heading-title elementor-size-default\">Descrierea produsului<\/span><\/div>\n<\/div>\n<div class=\"elementor-element elementor-element-29065ae product_d_ro elementor-widget elementor-widget-text-editor\" data-id=\"29065ae\" data-element_type=\"widget\" data-widget_type=\"text-editor.default\">\n<div class=\"elementor-widget-container\">\u0218osete unisex la jum\u0103tatea gambei. Potrivite pentru uz sportiv, deoarece respir\u0103, rezist\u0103 \u0219i previn apari\u021bia veziculelor \u0219i frec\u0103rii pe picior. Aplicatiile de silicon antiderapant de pe talpa le fac perfecte pentru sporturi precum yoga, pilates sau fitness. Fabricat par\u021bial din bumbac moale \u0219i u\u0219or \u0219i nailon, care absoarbe rapid transpira\u021bia. \u00cencorporeaz\u0103 panouri respirabile \u00een partea superioar\u0103 \u0219i \u00eent\u0103rire elastic\u0103 pentru a ob\u021bine o mai mare adaptabilitate. Logo Joma \u00een jacquard.<\/div>\n<\/div>","protected":false},"excerpt":{"rendered":"<p>\u0218osete unisex la jum\u0103tatea gambei.<\/p>","protected":false},"featured_media":43541,"template":"","meta":{"_themeisle_gutenberg_block_has_review":false},"product_brand":[370],"product_cat":[354,361],"product_tag":[],"class_list":{"0":"post-43538","1":"product","2":"type-product","3":"status-publish","4":"has-post-thumbnail","6":"product_brand-joma","7":"product_cat-accesorii","8":"product_cat-ciorapi","9":"pa_marime-pantofi-375","10":"pa_marime-pantofi-377","12":"first","13":"instock","14":"shipping-taxable","15":"purchasable","16":"product-type-variable"},"_links":{"self":[{"href":"https:\/\/www.joma-orhei.md\/ru\/wp-json\/wp\/v2\/product\/43538","targetHints":{"allow":["GET"]}}],"collection":[{"href":"https:\/\/www.joma-orhei.md\/ru\/wp-json\/wp\/v2\/product"}],"about":[{"href":"https:\/\/www.joma-orhei.md\/ru\/wp-json\/wp\/v2\/types\/product"}],"wp:featuredmedia":[{"embeddable":true,"href":"https:\/\/www.joma-orhei.md\/ru\/wp-json\/wp\/v2\/media\/43541"}],"wp:attachment":[{"href":"https:\/\/www.joma-orhei.md\/ru\/wp-json\/wp\/v2\/media?parent=43538"}],"wp:term":[{"taxonomy":"product_brand","embeddable":true,"href":"https:\/\/www.joma-orhei.md\/ru\/wp-json\/wp\/v2\/product_brand?post=43538"},{"taxonomy":"product_cat","embeddable":true,"href":"https:\/\/www.joma-orhei.md\/ru\/wp-json\/wp\/v2\/product_cat?post=43538"},{"taxonomy":"product_tag","embeddable":true,"href":"https:\/\/www.joma-orhei.md\/ru\/wp-json\/wp\/v2\/product_tag?post=43538"}],"curies":[{"name":"wp","href":"https:\/\/api.w.org\/{rel}","templated":true}]}}