{"id":43523,"date":"2026-03-18T11:28:16","date_gmt":"2026-03-18T09:28:16","guid":{"rendered":"https:\/\/www.joma-orhei.md\/?post_type=product&#038;p=43523"},"modified":"2026-03-23T20:40:01","modified_gmt":"2026-03-23T18:40:01","slug":"400646-200-fifa-pro-gioco-ii-ball-white","status":"publish","type":"product","link":"https:\/\/www.joma-orhei.md\/ru\/product\/400646-200-fifa-pro-gioco-ii-ball-white\/","title":{"rendered":"400646.200 -FIFA PRO GIOCO II BALL WHITE"},"content":{"rendered":"<div class=\"elementor-element elementor-element-53ab11f elementor-widget elementor-widget-heading\" data-id=\"53ab11f\" data-element_type=\"widget\" data-widget_type=\"heading.default\">\n<div class=\"elementor-widget-container\"><span class=\"elementor-heading-title elementor-size-default\">Descrierea produsului<\/span><\/div>\n<\/div>\n<div class=\"elementor-element elementor-element-29065ae product_d_ro elementor-widget elementor-widget-text-editor\" data-id=\"29065ae\" data-element_type=\"widget\" data-widget_type=\"text-editor.default\">\n<div class=\"elementor-widget-container\">Minge de fotbal hibrid\u0103 potrivit\u0103 pentru terenuri cu zgur\u0103, gazon artificial \u0219i iarb\u0103. Sigiliu FIFA QUALITY PRO.<\/div>\n<\/div>","protected":false},"excerpt":{"rendered":"<p>Minge de fotbal<\/p>","protected":false},"featured_media":43526,"template":"","meta":{"_themeisle_gutenberg_block_has_review":false},"product_brand":[370],"product_cat":[354,355],"product_tag":[],"class_list":{"0":"post-43523","1":"product","2":"type-product","3":"status-publish","4":"has-post-thumbnail","6":"product_brand-joma","7":"product_cat-accesorii","8":"product_cat-mingi","9":"pa_marime-t5","11":"first","12":"instock","13":"shipping-taxable","14":"purchasable","15":"product-type-variable"},"_links":{"self":[{"href":"https:\/\/www.joma-orhei.md\/ru\/wp-json\/wp\/v2\/product\/43523","targetHints":{"allow":["GET"]}}],"collection":[{"href":"https:\/\/www.joma-orhei.md\/ru\/wp-json\/wp\/v2\/product"}],"about":[{"href":"https:\/\/www.joma-orhei.md\/ru\/wp-json\/wp\/v2\/types\/product"}],"wp:featuredmedia":[{"embeddable":true,"href":"https:\/\/www.joma-orhei.md\/ru\/wp-json\/wp\/v2\/media\/43526"}],"wp:attachment":[{"href":"https:\/\/www.joma-orhei.md\/ru\/wp-json\/wp\/v2\/media?parent=43523"}],"wp:term":[{"taxonomy":"product_brand","embeddable":true,"href":"https:\/\/www.joma-orhei.md\/ru\/wp-json\/wp\/v2\/product_brand?post=43523"},{"taxonomy":"product_cat","embeddable":true,"href":"https:\/\/www.joma-orhei.md\/ru\/wp-json\/wp\/v2\/product_cat?post=43523"},{"taxonomy":"product_tag","embeddable":true,"href":"https:\/\/www.joma-orhei.md\/ru\/wp-json\/wp\/v2\/product_tag?post=43523"}],"curies":[{"name":"wp","href":"https:\/\/api.w.org\/{rel}","templated":true}]}}