{"id":43506,"date":"2026-03-18T11:14:55","date_gmt":"2026-03-18T09:14:55","guid":{"rendered":"https:\/\/www.joma-orhei.md\/?post_type=product&#038;p=43506"},"modified":"2026-03-23T20:43:31","modified_gmt":"2026-03-23T18:43:31","slug":"400360-280-hat-melange","status":"publish","type":"product","link":"https:\/\/www.joma-orhei.md\/ru\/product\/400360-280-hat-melange\/","title":{"rendered":"400360.280 -HAT MELANGE"},"content":{"rendered":"<p>C\u0103ciul\u0103 c\u0103lduroas\u0103 cu tiv \u00eentors \u0219i logo brodat.<\/p>","protected":false},"excerpt":{"rendered":"<p>Caciuli de iarna<\/p>","protected":false},"featured_media":43507,"template":"","meta":{"_themeisle_gutenberg_block_has_review":false},"product_brand":[370],"product_cat":[354,360],"product_tag":[],"class_list":{"0":"post-43506","1":"product","2":"type-product","3":"status-publish","4":"has-post-thumbnail","6":"product_brand-joma","7":"product_cat-accesorii","8":"product_cat-caciule","9":"pa_marime-jr","10":"pa_marime-sr","12":"first","13":"instock","14":"shipping-taxable","15":"purchasable","16":"product-type-variable"},"_links":{"self":[{"href":"https:\/\/www.joma-orhei.md\/ru\/wp-json\/wp\/v2\/product\/43506","targetHints":{"allow":["GET"]}}],"collection":[{"href":"https:\/\/www.joma-orhei.md\/ru\/wp-json\/wp\/v2\/product"}],"about":[{"href":"https:\/\/www.joma-orhei.md\/ru\/wp-json\/wp\/v2\/types\/product"}],"wp:featuredmedia":[{"embeddable":true,"href":"https:\/\/www.joma-orhei.md\/ru\/wp-json\/wp\/v2\/media\/43507"}],"wp:attachment":[{"href":"https:\/\/www.joma-orhei.md\/ru\/wp-json\/wp\/v2\/media?parent=43506"}],"wp:term":[{"taxonomy":"product_brand","embeddable":true,"href":"https:\/\/www.joma-orhei.md\/ru\/wp-json\/wp\/v2\/product_brand?post=43506"},{"taxonomy":"product_cat","embeddable":true,"href":"https:\/\/www.joma-orhei.md\/ru\/wp-json\/wp\/v2\/product_cat?post=43506"},{"taxonomy":"product_tag","embeddable":true,"href":"https:\/\/www.joma-orhei.md\/ru\/wp-json\/wp\/v2\/product_tag?post=43506"}],"curies":[{"name":"wp","href":"https:\/\/api.w.org\/{rel}","templated":true}]}}