{"id":43478,"date":"2026-03-18T08:01:30","date_gmt":"2026-03-18T06:01:30","guid":{"rendered":"https:\/\/www.joma-orhei.md\/?post_type=product&#038;p=43478"},"modified":"2026-03-18T08:01:30","modified_gmt":"2026-03-18T06:01:30","slug":"400032-p02-large-sock-white","status":"publish","type":"product","link":"https:\/\/www.joma-orhei.md\/ru\/product\/400032-p02-large-sock-white\/","title":{"rendered":"400032.P02 -LARGE SOCK WHITE"},"content":{"rendered":"<div class=\"elementor-element elementor-element-53ab11f elementor-widget elementor-widget-heading\" data-id=\"53ab11f\" data-element_type=\"widget\" data-widget_type=\"heading.default\">\n<div class=\"elementor-widget-container\"><span class=\"elementor-heading-title elementor-size-default\">Descrierea produsului<\/span><\/div>\n<\/div>\n<div class=\"elementor-element elementor-element-29065ae product_d_ro elementor-widget elementor-widget-text-editor\" data-id=\"29065ae\" data-element_type=\"widget\" data-widget_type=\"text-editor.default\">\n<div class=\"elementor-widget-container\">\u0218oset\u0103 \u00eenalt\u0103 cu o \u00een\u0103l\u021bime a arborelui de 17 cm. Talp\u0103 interioar\u0103 ondulat\u0103, v\u00e2rf \u0219i c\u0103lc\u00e2i.<\/div>\n<\/div>","protected":false},"excerpt":{"rendered":"<p>\u0218osete.<\/p>","protected":false},"featured_media":43479,"template":"","meta":{"_themeisle_gutenberg_block_has_review":false},"product_brand":[370],"product_cat":[354,361],"product_tag":[],"class_list":{"0":"post-43478","1":"product","2":"type-product","3":"status-publish","4":"has-post-thumbnail","6":"product_brand-joma","7":"product_cat-accesorii","8":"product_cat-ciorapi","9":"pa_marime-pantofi-398","10":"pa_marime-pantofi-374","11":"pa_marime-pantofi-375","12":"pa_marime-pantofi-377","13":"pa_marime-pantofi-378","14":"pa_marime-pantofi-400","16":"first","17":"instock","18":"shipping-taxable","19":"purchasable","20":"product-type-variable"},"_links":{"self":[{"href":"https:\/\/www.joma-orhei.md\/ru\/wp-json\/wp\/v2\/product\/43478","targetHints":{"allow":["GET"]}}],"collection":[{"href":"https:\/\/www.joma-orhei.md\/ru\/wp-json\/wp\/v2\/product"}],"about":[{"href":"https:\/\/www.joma-orhei.md\/ru\/wp-json\/wp\/v2\/types\/product"}],"wp:featuredmedia":[{"embeddable":true,"href":"https:\/\/www.joma-orhei.md\/ru\/wp-json\/wp\/v2\/media\/43479"}],"wp:attachment":[{"href":"https:\/\/www.joma-orhei.md\/ru\/wp-json\/wp\/v2\/media?parent=43478"}],"wp:term":[{"taxonomy":"product_brand","embeddable":true,"href":"https:\/\/www.joma-orhei.md\/ru\/wp-json\/wp\/v2\/product_brand?post=43478"},{"taxonomy":"product_cat","embeddable":true,"href":"https:\/\/www.joma-orhei.md\/ru\/wp-json\/wp\/v2\/product_cat?post=43478"},{"taxonomy":"product_tag","embeddable":true,"href":"https:\/\/www.joma-orhei.md\/ru\/wp-json\/wp\/v2\/product_tag?post=43478"}],"curies":[{"name":"wp","href":"https:\/\/api.w.org\/{rel}","templated":true}]}}