{"id":43443,"date":"2026-03-17T22:09:51","date_gmt":"2026-03-17T20:09:51","guid":{"rendered":"https:\/\/www.joma-orhei.md\/?post_type=product&#038;p=43443"},"modified":"2026-03-18T12:42:29","modified_gmt":"2026-03-18T10:42:29","slug":"800162-100-organic-sport-bra-black","status":"publish","type":"product","link":"https:\/\/www.joma-orhei.md\/ru\/product\/800162-100-organic-sport-bra-black\/","title":{"rendered":"800162.100 -ORGANIC SPORT BRA BLACK"},"content":{"rendered":"<h2><span dir=\"auto\">Descriere<\/span><\/h2>\n<div class=\"Textcollapse\">\n<p><span dir=\"auto\">Top de yoga. Acesta este un sutien sport cu sus\u021binere medie, conceput pentru sporturi cu impact mediu. \u00cel po\u021bi purta la sesiuni de yoga u\u0219oare, deoarece ofer\u0103 confort, adaptabilitate f\u0103r\u0103 a comprima pieptul \u0219i libertate de mi\u0219care. Fabricat din bumbac organic, un material ecologic produs printr-un proces sustenabil.<\/span><\/p>\n<p><span dir=\"auto\">Acest sutien sport are bretele late \u0219i un decolteu rotund pentru o libertate sporit\u0103 de mi\u0219care, cu un finisaj elastic care se adapteaz\u0103 corpului. Partea de la subra\u021b este, de asemenea, ajustabil\u0103 cu o band\u0103 elastic\u0103. Designul cu spatele deschis elibereaz\u0103 omopla\u021bii pentru o libertate complet\u0103 de mi\u0219care. \u00cen plus, spatele deschis permite ventila\u021bia, elimin\u00e2nd transpira\u021bia \u00een zona unde aceasta tinde s\u0103 se acumuleze. Acest lucru men\u021bine pielea r\u0103coroas\u0103 \u0219i uscat\u0103 \u00een permanen\u021b\u0103.<\/span><\/p>\n<p><span dir=\"auto\">Este confec\u021bionat dintr-un material tricotat elastic care se muleaz\u0103 pe corpul atletului ca o a doua piele, dar f\u0103r\u0103 a fi prea str\u00e2mt. Bumbacul organic este un material ecologic fabricat f\u0103r\u0103 pesticide sau substan\u021be toxice, fiind benefic pentru mediu \u0219i pentru s\u0103n\u0103tatea atletului. Printre propriet\u0103\u021bile sale cheie se num\u0103r\u0103 moliciunea, confortul \u0219i respirabilitatea.<\/span><\/p>\n<p><span dir=\"auto\">Designul s\u0103u sportiv este \u00eenso\u021bit de logo-ul Joma imprimat cu densitate mare, situat pe spate.<\/span><\/p>\n<\/div>","protected":false},"excerpt":{"rendered":"<p><span dir=\"auto\">Top de yoga.<\/span><\/p>","protected":false},"featured_media":43444,"template":"","meta":{"_themeisle_gutenberg_block_has_review":false},"product_brand":[370],"product_cat":[308,397,327],"product_tag":[],"class_list":{"0":"post-43443","1":"product","2":"type-product","3":"status-publish","4":"has-post-thumbnail","6":"product_brand-joma","7":"product_cat-femei","8":"product_cat-fitness","9":"product_cat-imbracaminte-femei","10":"pa_marime-costume-m","11":"pa_marime-costume-s","13":"first","14":"instock","15":"shipping-taxable","16":"purchasable","17":"product-type-variable"},"_links":{"self":[{"href":"https:\/\/www.joma-orhei.md\/ru\/wp-json\/wp\/v2\/product\/43443","targetHints":{"allow":["GET"]}}],"collection":[{"href":"https:\/\/www.joma-orhei.md\/ru\/wp-json\/wp\/v2\/product"}],"about":[{"href":"https:\/\/www.joma-orhei.md\/ru\/wp-json\/wp\/v2\/types\/product"}],"wp:featuredmedia":[{"embeddable":true,"href":"https:\/\/www.joma-orhei.md\/ru\/wp-json\/wp\/v2\/media\/43444"}],"wp:attachment":[{"href":"https:\/\/www.joma-orhei.md\/ru\/wp-json\/wp\/v2\/media?parent=43443"}],"wp:term":[{"taxonomy":"product_brand","embeddable":true,"href":"https:\/\/www.joma-orhei.md\/ru\/wp-json\/wp\/v2\/product_brand?post=43443"},{"taxonomy":"product_cat","embeddable":true,"href":"https:\/\/www.joma-orhei.md\/ru\/wp-json\/wp\/v2\/product_cat?post=43443"},{"taxonomy":"product_tag","embeddable":true,"href":"https:\/\/www.joma-orhei.md\/ru\/wp-json\/wp\/v2\/product_tag?post=43443"}],"curies":[{"name":"wp","href":"https:\/\/api.w.org\/{rel}","templated":true}]}}