{"id":43427,"date":"2026-03-17T21:40:17","date_gmt":"2026-03-17T19:40:17","guid":{"rendered":"https:\/\/www.joma-orhei.md\/?post_type=product&#038;p=43427"},"modified":"2026-03-23T20:52:30","modified_gmt":"2026-03-23T18:52:30","slug":"400245-p01-white-wristband","status":"publish","type":"product","link":"https:\/\/www.joma-orhei.md\/ru\/product\/400245-p01-white-wristband\/","title":{"rendered":"400245.P01 -WHITE WRISTBAND"},"content":{"rendered":"<div class=\"Y3BBE\" data-sfc-cp=\"\" data-sfc-cb=\"\" data-hveid=\"CAEIAhAA\" data-complete=\"true\" data-processed=\"true\"><strong class=\"Yjhzub\" data-sfc-cb=\"\" data-complete=\"true\" data-processed=\"true\">Man\u0219et\u0103 Sport Joma Wristband \u2013 Confort \u0219i Absorb\u021bie Maxim\u0103<\/strong><\/div>\n<div class=\"Y3BBE\" data-sfc-cp=\"\" data-sfc-cb=\"\" data-hveid=\"CAEIAxAA\" data-complete=\"true\" data-processed=\"true\">R\u0103m\u00e2ne\u021bi concentrat pe joc cu man\u0219eta sport\u00a0<strong class=\"Yjhzub\" data-sfc-cb=\"\" data-complete=\"true\" data-processed=\"true\">Joma .<\/strong>\u00a0Fabricat\u0103 dintr-un amestec de materiale elastice \u0219i respirabile, aceasta asigur\u0103 o\u00a0<strong class=\"Yjhzub\" data-sfc-cb=\"\" data-complete=\"true\" data-processed=\"true\">absorb\u021bie rapid\u0103 a transpira\u021biei<\/strong>, men\u021bin\u00e2nd palmele uscate \u00een timpul celor mai intense antrenamente de tenis, padel sau fitness.<\/div>\n<ul class=\"KsbFXc U6u95\" data-sfc-cb=\"\" data-complete=\"true\" data-processed=\"true\">\n<li class=\"dF3vjf\" data-sfc-cb=\"\" data-hveid=\"CAEIBBAA\" data-complete=\"true\" data-sae=\"\"><span class=\"T286Pc\" data-sfc-cp=\"\" data-sfc-cb=\"\" data-complete=\"true\"><strong class=\"Yjhzub\" data-sfc-cb=\"\" data-complete=\"true\">Design ergonomic:<\/strong>\u00a0Se muleaz\u0103 perfect pe \u00eencheietur\u0103 f\u0103r\u0103 s\u0103 alunece.<\/span><\/li>\n<li class=\"dF3vjf\" data-sfc-cb=\"\" data-hveid=\"CAEIBBAB\" data-complete=\"true\" data-sae=\"\"><span class=\"T286Pc\" data-sfc-cp=\"\" data-sfc-cb=\"\" data-complete=\"true\"><strong class=\"Yjhzub\" data-sfc-cb=\"\" data-complete=\"true\">Material premium:<\/strong>\u00a0Amestec durabil de poliester \u0219i elastodien\u0103 pentru o elasticitate de lung\u0103 durat\u0103.<\/span><\/li>\n<li class=\"dF3vjf\" data-sfc-cb=\"\" data-hveid=\"CAEIBBAC\" data-complete=\"true\" data-sae=\"\"><span class=\"T286Pc\" data-sfc-cp=\"\" data-sfc-cb=\"\" data-complete=\"true\"><strong class=\"Yjhzub\" data-sfc-cb=\"\" data-complete=\"true\">Stil minimalist:<\/strong>\u00a0Culoare alb\u0103 clasic\u0103, personalizat\u0103 cu logo-ul Joma brodat.<\/span><\/li>\n<li class=\"dF3vjf\" data-sfc-cb=\"\" data-hveid=\"CAEIBBAD\" data-complete=\"true\" data-sae=\"\"><span class=\"T286Pc\" data-sfc-cp=\"\" data-sfc-cb=\"\" data-complete=\"true\" aria-owns=\"action-menu-parent-container\"><strong class=\"Yjhzub\" data-sfc-cb=\"\" data-complete=\"true\">Utilizare versatil\u0103:<\/strong>\u00a0Ideal\u0103 pentru orice activitate sportiv\u0103 care necesit\u0103 o priz\u0103 sigur\u0103 \u0219i confort termic.<\/span><\/li>\n<\/ul>","protected":false},"excerpt":{"rendered":"<p><strong class=\"Yjhzub\" data-sfc-cb=\"\" data-complete=\"true\" data-processed=\"true\">Man\u0219et\u0103 Sport Joma Wristband<\/strong><\/p>","protected":false},"featured_media":43430,"template":"","meta":{"_themeisle_gutenberg_block_has_review":false},"product_brand":[370],"product_cat":[354],"product_tag":[],"class_list":{"0":"post-43427","1":"product","2":"type-product","3":"status-publish","4":"has-post-thumbnail","6":"product_brand-joma","7":"product_cat-accesorii","8":"pa_marime-one-size","10":"first","11":"instock","12":"shipping-taxable","13":"purchasable","14":"product-type-variable"},"_links":{"self":[{"href":"https:\/\/www.joma-orhei.md\/ru\/wp-json\/wp\/v2\/product\/43427","targetHints":{"allow":["GET"]}}],"collection":[{"href":"https:\/\/www.joma-orhei.md\/ru\/wp-json\/wp\/v2\/product"}],"about":[{"href":"https:\/\/www.joma-orhei.md\/ru\/wp-json\/wp\/v2\/types\/product"}],"wp:featuredmedia":[{"embeddable":true,"href":"https:\/\/www.joma-orhei.md\/ru\/wp-json\/wp\/v2\/media\/43430"}],"wp:attachment":[{"href":"https:\/\/www.joma-orhei.md\/ru\/wp-json\/wp\/v2\/media?parent=43427"}],"wp:term":[{"taxonomy":"product_brand","embeddable":true,"href":"https:\/\/www.joma-orhei.md\/ru\/wp-json\/wp\/v2\/product_brand?post=43427"},{"taxonomy":"product_cat","embeddable":true,"href":"https:\/\/www.joma-orhei.md\/ru\/wp-json\/wp\/v2\/product_cat?post=43427"},{"taxonomy":"product_tag","embeddable":true,"href":"https:\/\/www.joma-orhei.md\/ru\/wp-json\/wp\/v2\/product_tag?post=43427"}],"curies":[{"name":"wp","href":"https:\/\/api.w.org\/{rel}","templated":true}]}}