{"id":43417,"date":"2026-03-17T21:25:08","date_gmt":"2026-03-17T19:25:08","guid":{"rendered":"https:\/\/www.joma-orhei.md\/?post_type=product&#038;p=43417"},"modified":"2026-03-17T21:32:31","modified_gmt":"2026-03-17T19:32:31","slug":"400175-100-kneepatch-black-pack-2","status":"publish","type":"product","link":"https:\/\/www.joma-orhei.md\/ru\/product\/400175-100-kneepatch-black-pack-2\/","title":{"rendered":"400175.100 -KNEEPATCH BLACK PACK 2"},"content":{"rendered":"<div class=\"Y3BBE\" data-sfc-cp=\"\" data-sfc-cb=\"\" data-hveid=\"CAEIAhAA\" data-complete=\"true\" data-processed=\"true\"><strong class=\"Yjhzub\" data-sfc-cb=\"\" data-complete=\"true\" data-processed=\"true\">Genunchiere Joma\u00a0<\/strong><\/div>\n<div class=\"Y3BBE\" data-sfc-cp=\"\" data-sfc-cb=\"\" data-hveid=\"CAEIAxAA\" data-complete=\"true\" data-processed=\"true\">Protejeaz\u0103-\u021bi articula\u021biile \u0219i maximizeaz\u0103 performan\u021ba pe teren cu genunchierele profesionale\u00a0<strong class=\"Yjhzub\" data-sfc-cb=\"\" data-complete=\"true\" data-processed=\"true\">Joma Kneepatch Jump<\/strong>. Concepute special pentru sporturi de impact precum voleiul sau futsalul, acestea ofer\u0103 o combina\u021bie ideal\u0103 \u00eentre siguran\u021b\u0103 \u0219i mobilitate.<button class=\"rBl3me\" tabindex=\"0\" data-amic=\"true\" data-icl-uuid=\"1ca72edf-5b04-4dac-b7d9-44bbe3f4b8fd\" aria-label=\"Vezi linkuri conexe\" data-wiz-attrbind=\"disabled=pdqDEd_l\/C5gNJc;aria-label=pdqDEd_l\/bOjMyf;class=pdqDEd_l\/UpSNec\" data-ved=\"2ahUKEwixvsmR1qeTAxUCQ_EDHUobF1wQye0OegYIAQgDEAE\" data-hveid=\"CAEIAxAB\"><\/button><\/div>\n<ul class=\"KsbFXc U6u95\" data-sfc-cb=\"\" data-complete=\"true\" data-processed=\"true\">\n<li class=\"dF3vjf\" data-sfc-cb=\"\" data-hveid=\"CAEIBBAA\" data-complete=\"true\" data-sae=\"\"><span class=\"T286Pc\" data-sfc-cp=\"\" data-sfc-cb=\"\" data-complete=\"true\"><strong class=\"Yjhzub\" data-sfc-cb=\"\" data-complete=\"true\">Protec\u021bie Avansat\u0103:<\/strong>\u00a0Umplutur\u0103 frontal\u0103 dens\u0103 pentru absorb\u021bia eficient\u0103 a \u0219ocurilor.<\/span><\/li>\n<li class=\"dF3vjf\" data-sfc-cb=\"\" data-hveid=\"CAEIBBAB\" data-complete=\"true\" data-sae=\"\"><span class=\"T286Pc\" data-sfc-cp=\"\" data-sfc-cb=\"\" data-complete=\"true\"><strong class=\"Yjhzub\" data-sfc-cb=\"\" data-complete=\"true\">Confort Maxim:<\/strong>\u00a0Material tricotat articulat care permite pielii s\u0103 respire \u0219i ofer\u0103 libertate total\u0103 de mi\u0219care.<\/span><\/li>\n<li class=\"dF3vjf\" data-sfc-cb=\"\" data-hveid=\"CAEIBBAC\" data-complete=\"true\" data-sae=\"\"><span class=\"T286Pc\" data-sfc-cp=\"\" data-sfc-cb=\"\" data-complete=\"true\"><strong class=\"Yjhzub\" data-sfc-cb=\"\" data-complete=\"true\">Fixare Sigur\u0103:<\/strong>\u00a0Design ergonomic cu deschidere posterioar\u0103 \u0219i benzi anti-alunecare pentru a preveni deplasarea \u00een timpul efortului.<\/span><\/li>\n<li class=\"dF3vjf\" data-sfc-cb=\"\" data-hveid=\"CAEIBBAD\" data-complete=\"true\" data-sae=\"\"><span class=\"T286Pc\" data-sfc-cp=\"\" data-sfc-cb=\"\" data-complete=\"true\"><strong class=\"Yjhzub\" data-sfc-cb=\"\" data-complete=\"true\">Durabilitate:<\/strong>\u00a0Construc\u021bie rezistent\u0103, ideal\u0103 pentru antrenamente intense \u0219i competi\u021bii.<\/span><button class=\"rBl3me\" tabindex=\"0\" data-amic=\"true\" data-icl-uuid=\"d8791958-73af-48f2-a7b1-1620ddebf4d4\" aria-label=\"Vezi linkuri conexe\" data-wiz-attrbind=\"disabled=pdqDEd_11\/C5gNJc;aria-label=pdqDEd_11\/bOjMyf;class=pdqDEd_11\/UpSNec\" data-ved=\"2ahUKEwixvsmR1qeTAxUCQ_EDHUobF1wQye0OegYIAQgEEAQ\" data-hveid=\"CAEIBBAE\"><\/button><\/li>\n<\/ul>","protected":false},"excerpt":{"rendered":"<p><strong class=\"Yjhzub\" data-sfc-cb=\"\" data-complete=\"true\" data-processed=\"true\">Genunchiere Joma <\/strong><\/p>","protected":false},"featured_media":43422,"template":"","meta":{"_themeisle_gutenberg_block_has_review":false},"product_brand":[370],"product_cat":[354,357],"product_tag":[],"class_list":{"0":"post-43417","1":"product","2":"type-product","3":"status-publish","4":"has-post-thumbnail","6":"product_brand-joma","7":"product_cat-accesorii","8":"product_cat-aparatori","9":"pa_marime-costume-m","10":"pa_marime-costume-s","12":"first","13":"instock","14":"shipping-taxable","15":"purchasable","16":"product-type-variable"},"_links":{"self":[{"href":"https:\/\/www.joma-orhei.md\/ru\/wp-json\/wp\/v2\/product\/43417","targetHints":{"allow":["GET"]}}],"collection":[{"href":"https:\/\/www.joma-orhei.md\/ru\/wp-json\/wp\/v2\/product"}],"about":[{"href":"https:\/\/www.joma-orhei.md\/ru\/wp-json\/wp\/v2\/types\/product"}],"wp:featuredmedia":[{"embeddable":true,"href":"https:\/\/www.joma-orhei.md\/ru\/wp-json\/wp\/v2\/media\/43422"}],"wp:attachment":[{"href":"https:\/\/www.joma-orhei.md\/ru\/wp-json\/wp\/v2\/media?parent=43417"}],"wp:term":[{"taxonomy":"product_brand","embeddable":true,"href":"https:\/\/www.joma-orhei.md\/ru\/wp-json\/wp\/v2\/product_brand?post=43417"},{"taxonomy":"product_cat","embeddable":true,"href":"https:\/\/www.joma-orhei.md\/ru\/wp-json\/wp\/v2\/product_cat?post=43417"},{"taxonomy":"product_tag","embeddable":true,"href":"https:\/\/www.joma-orhei.md\/ru\/wp-json\/wp\/v2\/product_tag?post=43417"}],"curies":[{"name":"wp","href":"https:\/\/api.w.org\/{rel}","templated":true}]}}