{"id":43252,"date":"2026-03-17T12:34:45","date_gmt":"2026-03-17T10:34:45","guid":{"rendered":"https:\/\/www.joma-orhei.md\/?post_type=product&#038;p=43252"},"modified":"2026-03-17T12:34:45","modified_gmt":"2026-03-17T10:34:45","slug":"103741-100-olimpiada-long-pants-black","status":"publish","type":"product","link":"https:\/\/www.joma-orhei.md\/ru\/product\/103741-100-olimpiada-long-pants-black\/","title":{"rendered":"103741.100 -OLIMPIADA LONG PANTS BLACK"},"content":{"rendered":"<p>Pantalonii de trening Olimpiada de la Joma sunt alegerea perfect\u0103 pentru cei care caut\u0103 confort \u0219i func\u021bionalitate \u00een timpul oric\u0103rei activit\u0103\u021bi sportive. Ace\u0219ti pantaloni lungi sunt confec\u021biona\u021bi dintr-un material confortabil \u0219i durabil, ceea ce \u00eei face versatili \u0219i func\u021bionali.<\/p>","protected":false},"excerpt":{"rendered":"<p>Pantalonii de trening Olimpiada<\/p>","protected":false},"featured_media":43256,"template":"","meta":{"_themeisle_gutenberg_block_has_review":false},"product_brand":[370],"product_cat":[307,309,315],"product_tag":[],"class_list":{"0":"post-43252","1":"product","2":"type-product","3":"status-publish","4":"has-post-thumbnail","6":"product_brand-joma","7":"product_cat-barbati","8":"product_cat-imbracaminte","9":"product_cat-pantaloni","10":"pa_marime-costume-l","11":"pa_marime-costume-m","12":"pa_marime-costume-xl","14":"first","15":"instock","16":"shipping-taxable","17":"purchasable","18":"product-type-variable"},"_links":{"self":[{"href":"https:\/\/www.joma-orhei.md\/ru\/wp-json\/wp\/v2\/product\/43252","targetHints":{"allow":["GET"]}}],"collection":[{"href":"https:\/\/www.joma-orhei.md\/ru\/wp-json\/wp\/v2\/product"}],"about":[{"href":"https:\/\/www.joma-orhei.md\/ru\/wp-json\/wp\/v2\/types\/product"}],"wp:featuredmedia":[{"embeddable":true,"href":"https:\/\/www.joma-orhei.md\/ru\/wp-json\/wp\/v2\/media\/43256"}],"wp:attachment":[{"href":"https:\/\/www.joma-orhei.md\/ru\/wp-json\/wp\/v2\/media?parent=43252"}],"wp:term":[{"taxonomy":"product_brand","embeddable":true,"href":"https:\/\/www.joma-orhei.md\/ru\/wp-json\/wp\/v2\/product_brand?post=43252"},{"taxonomy":"product_cat","embeddable":true,"href":"https:\/\/www.joma-orhei.md\/ru\/wp-json\/wp\/v2\/product_cat?post=43252"},{"taxonomy":"product_tag","embeddable":true,"href":"https:\/\/www.joma-orhei.md\/ru\/wp-json\/wp\/v2\/product_tag?post=43252"}],"curies":[{"name":"wp","href":"https:\/\/api.w.org\/{rel}","templated":true}]}}