{"id":43248,"date":"2026-03-17T12:28:43","date_gmt":"2026-03-17T10:28:43","guid":{"rendered":"https:\/\/www.joma-orhei.md\/?post_type=product&#038;p=43248"},"modified":"2026-03-17T12:28:43","modified_gmt":"2026-03-17T10:28:43","slug":"103734-601-victory-set-red-black","status":"publish","type":"product","link":"https:\/\/www.joma-orhei.md\/ru\/product\/103734-601-victory-set-red-black\/","title":{"rendered":"103734.601 -VICTORY SET RED BLACK"},"content":{"rendered":"<h2><span dir=\"auto\">Descriere<\/span><\/h2>\n<div class=\"Textcollapse\">\n<p><span dir=\"auto\">Set sport pentru b\u0103rba\u021bi. Model de antrenament \u0219i joc pentru fotbal. Este u\u0219or, confortabil, respirabil \u0219i ofer\u0103 o libertate excelent\u0103 de mi\u0219care.<\/span><\/p>\n<p><span dir=\"auto\">Este un set compus dintr-un tricou cu m\u00e2nec\u0103 scurt\u0103 \u0219i pantaloni scur\u021bi. Tricoul are un decolteu \u00een V cu band\u0103 elastic\u0103 interioar\u0103 pentru a optimiza croiala \u0219i a preveni posibilele irita\u021bii. Design cu croieli \u00een culori contrastante. Pe de alt\u0103 parte, pantalonii scur\u021bi au o talie elastic\u0103 reglabil\u0103 cu \u0219nur interior \u0219i buzunare.<\/span><\/p>\n<p><span dir=\"auto\">Fabricat din material u\u0219or \u0219i rezistent la rupere, ceea ce \u00eei prelunge\u0219te durabilitatea. \u00cen plus, este respirabil \u0219i ajut\u0103 la reglarea transpira\u021biei.<\/span><\/p>\n<p><span dir=\"auto\">Logo-uri Joma brodate.<\/span><\/p>\n<\/div>","protected":false},"excerpt":{"rendered":"<p><span dir=\"auto\">Set sport pentru b\u0103rba\u021bi.<\/span><\/p>","protected":false},"featured_media":43251,"template":"","meta":{"_themeisle_gutenberg_block_has_review":false},"product_brand":[370],"product_cat":[307,309,311],"product_tag":[],"class_list":{"0":"post-43248","1":"product","2":"type-product","3":"status-publish","4":"has-post-thumbnail","6":"product_brand-joma","7":"product_cat-barbati","8":"product_cat-imbracaminte","9":"product_cat-seturi-sportive","10":"pa_marime-costume-l","11":"pa_marime-costume-xs","13":"first","14":"instock","15":"shipping-taxable","16":"purchasable","17":"product-type-variable"},"_links":{"self":[{"href":"https:\/\/www.joma-orhei.md\/ru\/wp-json\/wp\/v2\/product\/43248","targetHints":{"allow":["GET"]}}],"collection":[{"href":"https:\/\/www.joma-orhei.md\/ru\/wp-json\/wp\/v2\/product"}],"about":[{"href":"https:\/\/www.joma-orhei.md\/ru\/wp-json\/wp\/v2\/types\/product"}],"wp:featuredmedia":[{"embeddable":true,"href":"https:\/\/www.joma-orhei.md\/ru\/wp-json\/wp\/v2\/media\/43251"}],"wp:attachment":[{"href":"https:\/\/www.joma-orhei.md\/ru\/wp-json\/wp\/v2\/media?parent=43248"}],"wp:term":[{"taxonomy":"product_brand","embeddable":true,"href":"https:\/\/www.joma-orhei.md\/ru\/wp-json\/wp\/v2\/product_brand?post=43248"},{"taxonomy":"product_cat","embeddable":true,"href":"https:\/\/www.joma-orhei.md\/ru\/wp-json\/wp\/v2\/product_cat?post=43248"},{"taxonomy":"product_tag","embeddable":true,"href":"https:\/\/www.joma-orhei.md\/ru\/wp-json\/wp\/v2\/product_tag?post=43248"}],"curies":[{"name":"wp","href":"https:\/\/api.w.org\/{rel}","templated":true}]}}