{"id":43221,"date":"2026-03-17T12:05:16","date_gmt":"2026-03-17T10:05:16","guid":{"rendered":"https:\/\/www.joma-orhei.md\/?post_type=product&#038;p=43221"},"modified":"2026-03-17T12:05:17","modified_gmt":"2026-03-17T10:05:17","slug":"103733-110-danubio-iii-tracksuit-black-anthracite","status":"publish","type":"product","link":"https:\/\/www.joma-orhei.md\/ru\/product\/103733-110-danubio-iii-tracksuit-black-anthracite\/","title":{"rendered":"103733.110 -DANUBIO III TRACKSUIT BLACK ANTHRACITE"},"content":{"rendered":"<p><span dir=\"auto\">Trening b\u0103rb\u0103tesc, potrivit pentru antrenamente pe vreme rece datorit\u0103 materialului interior c\u0103lduros. Este format dintr-un hanorac cu fermoar \u0219i pantaloni lungi. Un set esen\u021bial \u0219i func\u021bional pentru orice activitate.<\/span><\/p>\n<p><span dir=\"auto\">Hanoracul are o \u00eenchidere cu fermoar complet, guler \u00eenalt \u0219i man\u0219ete \u0219i talie cu nervuri pentru o potrivire mai bun\u0103. Include, de asemenea, dou\u0103 buzunare laterale f\u0103r\u0103 fermoar pentru depozitarea obiectelor mici. Design \u00een culori contrastante. Pe de alt\u0103 parte, pantalonii au o talie elastic\u0103 cu \u0219nur interior plat \u0219i dou\u0103 buzunare laterale f\u0103r\u0103 fermoar.<\/span><\/p>\n<p><span dir=\"auto\">Ambele articole vestimentare au fost confec\u021bionate cu material interior din fleece, oferind protec\u021bie termic\u0103 sportivului. Moale pe piele, confortabil \u0219i asigur\u00e2nd libertate de mi\u0219care.<\/span><\/p>\n<p><span dir=\"auto\">Logo Joma brodat.<\/span><\/p>","protected":false},"excerpt":{"rendered":"<p><span dir=\"auto\">Trening b\u0103rb\u0103tesc<\/span><\/p>","protected":false},"featured_media":43229,"template":"","meta":{"_themeisle_gutenberg_block_has_review":false},"product_brand":[370],"product_cat":[307,337,339,310,338,309],"product_tag":[],"class_list":{"0":"post-43221","1":"product","2":"type-product","3":"status-publish","4":"has-post-thumbnail","6":"product_brand-joma","7":"product_cat-barbati","8":"product_cat-copii","9":"product_cat-costume-sportive-imbracaminte-copii","10":"product_cat-costume-sportive","11":"product_cat-imbracaminte-copii","12":"product_cat-imbracaminte","13":"pa_marime-costume-2xs","14":"pa_marime-costume-3xl","15":"pa_marime-costume-3xs","16":"pa_marime-costume-l","17":"pa_marime-costume-m","18":"pa_marime-costume-s","19":"pa_marime-costume-xs","21":"first","22":"instock","23":"shipping-taxable","24":"purchasable","25":"product-type-variable"},"_links":{"self":[{"href":"https:\/\/www.joma-orhei.md\/ru\/wp-json\/wp\/v2\/product\/43221","targetHints":{"allow":["GET"]}}],"collection":[{"href":"https:\/\/www.joma-orhei.md\/ru\/wp-json\/wp\/v2\/product"}],"about":[{"href":"https:\/\/www.joma-orhei.md\/ru\/wp-json\/wp\/v2\/types\/product"}],"wp:featuredmedia":[{"embeddable":true,"href":"https:\/\/www.joma-orhei.md\/ru\/wp-json\/wp\/v2\/media\/43229"}],"wp:attachment":[{"href":"https:\/\/www.joma-orhei.md\/ru\/wp-json\/wp\/v2\/media?parent=43221"}],"wp:term":[{"taxonomy":"product_brand","embeddable":true,"href":"https:\/\/www.joma-orhei.md\/ru\/wp-json\/wp\/v2\/product_brand?post=43221"},{"taxonomy":"product_cat","embeddable":true,"href":"https:\/\/www.joma-orhei.md\/ru\/wp-json\/wp\/v2\/product_cat?post=43221"},{"taxonomy":"product_tag","embeddable":true,"href":"https:\/\/www.joma-orhei.md\/ru\/wp-json\/wp\/v2\/product_tag?post=43221"}],"curies":[{"name":"wp","href":"https:\/\/api.w.org\/{rel}","templated":true}]}}