{"id":43210,"date":"2026-03-17T11:53:39","date_gmt":"2026-03-17T09:53:39","guid":{"rendered":"https:\/\/www.joma-orhei.md\/?post_type=product&#038;p=43210"},"modified":"2026-03-17T11:53:40","modified_gmt":"2026-03-17T09:53:40","slug":"103732-151-danubio-iii-set-anthracite-black","status":"publish","type":"product","link":"https:\/\/www.joma-orhei.md\/ru\/product\/103732-151-danubio-iii-set-anthracite-black\/","title":{"rendered":"103732.151 -DANUBIO III SET ANTHRACITE BLACK"},"content":{"rendered":"<p><span dir=\"auto\">Echipament sport b\u0103rb\u0103tesc. Model pentru antrenament \u0219i joc de fotbal. Acest set este compus dintr-un tricou cu m\u00e2nec\u0103 scurt\u0103 \u0219i pantaloni scur\u021bi. U\u0219or, confortabil, respirabil \u0219i ofer\u0103 o libertate excelent\u0103 de mi\u0219care.<\/span><\/p>\n<p><span dir=\"auto\">Tricoul are un decolteu \u00een V cu band\u0103 elastic\u0103 interioar\u0103 care optimizeaz\u0103 croiala \u0219i previne orice posibil\u0103 frecare. Design \u00een culori contrastante. Pe de alt\u0103 parte, pantalonii scur\u021bi au o talie elastic\u0103 reglabil\u0103 cu \u0219nur interior.<\/span><\/p>\n<p><span dir=\"auto\">Fabricat din material u\u0219or \u0219i rezistent la rupere, prelungindu-i durabilitatea. \u00cen plus, este respirabil \u0219i ajut\u0103 la reglarea transpira\u021biei.<\/span><\/p>\n<p><span dir=\"auto\">Logo-ul Joma \u00een imprimare.<\/span><\/p>","protected":false},"excerpt":{"rendered":"<p><span dir=\"auto\">Echipament sport b\u0103rb\u0103tesc. <\/span><\/p>","protected":false},"featured_media":43212,"template":"","meta":{"_themeisle_gutenberg_block_has_review":false},"product_brand":[370],"product_cat":[307,311],"product_tag":[],"class_list":{"0":"post-43210","1":"product","2":"type-product","3":"status-publish","4":"has-post-thumbnail","6":"product_brand-joma","7":"product_cat-barbati","8":"product_cat-seturi-sportive","9":"pa_marime-costume-2xl","10":"pa_marime-costume-xl","12":"first","13":"instock","14":"shipping-taxable","15":"purchasable","16":"product-type-variable"},"_links":{"self":[{"href":"https:\/\/www.joma-orhei.md\/ru\/wp-json\/wp\/v2\/product\/43210","targetHints":{"allow":["GET"]}}],"collection":[{"href":"https:\/\/www.joma-orhei.md\/ru\/wp-json\/wp\/v2\/product"}],"about":[{"href":"https:\/\/www.joma-orhei.md\/ru\/wp-json\/wp\/v2\/types\/product"}],"wp:featuredmedia":[{"embeddable":true,"href":"https:\/\/www.joma-orhei.md\/ru\/wp-json\/wp\/v2\/media\/43212"}],"wp:attachment":[{"href":"https:\/\/www.joma-orhei.md\/ru\/wp-json\/wp\/v2\/media?parent=43210"}],"wp:term":[{"taxonomy":"product_brand","embeddable":true,"href":"https:\/\/www.joma-orhei.md\/ru\/wp-json\/wp\/v2\/product_brand?post=43210"},{"taxonomy":"product_cat","embeddable":true,"href":"https:\/\/www.joma-orhei.md\/ru\/wp-json\/wp\/v2\/product_cat?post=43210"},{"taxonomy":"product_tag","embeddable":true,"href":"https:\/\/www.joma-orhei.md\/ru\/wp-json\/wp\/v2\/product_tag?post=43210"}],"curies":[{"name":"wp","href":"https:\/\/api.w.org\/{rel}","templated":true}]}}