{"id":43192,"date":"2026-03-17T11:44:06","date_gmt":"2026-03-17T09:44:06","guid":{"rendered":"https:\/\/www.joma-orhei.md\/?post_type=product&#038;p=43192"},"modified":"2026-03-17T11:44:06","modified_gmt":"2026-03-17T09:44:06","slug":"103564-332-victory-tracksuit-navy-white","status":"publish","type":"product","link":"https:\/\/www.joma-orhei.md\/ru\/product\/103564-332-victory-tracksuit-navy-white\/","title":{"rendered":"103564.332 -VICTORY TRACKSUIT NAVY WHITE"},"content":{"rendered":"<p><span dir=\"auto\">Trening pentru b\u0103rba\u021bi. Un set de antrenament multisport care ofer\u0103 versatilitate, confort \u0219i libertate de mi\u0219care \u00een timpul utiliz\u0103rii. Un articol esen\u021bial pentru orice activitate fizic\u0103.<\/span><\/p>\n<p><span dir=\"auto\">Hanoracul are \u00eenchidere cu fermoar complet \u0219i protec\u021bie pentru b\u0103rbie. Se ajusteaz\u0103 la man\u0219ete \u0219i talie cu elemente din nervuri. \u00cen plus, are dou\u0103 buzunare frontale cu fermoar pentru a depozita \u00een siguran\u021b\u0103 obiecte personale mici. Pe de alt\u0103 parte, pantalonii au o band\u0103 elastic\u0103 \u00een talie cu \u0219nur interior \u0219i fermoare \u00een partea de jos pentru o \u00eembr\u0103care \u0219i desc\u0103l\u021bare mai u\u0219oar\u0103. Dispune de dou\u0103 buzunare suplimentare.<\/span><\/p>\n<p><span dir=\"auto\">Ambele articole de \u00eembr\u0103c\u0103minte au fost confec\u021bionate din \u021bes\u0103tur\u0103 tricotat\u0103 confortabil\u0103, c\u0103lduroas\u0103 \u0219i rezistent\u0103.<\/span><\/p>\n<p><span dir=\"auto\">Design cu piese \u00een culori contrastante pe piept \u0219i m\u00e2neci. Finisat cu margini striate.<\/span><\/p>\n<p><span dir=\"auto\">Logo-uri Joma brodate.<\/span><\/p>","protected":false},"excerpt":{"rendered":"<p><span dir=\"auto\">Trening pentru b\u0103rba\u021bi. <\/span><\/p>","protected":false},"featured_media":43195,"template":"","meta":{"_themeisle_gutenberg_block_has_review":false},"product_brand":[370],"product_cat":[307,337,310,339,338,309],"product_tag":[],"class_list":{"0":"post-43192","1":"product","2":"type-product","3":"status-publish","4":"has-post-thumbnail","6":"product_brand-joma","7":"product_cat-barbati","8":"product_cat-copii","9":"product_cat-costume-sportive","10":"product_cat-costume-sportive-imbracaminte-copii","11":"product_cat-imbracaminte-copii","12":"product_cat-imbracaminte","13":"pa_marime-costume-3xs","14":"pa_marime-costume-4xs","15":"pa_marime-costume-l","16":"pa_marime-costume-m","17":"pa_marime-costume-xs","19":"first","20":"instock","21":"shipping-taxable","22":"purchasable","23":"product-type-variable"},"_links":{"self":[{"href":"https:\/\/www.joma-orhei.md\/ru\/wp-json\/wp\/v2\/product\/43192","targetHints":{"allow":["GET"]}}],"collection":[{"href":"https:\/\/www.joma-orhei.md\/ru\/wp-json\/wp\/v2\/product"}],"about":[{"href":"https:\/\/www.joma-orhei.md\/ru\/wp-json\/wp\/v2\/types\/product"}],"wp:featuredmedia":[{"embeddable":true,"href":"https:\/\/www.joma-orhei.md\/ru\/wp-json\/wp\/v2\/media\/43195"}],"wp:attachment":[{"href":"https:\/\/www.joma-orhei.md\/ru\/wp-json\/wp\/v2\/media?parent=43192"}],"wp:term":[{"taxonomy":"product_brand","embeddable":true,"href":"https:\/\/www.joma-orhei.md\/ru\/wp-json\/wp\/v2\/product_brand?post=43192"},{"taxonomy":"product_cat","embeddable":true,"href":"https:\/\/www.joma-orhei.md\/ru\/wp-json\/wp\/v2\/product_cat?post=43192"},{"taxonomy":"product_tag","embeddable":true,"href":"https:\/\/www.joma-orhei.md\/ru\/wp-json\/wp\/v2\/product_tag?post=43192"}],"curies":[{"name":"wp","href":"https:\/\/api.w.org\/{rel}","templated":true}]}}