{"id":43170,"date":"2026-03-17T11:29:23","date_gmt":"2026-03-17T09:29:23","guid":{"rendered":"https:\/\/www.joma-orhei.md\/?post_type=product&#038;p=43170"},"modified":"2026-03-17T11:29:23","modified_gmt":"2026-03-17T09:29:23","slug":"103395-345-explorer-iii-anorak-navy","status":"publish","type":"product","link":"https:\/\/www.joma-orhei.md\/ru\/product\/103395-345-explorer-iii-anorak-navy\/","title":{"rendered":"103395.345 -EXPLORER III ANORAK NAVY"},"content":{"rendered":"<h2><span dir=\"auto\">Descriere<\/span><\/h2>\n<div class=\"Textcollapse\">\n<p><span dir=\"auto\">Palton b\u0103rb\u0103tesc conceput s\u0103 reziste la temperaturi foarte sc\u0103zute. Acest palton 3\/4 ofer\u0103 o protec\u021bie excelent\u0103 \u00eempotriva frigului datorit\u0103 c\u0103ptu\u0219elii interioare din fleece, care ofer\u0103 c\u0103ldura necesar\u0103 \u00een aceste condi\u021bii meteorologice.<\/span><\/p>\n<p><span dir=\"auto\">Are o glug\u0103 reglabil\u0103 de \u00eenalt\u0103 calitate, cu blan\u0103, deta\u0219abil\u0103, astfel \u00eenc\u00e2t sportivul s\u0103 se poat\u0103 \u00eenf\u0103\u0219ura la c\u0103ldur\u0103. De asemenea, are un fermoar complet protejat de o fent\u0103 dubl\u0103 pentru a ob\u021bine o \u00eenchidere ermetic\u0103. Aceast\u0103 fent\u0103 are capse \u0219i \u00eenchiz\u0103toare tactile. Se potrive\u0219te \u0219i \u00een talie datorit\u0103 unei benzi elastice interne cu opritoare \u0219i a unor capse la man\u0219ete.<\/span><\/p>\n<p><span dir=\"auto\">Exist\u0103 numeroase buzunare plasate strategic pe tot parcursul hainei. Pe de o parte, are patru buzunare frontale, dou\u0103 superioare cu fermoar \u0219i dou\u0103 inferioare cu deschidere dubl\u0103: unul cu pliu inversat \u0219i altul cu clap\u0103. Exist\u0103 un alt buzunar cu \u00eenchiz\u0103toare tip tactil\u0103 pe m\u00e2nec\u0103. Iar \u00een interior, a fost ad\u0103ugat un alt buzunar mic.<\/span><\/p>\n<p><span dir=\"auto\">Exist\u0103 un inel pe piept pentru a ag\u0103\u021ba haina, dac\u0103 se dore\u0219te.<\/span><\/p>\n<p><span dir=\"auto\">Haina a fost confec\u021bionat\u0103 dintr-un material impermeabil, rezistent la ploaie \u0219i cu o protec\u021bie ridicat\u0103 \u00eempotriva vegeta\u021biei pentru a-i optimiza durabilitatea. \u00cen interior, con\u021bine o c\u0103ptu\u0219eal\u0103 din fleece.<\/span><\/p>\n<p><span dir=\"auto\">Logo de siguran\u021b\u0103 Joma reflectorizant imprimat.<\/span><\/p>\n<\/div>","protected":false},"excerpt":{"rendered":"<p>Descriere Palton b\u0103rb\u0103tesc conceput s\u0103 reziste la temperaturi foarte sc\u0103zute. Acest palton 3\/4 ofer\u0103 o protec\u021bie excelent\u0103 \u00eempotriva frigului datorit\u0103 c\u0103ptu\u0219elii interioare din fleece, care ofer\u0103 c\u0103ldura necesar\u0103&hellip;<\/p>","protected":false},"featured_media":43171,"template":"","meta":{"_themeisle_gutenberg_block_has_review":false},"product_brand":[370],"product_cat":[307,317,309],"product_tag":[],"class_list":{"0":"post-43170","1":"product","2":"type-product","3":"status-publish","4":"has-post-thumbnail","6":"product_brand-joma","7":"product_cat-barbati","8":"product_cat-geci","9":"product_cat-imbracaminte","10":"pa_marime-costume-l","11":"pa_marime-costume-m","12":"pa_marime-costume-s","13":"pa_marime-costume-xl","15":"first","16":"instock","17":"shipping-taxable","18":"purchasable","19":"product-type-variable"},"_links":{"self":[{"href":"https:\/\/www.joma-orhei.md\/ru\/wp-json\/wp\/v2\/product\/43170","targetHints":{"allow":["GET"]}}],"collection":[{"href":"https:\/\/www.joma-orhei.md\/ru\/wp-json\/wp\/v2\/product"}],"about":[{"href":"https:\/\/www.joma-orhei.md\/ru\/wp-json\/wp\/v2\/types\/product"}],"wp:featuredmedia":[{"embeddable":true,"href":"https:\/\/www.joma-orhei.md\/ru\/wp-json\/wp\/v2\/media\/43171"}],"wp:attachment":[{"href":"https:\/\/www.joma-orhei.md\/ru\/wp-json\/wp\/v2\/media?parent=43170"}],"wp:term":[{"taxonomy":"product_brand","embeddable":true,"href":"https:\/\/www.joma-orhei.md\/ru\/wp-json\/wp\/v2\/product_brand?post=43170"},{"taxonomy":"product_cat","embeddable":true,"href":"https:\/\/www.joma-orhei.md\/ru\/wp-json\/wp\/v2\/product_cat?post=43170"},{"taxonomy":"product_tag","embeddable":true,"href":"https:\/\/www.joma-orhei.md\/ru\/wp-json\/wp\/v2\/product_tag?post=43170"}],"curies":[{"name":"wp","href":"https:\/\/api.w.org\/{rel}","templated":true}]}}