{"id":43157,"date":"2026-03-17T11:14:15","date_gmt":"2026-03-17T09:14:15","guid":{"rendered":"https:\/\/www.joma-orhei.md\/?post_type=product&#038;p=43157"},"modified":"2026-03-17T11:14:16","modified_gmt":"2026-03-17T09:14:16","slug":"103296-203-crew-v-short-sleeve-t-shirt-white-navy","status":"publish","type":"product","link":"https:\/\/www.joma-orhei.md\/ru\/product\/103296-203-crew-v-short-sleeve-t-shirt-white-navy\/","title":{"rendered":"103296.203 -CREW V SHORT SLEEVE T-SHIRT WHITE NAVY"},"content":{"rendered":"<h2><span dir=\"auto\">Descriere<\/span><\/h2>\n<div class=\"Textcollapse\">\n<p><span dir=\"auto\">Tricou cu m\u00e2nec\u0103 scurt\u0103 pentru b\u0103rba\u021bi\/b\u0103ie\u021bi. Materialul s\u0103u 100% bumbac \u00eel face moale \u0219i confortabil, de purtat \u00eenainte, \u00een timpul \u0219i dup\u0103 antrenamente. \u00cel po\u021bi purta chiar \u0219i zi de zi pentru a da o not\u0103 sportiv\u0103 \u0219i informal\u0103 \u021binutei tale.<\/span><\/p>\n<p><span dir=\"auto\">Acest tricou are guler rotund elastic pentru o potrivire mai confortabil\u0103. Croiala ofer\u0103 sportivului o mare libertate de mi\u0219care.<\/span><\/p>\n<p><span dir=\"auto\">Este confec\u021bionat\u0103 din material 100% bumbac, care ofer\u0103 moliciune \u0219i confort hainei. Bumbacul faciliteaz\u0103 evaporarea transpira\u021biei, l\u0103s\u00e2nd corpul r\u0103coros \u0219i uscat pe tot parcursul sesiunii de antrenament. Toate acestea regleaz\u0103 temperatura corpului sportivului \u0219i previn r\u0103cirea dup\u0103 antrenament. De asemenea, este foarte rezistent\u0103, a\u0219a c\u0103 nu trebuie s\u0103 v\u0103 face\u021bi griji cu privire la de c\u00e2te ori trebuie s\u0103 o sp\u0103la\u021bi.<\/span><\/p>\n<p><span dir=\"auto\">\u00cen ceea ce prive\u0219te designul, acesta iese \u00een eviden\u021b\u0103 prin simplitate. Se poate asorta u\u0219or cu alte articole &#8211; esen\u021bial pentru un tricou simplu din bumbac.<\/span><\/p>\n<p><span dir=\"auto\">Logo Joma brodat.<\/span><\/p>\n<\/div>","protected":false},"excerpt":{"rendered":"<p><span dir=\"auto\">Tricou cu m\u00e2nec\u0103 scurt\u0103 pentru b\u0103rba\u021bi\/b\u0103ie\u021bi.<\/span><\/p>","protected":false},"featured_media":43158,"template":"","meta":{"_themeisle_gutenberg_block_has_review":false},"product_brand":[370],"product_cat":[337,338,420],"product_tag":[],"class_list":{"0":"post-43157","1":"product","2":"type-product","3":"status-publish","4":"has-post-thumbnail","6":"product_brand-joma","7":"product_cat-copii","8":"product_cat-imbracaminte-copii","9":"product_cat-tricouri-copii","10":"pa_marime-costume-2xs","12":"first","13":"instock","14":"shipping-taxable","15":"purchasable","16":"product-type-variable"},"_links":{"self":[{"href":"https:\/\/www.joma-orhei.md\/ru\/wp-json\/wp\/v2\/product\/43157","targetHints":{"allow":["GET"]}}],"collection":[{"href":"https:\/\/www.joma-orhei.md\/ru\/wp-json\/wp\/v2\/product"}],"about":[{"href":"https:\/\/www.joma-orhei.md\/ru\/wp-json\/wp\/v2\/types\/product"}],"wp:featuredmedia":[{"embeddable":true,"href":"https:\/\/www.joma-orhei.md\/ru\/wp-json\/wp\/v2\/media\/43158"}],"wp:attachment":[{"href":"https:\/\/www.joma-orhei.md\/ru\/wp-json\/wp\/v2\/media?parent=43157"}],"wp:term":[{"taxonomy":"product_brand","embeddable":true,"href":"https:\/\/www.joma-orhei.md\/ru\/wp-json\/wp\/v2\/product_brand?post=43157"},{"taxonomy":"product_cat","embeddable":true,"href":"https:\/\/www.joma-orhei.md\/ru\/wp-json\/wp\/v2\/product_cat?post=43157"},{"taxonomy":"product_tag","embeddable":true,"href":"https:\/\/www.joma-orhei.md\/ru\/wp-json\/wp\/v2\/product_tag?post=43157"}],"curies":[{"name":"wp","href":"https:\/\/api.w.org\/{rel}","templated":true}]}}