{"id":43100,"date":"2026-03-13T18:14:36","date_gmt":"2026-03-13T16:14:36","guid":{"rendered":"https:\/\/www.joma-orhei.md\/?post_type=product&#038;p=43100"},"modified":"2026-03-13T18:20:41","modified_gmt":"2026-03-13T16:20:41","slug":"103150-601-winner-iii-short-sleeve-t-shirt-red-black","status":"publish","type":"product","link":"https:\/\/www.joma-orhei.md\/ru\/product\/103150-601-winner-iii-short-sleeve-t-shirt-red-black\/","title":{"rendered":"103150.601 -WINNER III SHORT SLEEVE T-SHIRT RED BLACK"},"content":{"rendered":"<p><span dir=\"auto\">Tricou b\u0103rb\u0103tesc cu m\u00e2nec\u0103 scurt\u0103. Acest model este destinat competi\u021biilor de fotbal datorit\u0103 caracteristicilor sale tehnice.<\/span><\/p>\n<p><span dir=\"auto\">Designul acestei c\u0103m\u0103\u0219i se caracterizeaz\u0103 prin gulerul rotund cu band\u0103 elastic\u0103 de protec\u021bie \u00een interior pentru a optimiza potrivirea \u0219i a preveni posibilele frec\u0103ri.<\/span><\/p>\n<p><span dir=\"auto\">Fabricat dintr-un material u\u0219or, confortabil \u0219i foarte rezistent la abraziune, prelungindu-i durabilitatea. Libertatea de mi\u0219care este garantat\u0103. Pe l\u00e2ng\u0103 faptul c\u0103 este respirabil, permite eliminarea rapid\u0103 a transpira\u021biei. Acest lucru este posibil datorit\u0103 \u00eencorpor\u0103rii tehnologiei MICRO-MESH SYSTEM la subra\u021b \u0219i pe laterale.<\/span><\/p>\n<p><span dir=\"auto\">Designul s\u0103u se remarc\u0103 prin piesele \u00een culori contrastante.<\/span><\/p>\n<p><span dir=\"auto\">Logo-ul Joma \u00een imprimare.<\/span><\/p>","protected":false},"excerpt":{"rendered":"<p><span dir=\"auto\">Tricou b\u0103rb\u0103tesc cu m\u00e2nec\u0103 scurt\u0103. <\/span><\/p>","protected":false},"featured_media":43101,"template":"","meta":{"_themeisle_gutenberg_block_has_review":false},"product_brand":[370],"product_cat":[307,309,312],"product_tag":[],"class_list":{"0":"post-43100","1":"product","2":"type-product","3":"status-publish","4":"has-post-thumbnail","6":"product_brand-joma","7":"product_cat-barbati","8":"product_cat-imbracaminte","9":"product_cat-tricouri","10":"pa_marime-costume-l","11":"pa_marime-costume-m","12":"pa_marime-costume-s","13":"pa_marime-costume-xl","14":"pa_marime-costume-xs","16":"first","17":"instock","18":"shipping-taxable","19":"purchasable","20":"product-type-variable"},"_links":{"self":[{"href":"https:\/\/www.joma-orhei.md\/ru\/wp-json\/wp\/v2\/product\/43100","targetHints":{"allow":["GET"]}}],"collection":[{"href":"https:\/\/www.joma-orhei.md\/ru\/wp-json\/wp\/v2\/product"}],"about":[{"href":"https:\/\/www.joma-orhei.md\/ru\/wp-json\/wp\/v2\/types\/product"}],"wp:featuredmedia":[{"embeddable":true,"href":"https:\/\/www.joma-orhei.md\/ru\/wp-json\/wp\/v2\/media\/43101"}],"wp:attachment":[{"href":"https:\/\/www.joma-orhei.md\/ru\/wp-json\/wp\/v2\/media?parent=43100"}],"wp:term":[{"taxonomy":"product_brand","embeddable":true,"href":"https:\/\/www.joma-orhei.md\/ru\/wp-json\/wp\/v2\/product_brand?post=43100"},{"taxonomy":"product_cat","embeddable":true,"href":"https:\/\/www.joma-orhei.md\/ru\/wp-json\/wp\/v2\/product_cat?post=43100"},{"taxonomy":"product_tag","embeddable":true,"href":"https:\/\/www.joma-orhei.md\/ru\/wp-json\/wp\/v2\/product_tag?post=43100"}],"curies":[{"name":"wp","href":"https:\/\/api.w.org\/{rel}","templated":true}]}}