{"id":43095,"date":"2026-03-13T18:09:56","date_gmt":"2026-03-13T16:09:56","guid":{"rendered":"https:\/\/www.joma-orhei.md\/?post_type=product&#038;p=43095"},"modified":"2026-03-13T18:09:57","modified_gmt":"2026-03-13T16:09:57","slug":"103124-601-phoenix-red-black","status":"publish","type":"product","link":"https:\/\/www.joma-orhei.md\/ru\/product\/103124-601-phoenix-red-black\/","title":{"rendered":"103124.601 -PHOENIX RED BLACK"},"content":{"rendered":"<h2><span dir=\"auto\">Descriere<\/span><\/h2>\n<div class=\"Textcollapse\">\n<p><span dir=\"auto\">Echipament pentru b\u0103rba\u021bi\/copii, format dintr-un tricou cu m\u00e2nec\u0103 scurt\u0103 \u0219i pantaloni scur\u021bi. Acest echipament sportiv a fost conceput pentru a te \u00eenso\u021bi \u00een sesiunile de antrenament de fotbal \u0219i futsal. Confortabil, u\u0219or \u0219i respirabil, nu \u00ee\u021bi va restric\u021biona mi\u0219carea. Le are pe toate!<\/span><\/p>\n<p>&nbsp;<\/p>\n<p><span dir=\"auto\">Tricoul cu m\u00e2nec\u0103 scurt\u0103 se caracterizeaz\u0103 prin gulerul rotund elastic, care permite o libertate deplin\u0103 de mi\u0219care. \u00cen plus, are o linie de culoare contrastant\u0103 pe partea superioar\u0103 a pieptului, care iese \u00een eviden\u021b\u0103 fa\u021b\u0103 de culoarea principal\u0103 \u0219i se asorteaz\u0103 cu celelalte detalii.<\/span><\/p>\n<p>&nbsp;<\/p>\n<p><span dir=\"auto\">Pantalonii scur\u021bi au talie elastic\u0103, care ofer\u0103 o potrivire perfect\u0103, astfel \u00eenc\u00e2t s\u0103 nu alunece \u00een timpul jocului. De fapt, se ajusteaz\u0103 \u0219i mai bine datorit\u0103 \u0219nurului interior reglabil. Au un design simplu \u0219i elegant, \u00eentr-o singur\u0103 culoare.<\/span><\/p>\n<p>&nbsp;<\/p>\n<p><span dir=\"auto\">Acest echipament sportiv este confec\u021bionat dintr-un material u\u0219or, care te va \u00eempiedica s\u0103 te \u00eenc\u0103lze\u0219ti \u00een zilele cu temperaturi ridicate. \u00cen acela\u0219i timp, este robust, a\u0219a c\u0103 nu va trebui s\u0103-\u021bi faci griji de c\u00e2te ori trebuie s\u0103-l speli. Un alt avantaj este c\u0103 ambele articole ajut\u0103 la eliminarea transpira\u021biei. Corpul juc\u0103torului va r\u0103m\u00e2ne r\u0103coros \u0219i uscat, astfel \u00eenc\u00e2t nimic nu \u00eei va afecta concentrarea.<\/span><\/p>\n<p><span dir=\"auto\">Logo Joma serigrafiat pe ambele articole.<\/span><\/p>\n<h2><span dir=\"auto\">Caracteristici<\/span><\/h2>\n<ul class=\"features list\">\n<li><span dir=\"auto\">Talie elastic\u0103 cu dantel\u0103 interioar\u0103<\/span><\/li>\n<li><span dir=\"auto\">G\u00e2t rotund<\/span><\/li>\n<li><span dir=\"auto\">Material u\u0219or<\/span><\/li>\n<li><span dir=\"auto\">Design cu contrast de culori<\/span><\/li>\n<li><span dir=\"auto\">Libertatea de mi\u0219care<\/span><\/li>\n<li><span dir=\"auto\">Tip de potrivire: semi-ajustat<\/span><\/li>\n<li><span dir=\"auto\">100% poliester<\/span><\/li>\n<\/ul>\n<\/div>","protected":false},"excerpt":{"rendered":"<p><span dir=\"auto\">Echipament pentru b\u0103rba\u021bi\/copii.<\/span><\/p>","protected":false},"featured_media":43096,"template":"","meta":{"_themeisle_gutenberg_block_has_review":false},"product_brand":[370],"product_cat":[307,337,308,338,309,327,423,340,311],"product_tag":[],"class_list":{"0":"post-43095","1":"product","2":"type-product","3":"status-publish","4":"has-post-thumbnail","6":"product_brand-joma","7":"product_cat-barbati","8":"product_cat-copii","9":"product_cat-femei","10":"product_cat-imbracaminte-copii","11":"product_cat-imbracaminte","12":"product_cat-imbracaminte-femei","13":"product_cat-seturi-sportive-femei","14":"product_cat-seturi-sportive-imbracaminte-copii","15":"product_cat-seturi-sportive","16":"pa_marime-costume-4xs","17":"pa_marime-costume-xs","19":"first","20":"instock","21":"shipping-taxable","22":"purchasable","23":"product-type-variable"},"_links":{"self":[{"href":"https:\/\/www.joma-orhei.md\/ru\/wp-json\/wp\/v2\/product\/43095","targetHints":{"allow":["GET"]}}],"collection":[{"href":"https:\/\/www.joma-orhei.md\/ru\/wp-json\/wp\/v2\/product"}],"about":[{"href":"https:\/\/www.joma-orhei.md\/ru\/wp-json\/wp\/v2\/types\/product"}],"wp:featuredmedia":[{"embeddable":true,"href":"https:\/\/www.joma-orhei.md\/ru\/wp-json\/wp\/v2\/media\/43096"}],"wp:attachment":[{"href":"https:\/\/www.joma-orhei.md\/ru\/wp-json\/wp\/v2\/media?parent=43095"}],"wp:term":[{"taxonomy":"product_brand","embeddable":true,"href":"https:\/\/www.joma-orhei.md\/ru\/wp-json\/wp\/v2\/product_brand?post=43095"},{"taxonomy":"product_cat","embeddable":true,"href":"https:\/\/www.joma-orhei.md\/ru\/wp-json\/wp\/v2\/product_cat?post=43095"},{"taxonomy":"product_tag","embeddable":true,"href":"https:\/\/www.joma-orhei.md\/ru\/wp-json\/wp\/v2\/product_tag?post=43095"}],"curies":[{"name":"wp","href":"https:\/\/api.w.org\/{rel}","templated":true}]}}