{"id":43072,"date":"2026-03-12T17:27:41","date_gmt":"2026-03-12T15:27:41","guid":{"rendered":"https:\/\/www.joma-orhei.md\/?post_type=product&#038;p=43072"},"modified":"2026-03-18T12:46:54","modified_gmt":"2026-03-18T10:46:54","slug":"103124-021-phoenix-ii-set-fluor-green-black","status":"publish","type":"product","link":"https:\/\/www.joma-orhei.md\/ru\/product\/103124-021-phoenix-ii-set-fluor-green-black\/","title":{"rendered":"103124.021 -PHOENIX II SET FLUOR GREEN BLACK"},"content":{"rendered":"<p><span dir=\"auto\">Set pentru b\u0103rba\u021bi\/b\u0103ie\u021bi, format dintr-un tricou cu m\u00e2nec\u0103 scurt\u0103 \u0219i pantaloni scur\u021bi. Acest echipament sportiv a fost conceput pentru a te \u00eenso\u021bi \u00een sesiunile de antrenament de fotbal \u0219i futsal. Confortabil, u\u0219or \u0219i respirabil, nu \u00ee\u021bi va restric\u021biona mi\u0219carea. Le are pe toate!<\/span><\/p>\n<p><span dir=\"auto\">Tricoul cu m\u00e2nec\u0103 scurt\u0103 este caracterizat de un guler rotund elastic pentru a permite mi\u0219carea liber\u0103. \u00cen plus, are o linie de culoare contrastant\u0103 pe partea superioar\u0103 a pieptului, care iese \u00een eviden\u021b\u0103 fa\u021b\u0103 de culoarea principal\u0103 \u0219i se asorteaz\u0103 cu restul detaliilor.<\/span><\/p>\n<p><span dir=\"auto\">Pantalonii scur\u021bi au o talie elastic\u0103 fixat\u0103 la nivelul taliei, astfel \u00eenc\u00e2t pantalonii s\u0103 nu alunece \u00een timpul jocului. De fapt, se potrivesc \u0219i mai bine datorit\u0103 \u0219nurului interior reglabil. Designul lor este simplu \u0219i elegant, \u00eentr-o singur\u0103 culoare.<\/span><\/p>\n<p><span dir=\"auto\">Acest set sport este confec\u021bionat dintr-un material u\u0219or, care te va \u00eempiedica s\u0103 te \u00eenc\u0103lze\u0219ti \u00een zilele cu temperaturi ridicate. \u00cen acela\u0219i timp, este rezistent, a\u0219a c\u0103 nu va trebui s\u0103-\u021bi faci griji cu privire la num\u0103rul de sp\u0103l\u0103ri. Un alt avantaj al s\u0103u este c\u0103 ambele articole ajut\u0103 la evacuarea transpira\u021biei. Corpul fotbalistului va r\u0103m\u00e2ne rece \u0219i uscat, astfel \u00eenc\u00e2t nimic nu-l distrage.<\/span><br \/>\n<span dir=\"auto\">Logo-ul Joma este imprimat pe ambele articole.<\/span><\/p>","protected":false},"excerpt":{"rendered":"<p><span dir=\"auto\">Set pentru b\u0103rba\u021bi\/b\u0103ie\u021bi<\/span><\/p>","protected":false},"featured_media":43085,"template":"","meta":{"_themeisle_gutenberg_block_has_review":false},"product_brand":[370],"product_cat":[307,337,309,338,311,340],"product_tag":[],"class_list":{"0":"post-43072","1":"product","2":"type-product","3":"status-publish","4":"has-post-thumbnail","6":"product_brand-joma","7":"product_cat-barbati","8":"product_cat-copii","9":"product_cat-imbracaminte","10":"product_cat-imbracaminte-copii","11":"product_cat-seturi-sportive","12":"product_cat-seturi-sportive-imbracaminte-copii","13":"pa_marime-costume-2xs","14":"pa_marime-costume-3xl","15":"pa_marime-costume-3xs","16":"pa_marime-costume-4xs","17":"pa_marime-costume-5xs","18":"pa_marime-costume-6xs","19":"pa_marime-costume-l","20":"pa_marime-costume-m","21":"pa_marime-costume-s","22":"pa_marime-costume-xs","24":"first","25":"instock","26":"shipping-taxable","27":"purchasable","28":"product-type-variable"},"_links":{"self":[{"href":"https:\/\/www.joma-orhei.md\/ru\/wp-json\/wp\/v2\/product\/43072","targetHints":{"allow":["GET"]}}],"collection":[{"href":"https:\/\/www.joma-orhei.md\/ru\/wp-json\/wp\/v2\/product"}],"about":[{"href":"https:\/\/www.joma-orhei.md\/ru\/wp-json\/wp\/v2\/types\/product"}],"wp:featuredmedia":[{"embeddable":true,"href":"https:\/\/www.joma-orhei.md\/ru\/wp-json\/wp\/v2\/media\/43085"}],"wp:attachment":[{"href":"https:\/\/www.joma-orhei.md\/ru\/wp-json\/wp\/v2\/media?parent=43072"}],"wp:term":[{"taxonomy":"product_brand","embeddable":true,"href":"https:\/\/www.joma-orhei.md\/ru\/wp-json\/wp\/v2\/product_brand?post=43072"},{"taxonomy":"product_cat","embeddable":true,"href":"https:\/\/www.joma-orhei.md\/ru\/wp-json\/wp\/v2\/product_cat?post=43072"},{"taxonomy":"product_tag","embeddable":true,"href":"https:\/\/www.joma-orhei.md\/ru\/wp-json\/wp\/v2\/product_tag?post=43072"}],"curies":[{"name":"wp","href":"https:\/\/api.w.org\/{rel}","templated":true}]}}