{"id":43069,"date":"2026-03-12T17:18:53","date_gmt":"2026-03-12T15:18:53","guid":{"rendered":"https:\/\/www.joma-orhei.md\/?post_type=product&#038;p=43069"},"modified":"2026-03-12T17:18:53","modified_gmt":"2026-03-12T15:18:53","slug":"103121-601-phoenix-ii-tracksuit-red-black","status":"publish","type":"product","link":"https:\/\/www.joma-orhei.md\/ru\/product\/103121-601-phoenix-ii-tracksuit-red-black\/","title":{"rendered":"103121.601 -PHOENIX II TRACKSUIT RED BLACK"},"content":{"rendered":"<p>Trening pentru b\u0103rba\u021bi\/b\u0103ie\u021bi. Acest set din dou\u0103 piese include un hanorac cu fermoar \u0219i pantaloni lungi. Conceput pentru ca tu s\u0103 fii \u00eembr\u0103cat confortabil \u00eenainte, \u00een timpul \u0219i dup\u0103 sesiunile tale de sport. Deosebit de confortabil pentru antrenamentele de fotbal \u0219i fotbal \u00een sal\u0103. \u00cen plus, este un trening at\u00e2t de versatil \u00eenc\u00e2t \u00eel pute\u021bi purta chiar \u0219i pentru a crea un look sportiv \u00een fiecare zi. O pies\u0103 de baz\u0103 \u00een garderoba oric\u0103rui sportiv.<\/p>\n<p>Jacheta cu glug\u0103 are o \u00eenchidere complet\u0103 cu fermoar \u0219i o tragere pentru o deschidere \u0219i \u00eenchidere u\u0219oar\u0103. Are un tiv \u0219i man\u0219ete cu nervuri pentru a men\u021bine c\u0103ldura \u00een\u0103untru atunci c\u00e2nd temperaturile sunt sc\u0103zute. \u00cen plus, are dou\u0103 buzunare laterale pentru a putea depozita obiecte mici, cum ar fi telefonul mobil sau cheile.<\/p>\n<p>Pantalonii au o talie elastic\u0103 care \u00eembr\u0103\u021bi\u0219eaz\u0103 talia \u0219i se adapteaz\u0103 la forma fizic\u0103 a sportivului. Aceasta poate fi ajustat\u0103 cu ajutorul cordonului intern. De asemenea, ace\u0219tia includ dou\u0103 buzunare laterale \u0219i un fermoar pe tiv pentru a-i face mai u\u0219or, mai rapid \u0219i mai confortabil de scos \u0219i \u00eembr\u0103cat.<\/p>\n<p>Ambele articole de \u00eembr\u0103c\u0103minte sunt confec\u021bionate dintr-o \u021bes\u0103tur\u0103 foarte confortabil\u0103, rezistent\u0103 \u0219i foarte durabil\u0103, care \u00eenv\u0103luie corpul \u00een moliciune \u0219i confort. Sp\u0103lare dup\u0103 sp\u0103lare vor ar\u0103ta la fel. Trebuie remarcat faptul c\u0103 treningul nu va limita \u00een niciun moment mi\u0219c\u0103rile fotbalistului, astfel \u00eenc\u00e2t pute\u021bi face pase, dribla \u0219i trage spre poart\u0103 cu \u00eencredere total\u0103.<\/p>\n<p>\u00cen ceea ce prive\u0219te designul, ies \u00een eviden\u021b\u0103 piesele contrastante de culoare de pe partea superioar\u0103 a hanoracului.<\/p>\n<p>Logo Joma serigrafiat pe ambele articole de \u00eembr\u0103c\u0103minte.<\/p>","protected":false},"excerpt":{"rendered":"<p>Trening pentru b\u0103rba\u021bi\/b\u0103ie\u021bi.<\/p>","protected":false},"featured_media":43057,"template":"","meta":{"_themeisle_gutenberg_block_has_review":false},"product_brand":[370],"product_cat":[307,310,309],"product_tag":[],"class_list":{"0":"post-43069","1":"product","2":"type-product","3":"status-publish","4":"has-post-thumbnail","6":"product_brand-joma","7":"product_cat-barbati","8":"product_cat-costume-sportive","9":"product_cat-imbracaminte","10":"pa_marime-costume-2xl","11":"pa_marime-costume-s","13":"first","14":"instock","15":"shipping-taxable","16":"purchasable","17":"product-type-variable"},"_links":{"self":[{"href":"https:\/\/www.joma-orhei.md\/ru\/wp-json\/wp\/v2\/product\/43069","targetHints":{"allow":["GET"]}}],"collection":[{"href":"https:\/\/www.joma-orhei.md\/ru\/wp-json\/wp\/v2\/product"}],"about":[{"href":"https:\/\/www.joma-orhei.md\/ru\/wp-json\/wp\/v2\/types\/product"}],"wp:featuredmedia":[{"embeddable":true,"href":"https:\/\/www.joma-orhei.md\/ru\/wp-json\/wp\/v2\/media\/43057"}],"wp:attachment":[{"href":"https:\/\/www.joma-orhei.md\/ru\/wp-json\/wp\/v2\/media?parent=43069"}],"wp:term":[{"taxonomy":"product_brand","embeddable":true,"href":"https:\/\/www.joma-orhei.md\/ru\/wp-json\/wp\/v2\/product_brand?post=43069"},{"taxonomy":"product_cat","embeddable":true,"href":"https:\/\/www.joma-orhei.md\/ru\/wp-json\/wp\/v2\/product_cat?post=43069"},{"taxonomy":"product_tag","embeddable":true,"href":"https:\/\/www.joma-orhei.md\/ru\/wp-json\/wp\/v2\/product_tag?post=43069"}],"curies":[{"name":"wp","href":"https:\/\/api.w.org\/{rel}","templated":true}]}}