{"id":43050,"date":"2026-03-12T16:51:58","date_gmt":"2026-03-12T14:51:58","guid":{"rendered":"https:\/\/www.joma-orhei.md\/?post_type=product&#038;p=43050"},"modified":"2026-03-12T16:51:59","modified_gmt":"2026-03-12T14:51:59","slug":"103081-336-championship-vii-short-sleeve-t-shirt-navy-red","status":"publish","type":"product","link":"https:\/\/www.joma-orhei.md\/ru\/product\/103081-336-championship-vii-short-sleeve-t-shirt-navy-red\/","title":{"rendered":"103081.336 -CHAMPIONSHIP VII SHORT SLEEVE T-SHIRT NAVY RED"},"content":{"rendered":"<p><span dir=\"auto\">Tricou cu m\u00e2nec\u0103 scurt\u0103 pentru b\u0103rba\u021bi\/b\u0103ie\u021bi. Model conceput pentru antrenamente \u0219i competi\u021bii. U\u0219or, respirabil \u0219i cu o croial\u0103 special\u0103 pentru fotbal, astfel \u00eenc\u00e2t nu limiteaz\u0103 mi\u0219c\u0103rile juc\u0103torului de fotbal. Contribuie la evacuarea transpira\u021biei, astfel \u00eenc\u00e2t nimic s\u0103 nu te distrag\u0103 pe teren.<\/span><\/p>\n<p><span dir=\"auto\">Acest tricou are guler rotund \u0219i cus\u0103turi avansate pe fa\u021b\u0103, care ofer\u0103 fotbalistului o libertate excelent\u0103 de mi\u0219care \u0219i confort.<\/span><br \/>\n<span dir=\"auto\">A fost confec\u021bionat dintr-un material u\u0219or \u0219i confortabil. \u00cen plus, \u00eencorporeaz\u0103 material respirabil pe m\u00e2neci \u0219i laterale pentru a elimina transpira\u021bia \u0219i a men\u021bine corpul fotbalistului r\u0103coros \u00een timpul celor mai intense sesiuni de antrenament. Se remarc\u0103 prin rezisten\u021ba sa la zg\u00e2rieturi, c\u0103deri \u0219i sp\u0103lare, a\u0219a c\u0103 este conceput pentru a rezista mult timp \u00een sporturi solicitante precum fotbalul sau futsalul.<\/span><\/p>\n<p><span dir=\"auto\">Designul s\u0103u este caracterizat de croieli contrastante \u00een zona umerilor, partea superioar\u0103 din fa\u021b\u0103 \u0219i garnituri pe laterale. Poate fi combinat cu pantalonii scur\u021bi pentru b\u0103rba\u021bi Champion VII, \u00eempreun\u0103 alc\u0103tuind un set de cea mai \u00eenalt\u0103 calitate \u0219i design.<\/span><\/p>\n<p><span dir=\"auto\">Logo Joma brodat pentru o not\u0103 elegant\u0103 echipamentului.<\/span><\/p>","protected":false},"excerpt":{"rendered":"<p><span dir=\"auto\">Tricou cu m\u00e2nec\u0103 scurt\u0103 pentru b\u0103rba\u021bi\/b\u0103ie\u021bi. <\/span><\/p>","protected":false},"featured_media":43052,"template":"","meta":{"_themeisle_gutenberg_block_has_review":false},"product_brand":[370],"product_cat":[307,309,312],"product_tag":[],"class_list":{"0":"post-43050","1":"product","2":"type-product","3":"status-publish","4":"has-post-thumbnail","6":"product_brand-joma","7":"product_cat-barbati","8":"product_cat-imbracaminte","9":"product_cat-tricouri","10":"pa_marime-costume-l","12":"first","13":"instock","14":"shipping-taxable","15":"purchasable","16":"product-type-variable"},"_links":{"self":[{"href":"https:\/\/www.joma-orhei.md\/ru\/wp-json\/wp\/v2\/product\/43050","targetHints":{"allow":["GET"]}}],"collection":[{"href":"https:\/\/www.joma-orhei.md\/ru\/wp-json\/wp\/v2\/product"}],"about":[{"href":"https:\/\/www.joma-orhei.md\/ru\/wp-json\/wp\/v2\/types\/product"}],"wp:featuredmedia":[{"embeddable":true,"href":"https:\/\/www.joma-orhei.md\/ru\/wp-json\/wp\/v2\/media\/43052"}],"wp:attachment":[{"href":"https:\/\/www.joma-orhei.md\/ru\/wp-json\/wp\/v2\/media?parent=43050"}],"wp:term":[{"taxonomy":"product_brand","embeddable":true,"href":"https:\/\/www.joma-orhei.md\/ru\/wp-json\/wp\/v2\/product_brand?post=43050"},{"taxonomy":"product_cat","embeddable":true,"href":"https:\/\/www.joma-orhei.md\/ru\/wp-json\/wp\/v2\/product_cat?post=43050"},{"taxonomy":"product_tag","embeddable":true,"href":"https:\/\/www.joma-orhei.md\/ru\/wp-json\/wp\/v2\/product_tag?post=43050"}],"curies":[{"name":"wp","href":"https:\/\/api.w.org\/{rel}","templated":true}]}}