{"id":42976,"date":"2026-03-12T15:56:14","date_gmt":"2026-03-12T13:56:14","guid":{"rendered":"https:\/\/www.joma-orhei.md\/?post_type=product&#038;p=42976"},"modified":"2026-03-12T15:56:14","modified_gmt":"2026-03-12T13:56:14","slug":"102256-331-trivor-ankora-navy","status":"publish","type":"product","link":"https:\/\/www.joma-orhei.md\/ru\/product\/102256-331-trivor-ankora-navy\/","title":{"rendered":"102256.331 -TRIVOR ANKORA NAVY"},"content":{"rendered":"<div class=\"Y3BBE\" data-sfc-cp=\"\" data-sfc-cb=\"\" data-hveid=\"CAEIAhAA\" data-complete=\"true\" data-processed=\"true\">Geaca pentru b\u0103rba\u021bi\/baieti. Elaborat din material matlasat \u0219i c\u0103ptu\u0219eal\u0103 polar\u0103 la interior pentru a proteja \u00eempotriva frigului. De aceea, este perfect pentru antrenamente \u0219i activit\u0103\u021bi sportive \u00een aer liber. Exteriorul este impermeabil pentru a oferi o protec\u021bie total\u0103.<button class=\"rBl3me\" tabindex=\"0\" data-amic=\"true\" data-icl-uuid=\"039930d6-d6ca-4752-aaed-e469a456c5e5\" aria-label=\"Vezi linkuri conexe\" data-wiz-attrbind=\"disabled=UlGsub_i\/C5gNJc;aria-label=UlGsub_i\/bOjMyf;class=UlGsub_i\/UpSNec\" data-ved=\"2ahUKEwj0hYX3v5qTAxWEX0EAHebpOFMQye0OegYIAQgCEAE\" data-hveid=\"CAEIAhAB\"><\/button><\/div>\n<div class=\"Y3BBE\" data-sfc-cp=\"\" data-sfc-cb=\"\" data-hveid=\"CAEIAxAA\" data-complete=\"true\" data-processed=\"true\" aria-owns=\"action-menu-parent-container\">Dispune de \u00eenchidere cu fermoar \u0219i dou\u0103 buzunare frontale cu caps\u0103 metalic\u0103. Gluga poate fi scoas\u0103 sau pus\u0103 datorit\u0103 fermoarului \u00eencorporat. \u00cen plus, elasticul de la mansete (rib) ofer\u0103 o adaptare mai confortabil\u0103.<\/div>","protected":false},"excerpt":{"rendered":"<p>Geaca pentru b\u0103rba\u021bi\/baieti<\/p>","protected":false},"featured_media":42964,"template":"","meta":{"_themeisle_gutenberg_block_has_review":false},"product_brand":[370],"product_cat":[307,337,317,344,338,309],"product_tag":[],"class_list":{"0":"post-42976","1":"product","2":"type-product","3":"status-publish","4":"has-post-thumbnail","6":"product_brand-joma","7":"product_cat-barbati","8":"product_cat-copii","9":"product_cat-geci","10":"product_cat-geci-imbracaminte-copii","11":"product_cat-imbracaminte-copii","12":"product_cat-imbracaminte","13":"pa_marime-costume-2xl","14":"pa_marime-costume-2xs","15":"pa_marime-costume-3xl","16":"pa_marime-costume-3xs","17":"pa_marime-costume-4xs","18":"pa_marime-costume-l","19":"pa_marime-costume-m","20":"pa_marime-costume-s","21":"pa_marime-costume-xs","23":"first","24":"instock","25":"shipping-taxable","26":"purchasable","27":"product-type-variable"},"_links":{"self":[{"href":"https:\/\/www.joma-orhei.md\/ru\/wp-json\/wp\/v2\/product\/42976","targetHints":{"allow":["GET"]}}],"collection":[{"href":"https:\/\/www.joma-orhei.md\/ru\/wp-json\/wp\/v2\/product"}],"about":[{"href":"https:\/\/www.joma-orhei.md\/ru\/wp-json\/wp\/v2\/types\/product"}],"wp:featuredmedia":[{"embeddable":true,"href":"https:\/\/www.joma-orhei.md\/ru\/wp-json\/wp\/v2\/media\/42964"}],"wp:attachment":[{"href":"https:\/\/www.joma-orhei.md\/ru\/wp-json\/wp\/v2\/media?parent=42976"}],"wp:term":[{"taxonomy":"product_brand","embeddable":true,"href":"https:\/\/www.joma-orhei.md\/ru\/wp-json\/wp\/v2\/product_brand?post=42976"},{"taxonomy":"product_cat","embeddable":true,"href":"https:\/\/www.joma-orhei.md\/ru\/wp-json\/wp\/v2\/product_cat?post=42976"},{"taxonomy":"product_tag","embeddable":true,"href":"https:\/\/www.joma-orhei.md\/ru\/wp-json\/wp\/v2\/product_tag?post=42976"}],"curies":[{"name":"wp","href":"https:\/\/api.w.org\/{rel}","templated":true}]}}