{"id":42948,"date":"2026-03-12T15:36:35","date_gmt":"2026-03-12T13:36:35","guid":{"rendered":"https:\/\/www.joma-orhei.md\/?post_type=product&#038;p=42948"},"modified":"2026-03-12T15:36:35","modified_gmt":"2026-03-12T13:36:35","slug":"101967-151-academy-iv-zip-up-hoodie-anthracite-black","status":"publish","type":"product","link":"https:\/\/www.joma-orhei.md\/ru\/product\/101967-151-academy-iv-zip-up-hoodie-anthracite-black\/","title":{"rendered":"101967.151 -ACADEMY IV ZIP-UP HOODIE ANTHRACITE BLACK"},"content":{"rendered":"<h2><span dir=\"auto\">Descriere<\/span><\/h2>\n<div class=\"Textcollapse\">\n<p><span dir=\"auto\">Hanorac cu fermoar pentru b\u0103rba\u021bi\/b\u0103ie\u021bi. Aceast\u0103 jachet\u0103 este potrivit\u0103 pentru antrenamente sportive, dup\u0103 exerci\u021bii fizice sau chiar pentru utilizare zilnic\u0103. Este deosebit de confortabil\u0103 pentru antrenamente \u0219i \u00eenc\u0103lzire de fotbal \u0219i futsal. Cu ea, fotbalistul va r\u0103m\u00e2ne cald f\u0103r\u0103 a-\u0219i limita libertatea de mi\u0219care.<\/span><\/p>\n<p><span dir=\"auto\">Dispune de o glug\u0103 reglabil\u0103 cu \u0219nururi plate \u0219i buzunare f\u0103r\u0103 fermoar pentru depozitarea obiectelor mici \u0219i stilizarea hainei. Man\u0219etele \u0219i tivul sunt confec\u021bionate din material cu nervuri pentru a oferi o potrivire confortabil\u0103 \u0219i o mai bun\u0103 izolare \u00eempotriva frigului. \u00cen plus, m\u00e2necile sunt \u00een stil raglan, ceea ce contribuie la libertatea de mi\u0219care. Prin eliminarea cus\u0103turilor de la umeri, c\u0103ma\u0219a este u\u0219or de mi\u0219cat \u0219i foarte confortabil\u0103.<\/span><\/p>\n<p><span dir=\"auto\">\u00cen interior este confec\u021bionat din fleece, un material moale \u0219i c\u0103lduros, care ajut\u0103 la men\u021binerea c\u0103ldurii \u00een timpul antrenamentului la temperaturi sc\u0103zute \u0219i la maximizarea confortului. \u00cen plus, materialul exterior al hainei a fost confec\u021bionat dintr-un material rezistent pentru a-i prelungi durata de via\u021b\u0103.<\/span><\/p>\n<p><span dir=\"auto\">Are un design simplu \u0219i minimalist, cu m\u00e2neci contrastante. Foarte u\u0219or de asortat cu un pantalon de trening pentru a completa treningul.<\/span><\/p>\n<p><span dir=\"auto\">*\u0218nururile nu sunt incluse \u00een m\u0103rimile Junior<\/span><\/p>\n<p><span dir=\"auto\">Logo Joma imprimat serigrafic.<\/span><\/p>\n<\/div>","protected":false},"excerpt":{"rendered":"<p><span dir=\"auto\">Hanorac cu fermoar pentru b\u0103rba\u021bi\/b\u0103ie\u021bi.<\/span><\/p>","protected":false},"featured_media":42950,"template":"","meta":{"_themeisle_gutenberg_block_has_review":false},"product_brand":[370],"product_cat":[307,337,313,422,338,309],"product_tag":[],"class_list":{"0":"post-42948","1":"product","2":"type-product","3":"status-publish","4":"has-post-thumbnail","6":"product_brand-joma","7":"product_cat-barbati","8":"product_cat-copii","9":"product_cat-hanorace","10":"product_cat-hanorace-copii","11":"product_cat-imbracaminte-copii","12":"product_cat-imbracaminte","13":"pa_marime-costume-4xs","14":"pa_marime-costume-l","16":"first","17":"instock","18":"shipping-taxable","19":"purchasable","20":"product-type-variable"},"_links":{"self":[{"href":"https:\/\/www.joma-orhei.md\/ru\/wp-json\/wp\/v2\/product\/42948","targetHints":{"allow":["GET"]}}],"collection":[{"href":"https:\/\/www.joma-orhei.md\/ru\/wp-json\/wp\/v2\/product"}],"about":[{"href":"https:\/\/www.joma-orhei.md\/ru\/wp-json\/wp\/v2\/types\/product"}],"wp:featuredmedia":[{"embeddable":true,"href":"https:\/\/www.joma-orhei.md\/ru\/wp-json\/wp\/v2\/media\/42950"}],"wp:attachment":[{"href":"https:\/\/www.joma-orhei.md\/ru\/wp-json\/wp\/v2\/media?parent=42948"}],"wp:term":[{"taxonomy":"product_brand","embeddable":true,"href":"https:\/\/www.joma-orhei.md\/ru\/wp-json\/wp\/v2\/product_brand?post=42948"},{"taxonomy":"product_cat","embeddable":true,"href":"https:\/\/www.joma-orhei.md\/ru\/wp-json\/wp\/v2\/product_cat?post=42948"},{"taxonomy":"product_tag","embeddable":true,"href":"https:\/\/www.joma-orhei.md\/ru\/wp-json\/wp\/v2\/product_tag?post=42948"}],"curies":[{"name":"wp","href":"https:\/\/api.w.org\/{rel}","templated":true}]}}