{"id":42937,"date":"2026-03-12T15:27:42","date_gmt":"2026-03-12T13:27:42","guid":{"rendered":"https:\/\/www.joma-orhei.md\/?post_type=product&#038;p=42937"},"modified":"2026-03-12T15:27:42","modified_gmt":"2026-03-12T13:27:42","slug":"101953-106-championship-vi-tracksuit-black-red","status":"publish","type":"product","link":"https:\/\/www.joma-orhei.md\/ru\/product\/101953-106-championship-vi-tracksuit-black-red\/","title":{"rendered":"101953.106 -CHAMPIONSHIP VI TRACKSUIT BLACK RED"},"content":{"rendered":"<p>Costum sport. Hanorac sport cu fermoar \u0219i buzunare. Elastic elastic la man\u0219ete \u0219i \u00een partea de jos pentru o potrivire optim\u0103. Logo brodat. Pantaloni conici cu buzunare. Talie elastic\u0103 cu cordon reglabil. Logo brodat.<\/p>","protected":false},"excerpt":{"rendered":"<p>Costum sport.<\/p>","protected":false},"featured_media":42940,"template":"","meta":{"_themeisle_gutenberg_block_has_review":false},"product_brand":[370],"product_cat":[307,310,309],"product_tag":[],"class_list":{"0":"post-42937","1":"product","2":"type-product","3":"status-publish","4":"has-post-thumbnail","6":"product_brand-joma","7":"product_cat-barbati","8":"product_cat-costume-sportive","9":"product_cat-imbracaminte","10":"pa_marime-costume-xl","12":"first","13":"instock","14":"shipping-taxable","15":"purchasable","16":"product-type-variable"},"_links":{"self":[{"href":"https:\/\/www.joma-orhei.md\/ru\/wp-json\/wp\/v2\/product\/42937","targetHints":{"allow":["GET"]}}],"collection":[{"href":"https:\/\/www.joma-orhei.md\/ru\/wp-json\/wp\/v2\/product"}],"about":[{"href":"https:\/\/www.joma-orhei.md\/ru\/wp-json\/wp\/v2\/types\/product"}],"wp:featuredmedia":[{"embeddable":true,"href":"https:\/\/www.joma-orhei.md\/ru\/wp-json\/wp\/v2\/media\/42940"}],"wp:attachment":[{"href":"https:\/\/www.joma-orhei.md\/ru\/wp-json\/wp\/v2\/media?parent=42937"}],"wp:term":[{"taxonomy":"product_brand","embeddable":true,"href":"https:\/\/www.joma-orhei.md\/ru\/wp-json\/wp\/v2\/product_brand?post=42937"},{"taxonomy":"product_cat","embeddable":true,"href":"https:\/\/www.joma-orhei.md\/ru\/wp-json\/wp\/v2\/product_cat?post=42937"},{"taxonomy":"product_tag","embeddable":true,"href":"https:\/\/www.joma-orhei.md\/ru\/wp-json\/wp\/v2\/product_tag?post=42937"}],"curies":[{"name":"wp","href":"https:\/\/api.w.org\/{rel}","templated":true}]}}