{"id":42925,"date":"2026-03-12T15:12:05","date_gmt":"2026-03-12T13:12:05","guid":{"rendered":"https:\/\/www.joma-orhei.md\/?post_type=product&#038;p=42925"},"modified":"2026-03-12T15:12:05","modified_gmt":"2026-03-12T13:12:05","slug":"101822-702-championship-vi-short-sleeve-t-shirt-royal-white","status":"publish","type":"product","link":"https:\/\/www.joma-orhei.md\/ru\/product\/101822-702-championship-vi-short-sleeve-t-shirt-royal-white\/","title":{"rendered":"101822.702 -CHAMPIONSHIP VI SHORT SLEEVE T-SHIRT ROYAL WHITE"},"content":{"rendered":"<div class=\"elementor-element elementor-element-53ab11f elementor-widget elementor-widget-heading\" data-id=\"53ab11f\" data-element_type=\"widget\" data-widget_type=\"heading.default\">\n<div class=\"elementor-widget-container\"><span class=\"elementor-heading-title elementor-size-default\">Descrierea produsului<\/span><\/div>\n<\/div>\n<div class=\"elementor-element elementor-element-29065ae product_d_ro elementor-widget elementor-widget-text-editor\" data-id=\"29065ae\" data-element_type=\"widget\" data-widget_type=\"text-editor.default\">\n<div class=\"elementor-widget-container\">Tricou cu m\u00e2nec\u0103 scurt\u0103 pentru b\u0103rba\u021bi\/b\u0103ie\u021bi. Model de tricou tehnic conceput pentru antrenament si competitie in fotbal si fotbal in sala. \u00cencorporeaz\u0103 cea mai bun\u0103 tehnologie pentru ca fotbalistul s\u0103 dea totul pe terenul de joc. Cu o croial\u0103 care faciliteaz\u0103 libertatea de mi\u0219care \u0219i cu o \u021bes\u0103tur\u0103 care ajut\u0103 la eliminarea transpira\u021biei. Se caracterizeaza prin a avea un gat rotund elastic, care se potriveste confortabil fara disconfort. Datorit\u0103 propriet\u0103\u021bilor sale respirabile, acest tricou permite corpului s\u0103 respire \u0219i s\u0103 r\u0103m\u00e2n\u0103 uscat \u00een timpul sportului. In plus, este realizata din material rezistent, usor si usor de intretinut, care se remarca prin adaptabilitate, oferind un confort sporit in cele mai intense meciuri. Designul prezint\u0103 detalii de culoare contrastant\u0103 pe umeri \u0219i laterale. Designul s\u0103u minimalist \u0219i simplu este u\u0219or de combinat cu al\u021bi pantaloni sport. A\u0219a vei ob\u021bine echipamentul perfect pentru fotbal \u0219i fotbal de sal\u0103. Logo Joma brodat.<\/div>\n<\/div>","protected":false},"excerpt":{"rendered":"<p>Tricou cu m\u00e2nec\u0103 scurt\u0103 pentru b\u0103rba\u021bi\/b\u0103ie\u021bi.<\/p>","protected":false},"featured_media":42927,"template":"","meta":{"_themeisle_gutenberg_block_has_review":false},"product_brand":[370],"product_cat":[307,309,312],"product_tag":[],"class_list":{"0":"post-42925","1":"product","2":"type-product","3":"status-publish","4":"has-post-thumbnail","6":"product_brand-joma","7":"product_cat-barbati","8":"product_cat-imbracaminte","9":"product_cat-tricouri","10":"pa_marime-costume-m","11":"pa_marime-costume-s","13":"first","14":"instock","15":"shipping-taxable","16":"purchasable","17":"product-type-variable"},"_links":{"self":[{"href":"https:\/\/www.joma-orhei.md\/ru\/wp-json\/wp\/v2\/product\/42925","targetHints":{"allow":["GET"]}}],"collection":[{"href":"https:\/\/www.joma-orhei.md\/ru\/wp-json\/wp\/v2\/product"}],"about":[{"href":"https:\/\/www.joma-orhei.md\/ru\/wp-json\/wp\/v2\/types\/product"}],"wp:featuredmedia":[{"embeddable":true,"href":"https:\/\/www.joma-orhei.md\/ru\/wp-json\/wp\/v2\/media\/42927"}],"wp:attachment":[{"href":"https:\/\/www.joma-orhei.md\/ru\/wp-json\/wp\/v2\/media?parent=42925"}],"wp:term":[{"taxonomy":"product_brand","embeddable":true,"href":"https:\/\/www.joma-orhei.md\/ru\/wp-json\/wp\/v2\/product_brand?post=42925"},{"taxonomy":"product_cat","embeddable":true,"href":"https:\/\/www.joma-orhei.md\/ru\/wp-json\/wp\/v2\/product_cat?post=42925"},{"taxonomy":"product_tag","embeddable":true,"href":"https:\/\/www.joma-orhei.md\/ru\/wp-json\/wp\/v2\/product_tag?post=42925"}],"curies":[{"name":"wp","href":"https:\/\/api.w.org\/{rel}","templated":true}]}}