{"id":42856,"date":"2026-03-12T14:18:33","date_gmt":"2026-03-12T12:18:33","guid":{"rendered":"https:\/\/www.joma-orhei.md\/?post_type=product&#038;p=42856"},"modified":"2026-03-12T14:18:33","modified_gmt":"2026-03-12T12:18:33","slug":"101697-100-islandia-iii-anorak-black","status":"publish","type":"product","link":"https:\/\/www.joma-orhei.md\/ru\/product\/101697-100-islandia-iii-anorak-black\/","title":{"rendered":"101697.100 -ISLANDIA III ANORAK BLACK"},"content":{"rendered":"<h2><span dir=\"auto\">Descriere<\/span><\/h2>\n<div class=\"Textcollapse\">\n<p><span dir=\"auto\">Geac\u0103 anorac 3\/4 cu fermoar \u0219i nasturi. Prezint\u0103 glug\u0103, man\u0219ete cu nervuri \u0219i dou\u0103 buzunare cu fermoare duble, care se pot deschide de sus sau de jos. Are un buzunar suplimentar \u00een interior cu \u00eenchidere cu velcro. Include material polar \u00een interior pentru confort \u0219i c\u0103ldur\u0103.<\/span><\/p>\n<p>&nbsp;<\/p>\n<\/div>","protected":false},"excerpt":{"rendered":"<p><span dir=\"auto\">Geac\u0103 anorac 3\/4 cu fermoar \u0219i nasturi. <\/span><\/p>","protected":false},"featured_media":42857,"template":"","meta":{"_themeisle_gutenberg_block_has_review":false},"product_brand":[370],"product_cat":[307,317,309],"product_tag":[],"class_list":{"0":"post-42856","1":"product","2":"type-product","3":"status-publish","4":"has-post-thumbnail","6":"product_brand-joma","7":"product_cat-barbati","8":"product_cat-geci","9":"product_cat-imbracaminte","10":"pa_marime-costume-l","11":"pa_marime-costume-m","12":"pa_marime-costume-xl","14":"first","15":"instock","16":"shipping-taxable","17":"purchasable","18":"product-type-variable"},"_links":{"self":[{"href":"https:\/\/www.joma-orhei.md\/ru\/wp-json\/wp\/v2\/product\/42856","targetHints":{"allow":["GET"]}}],"collection":[{"href":"https:\/\/www.joma-orhei.md\/ru\/wp-json\/wp\/v2\/product"}],"about":[{"href":"https:\/\/www.joma-orhei.md\/ru\/wp-json\/wp\/v2\/types\/product"}],"wp:featuredmedia":[{"embeddable":true,"href":"https:\/\/www.joma-orhei.md\/ru\/wp-json\/wp\/v2\/media\/42857"}],"wp:attachment":[{"href":"https:\/\/www.joma-orhei.md\/ru\/wp-json\/wp\/v2\/media?parent=42856"}],"wp:term":[{"taxonomy":"product_brand","embeddable":true,"href":"https:\/\/www.joma-orhei.md\/ru\/wp-json\/wp\/v2\/product_brand?post=42856"},{"taxonomy":"product_cat","embeddable":true,"href":"https:\/\/www.joma-orhei.md\/ru\/wp-json\/wp\/v2\/product_cat?post=42856"},{"taxonomy":"product_tag","embeddable":true,"href":"https:\/\/www.joma-orhei.md\/ru\/wp-json\/wp\/v2\/product_tag?post=42856"}],"curies":[{"name":"wp","href":"https:\/\/api.w.org\/{rel}","templated":true}]}}