{"id":42829,"date":"2026-03-12T13:47:13","date_gmt":"2026-03-12T11:47:13","guid":{"rendered":"https:\/\/www.joma-orhei.md\/?post_type=product&#038;p=42829"},"modified":"2026-03-12T13:47:13","modified_gmt":"2026-03-12T11:47:13","slug":"101650-331-brama-classic-seamless-t-shirt-dark-navy-l-s","status":"publish","type":"product","link":"https:\/\/www.joma-orhei.md\/ru\/product\/101650-331-brama-classic-seamless-t-shirt-dark-navy-l-s\/","title":{"rendered":"101650.331 -BRAMA CLASSIC SEAMLESS T-SHIRT DARK NAVY L\/S"},"content":{"rendered":"<div class=\"elementor-element elementor-element-53ab11f elementor-widget elementor-widget-heading\" data-id=\"53ab11f\" data-element_type=\"widget\" data-widget_type=\"heading.default\">\n<div class=\"elementor-widget-container\"><span class=\"elementor-heading-title elementor-size-default\">Descrierea produsului<\/span><\/div>\n<\/div>\n<div class=\"elementor-element elementor-element-29065ae product_d_ro elementor-widget elementor-widget-text-editor\" data-id=\"29065ae\" data-element_type=\"widget\" data-widget_type=\"text-editor.default\">\n<div class=\"elementor-widget-container\">Maiou termic cu guler \u00eenalt \u0219i m\u00e2neci lungi, echipate cu orificii pentru degetul mare pentru o potrivire perfect\u0103. Nu are cus\u0103turi pentru a preveni iritarea \u0219i pentru a oferi confort maxim. Designul jacquard ajut\u0103 la \u00eembun\u0103t\u0103\u021birea ventila\u021biei<\/div>\n<\/div>","protected":false},"excerpt":{"rendered":"<p>Maiou termic<\/p>","protected":false},"featured_media":42822,"template":"","meta":{"_themeisle_gutenberg_block_has_review":false},"product_brand":[370],"product_cat":[307,337,338,309,346,319],"product_tag":[],"class_list":{"0":"post-42829","1":"product","2":"type-product","3":"status-publish","4":"has-post-thumbnail","6":"product_brand-joma","7":"product_cat-barbati","8":"product_cat-copii","9":"product_cat-imbracaminte-copii","10":"product_cat-imbracaminte","11":"product_cat-termo-imbracaminte-copii","12":"product_cat-termo","13":"pa_marime-costume-2xs","14":"pa_marime-costume-3xs","15":"pa_marime-costume-4xs","16":"pa_marime-costume-5xs","17":"pa_marime-costume-6xs","18":"pa_marime-costume-m","19":"pa_marime-costume-s","20":"pa_marime-costume-xs","22":"first","23":"instock","24":"shipping-taxable","25":"purchasable","26":"product-type-variable"},"_links":{"self":[{"href":"https:\/\/www.joma-orhei.md\/ru\/wp-json\/wp\/v2\/product\/42829","targetHints":{"allow":["GET"]}}],"collection":[{"href":"https:\/\/www.joma-orhei.md\/ru\/wp-json\/wp\/v2\/product"}],"about":[{"href":"https:\/\/www.joma-orhei.md\/ru\/wp-json\/wp\/v2\/types\/product"}],"wp:featuredmedia":[{"embeddable":true,"href":"https:\/\/www.joma-orhei.md\/ru\/wp-json\/wp\/v2\/media\/42822"}],"wp:attachment":[{"href":"https:\/\/www.joma-orhei.md\/ru\/wp-json\/wp\/v2\/media?parent=42829"}],"wp:term":[{"taxonomy":"product_brand","embeddable":true,"href":"https:\/\/www.joma-orhei.md\/ru\/wp-json\/wp\/v2\/product_brand?post=42829"},{"taxonomy":"product_cat","embeddable":true,"href":"https:\/\/www.joma-orhei.md\/ru\/wp-json\/wp\/v2\/product_cat?post=42829"},{"taxonomy":"product_tag","embeddable":true,"href":"https:\/\/www.joma-orhei.md\/ru\/wp-json\/wp\/v2\/product_tag?post=42829"}],"curies":[{"name":"wp","href":"https:\/\/api.w.org\/{rel}","templated":true}]}}