{"id":42817,"date":"2026-03-12T13:32:25","date_gmt":"2026-03-12T11:32:25","guid":{"rendered":"https:\/\/www.joma-orhei.md\/?post_type=product&#038;p=42817"},"modified":"2026-03-12T13:32:25","modified_gmt":"2026-03-12T11:32:25","slug":"101333-600-sweat-shirt-cairo-ii-red","status":"publish","type":"product","link":"https:\/\/www.joma-orhei.md\/ru\/product\/101333-600-sweat-shirt-cairo-ii-red\/","title":{"rendered":"101333.600 -SWEAT SHIRT CAIRO II RED"},"content":{"rendered":"<p>Hanorac pentru b\u0103rba\u021bi\/b\u0103ie\u021bi, conceput pentru antrenamente sportive \u00een zilele reci, este, de asemenea, perfect pentru stilul casual de zi cu zi. \u00cenf\u0103\u0219ura\u021bi-v\u0103 \u00een confortul \u0219i moliciunea acestui hanorac \u0219i \u00eenfrunta\u021bi frigul \u00eentr-un stil sofisticat \u0219i minimalist.<\/p>\n<p>Acest hanorac cu g\u00e2t rotund are tiv \u0219i man\u0219ete cu nervuri, care asigur\u0103 o potrivire optim\u0103 \u0219i v\u0103 feresc de frig. Acest tip de \u00eentindere elastic\u0103 nu deranjeaz\u0103 \u0219i nu limiteaz\u0103 mi\u0219carea, deoarece este foarte flexibil.<\/p>\n<p>Este confec\u021bionat din \u021bes\u0103tur\u0103 moale, cald\u0103 \u0219i durabil\u0103, care rezist\u0103 la sp\u0103lare \u0219i ofer\u0103 un confort excelent sportivului. \u021aes\u0103tura interioar\u0103 moale \u0219i plu\u0219at\u0103 v\u0103 \u00eenv\u0103luie \u00een confort la un cu totul alt nivel. \u00cen acela\u0219i timp, \u00eei \u021bine atletului cald, men\u021bin\u00e2nd o temperatur\u0103 constant\u0103 a corpului. Acest hanorac ofer\u0103, de asemenea, libertate de mi\u0219care sportivului.<\/p>\n<p>Este un articol de baz\u0103 sportiv, u\u0219or de combinat cu orice tip de top.<\/p>\n<p>Logo J brodat.<\/p>","protected":false},"excerpt":{"rendered":"<p>Hanorac pentru b\u0103rba\u021bi\/b\u0103ie\u021bi<\/p>","protected":false},"featured_media":42807,"template":"","meta":{"_themeisle_gutenberg_block_has_review":false},"product_brand":[370],"product_cat":[307,313,422,338,309],"product_tag":[],"class_list":{"0":"post-42817","1":"product","2":"type-product","3":"status-publish","4":"has-post-thumbnail","6":"product_brand-joma","7":"product_cat-barbati","8":"product_cat-hanorace","9":"product_cat-hanorace-copii","10":"product_cat-imbracaminte-copii","11":"product_cat-imbracaminte","12":"pa_marime-costume-l","13":"pa_marime-costume-xs","15":"first","16":"instock","17":"shipping-taxable","18":"purchasable","19":"product-type-variable"},"_links":{"self":[{"href":"https:\/\/www.joma-orhei.md\/ru\/wp-json\/wp\/v2\/product\/42817","targetHints":{"allow":["GET"]}}],"collection":[{"href":"https:\/\/www.joma-orhei.md\/ru\/wp-json\/wp\/v2\/product"}],"about":[{"href":"https:\/\/www.joma-orhei.md\/ru\/wp-json\/wp\/v2\/types\/product"}],"wp:featuredmedia":[{"embeddable":true,"href":"https:\/\/www.joma-orhei.md\/ru\/wp-json\/wp\/v2\/media\/42807"}],"wp:attachment":[{"href":"https:\/\/www.joma-orhei.md\/ru\/wp-json\/wp\/v2\/media?parent=42817"}],"wp:term":[{"taxonomy":"product_brand","embeddable":true,"href":"https:\/\/www.joma-orhei.md\/ru\/wp-json\/wp\/v2\/product_brand?post=42817"},{"taxonomy":"product_cat","embeddable":true,"href":"https:\/\/www.joma-orhei.md\/ru\/wp-json\/wp\/v2\/product_cat?post=42817"},{"taxonomy":"product_tag","embeddable":true,"href":"https:\/\/www.joma-orhei.md\/ru\/wp-json\/wp\/v2\/product_tag?post=42817"}],"curies":[{"name":"wp","href":"https:\/\/api.w.org\/{rel}","templated":true}]}}