{"id":42779,"date":"2026-03-12T12:24:44","date_gmt":"2026-03-12T10:24:44","guid":{"rendered":"https:\/\/www.joma-orhei.md\/?post_type=product&#038;p=42779"},"modified":"2026-03-12T12:24:44","modified_gmt":"2026-03-12T10:24:44","slug":"101018-700-academy-shirt-brama-royal-l-s","status":"publish","type":"product","link":"https:\/\/www.joma-orhei.md\/ru\/product\/101018-700-academy-shirt-brama-royal-l-s\/","title":{"rendered":"101018.700 -ACADEMY SHIRT BRAMA ROYAL L\/S"},"content":{"rendered":"<div class=\"elementor-element elementor-element-53ab11f elementor-widget elementor-widget-heading\" data-id=\"53ab11f\" data-element_type=\"widget\" data-widget_type=\"heading.default\">\n<div class=\"elementor-widget-container\"><span class=\"elementor-heading-title elementor-size-default\">Descrierea produsului<\/span><\/div>\n<\/div>\n<div class=\"elementor-element elementor-element-29065ae product_d_ro elementor-widget elementor-widget-text-editor\" data-id=\"29065ae\" data-element_type=\"widget\" data-widget_type=\"text-editor.default\">\n<div class=\"elementor-widget-container\">Tricou cu m\u00e2nec\u0103 lung\u0103. Model unisex, potrivit pentru b\u0103rba\u021bi \u0219i femei. Conceput pentru practicarea sportiv\u0103 la temperaturi sc\u0103zute, atunci c\u00e2nd sportivul trebuie s\u0103 men\u021bin\u0103 o temperatur\u0103 constant\u0103 a corpului. Aceast\u0103 c\u0103ma\u0219\u0103 termic\u0103 are totul \u00een confort: u\u0219urin\u021b\u0103, respirabilitate \u0219i cus\u0103turi care previn frecarea. Prezinta o croiala ajustata, care se adapteaza la toate formele corpului datorita materialului elastic, asigurand in acelasi timp libertatea de miscare. Tehnologia BRAMA garanteaz\u0103 o bun\u0103 izolare termic\u0103, men\u021bin\u00e2nd un echilibru bun \u00eentre aportul de c\u0103ldur\u0103 \u0219i evacuarea transpira\u021biei. Este respirabil \u00een acele zone care acumuleaz\u0103 cea mai mare transpira\u021bie. Contact bun cu pielea datorit\u0103 \u00eencorpor\u0103rii cus\u0103turilor plate Flatlock care previn uz\u0103rile enervante. Cu el po\u021bi uita de disconfort. G\u00e2tul Perkings contribuie, de asemenea, la protec\u021bia \u00eempotriva frigului. Logo Joma serigrafiat.<\/div>\n<\/div>","protected":false},"excerpt":{"rendered":"<p>Tricou cu m\u00e2nec\u0103 lung\u0103 termo.<\/p>","protected":false},"featured_media":42769,"template":"","meta":{"_themeisle_gutenberg_block_has_review":false},"product_brand":[370],"product_cat":[307,337,338,309,346,319],"product_tag":[],"class_list":{"0":"post-42779","1":"product","2":"type-product","3":"status-publish","4":"has-post-thumbnail","6":"product_brand-joma","7":"product_cat-barbati","8":"product_cat-copii","9":"product_cat-imbracaminte-copii","10":"product_cat-imbracaminte","11":"product_cat-termo-imbracaminte-copii","12":"product_cat-termo","13":"pa_marime-costume-2xs","14":"pa_marime-costume-3xs","15":"pa_marime-costume-4xs","16":"pa_marime-costume-xs","18":"first","19":"instock","20":"shipping-taxable","21":"purchasable","22":"product-type-variable"},"_links":{"self":[{"href":"https:\/\/www.joma-orhei.md\/ru\/wp-json\/wp\/v2\/product\/42779","targetHints":{"allow":["GET"]}}],"collection":[{"href":"https:\/\/www.joma-orhei.md\/ru\/wp-json\/wp\/v2\/product"}],"about":[{"href":"https:\/\/www.joma-orhei.md\/ru\/wp-json\/wp\/v2\/types\/product"}],"wp:featuredmedia":[{"embeddable":true,"href":"https:\/\/www.joma-orhei.md\/ru\/wp-json\/wp\/v2\/media\/42769"}],"wp:attachment":[{"href":"https:\/\/www.joma-orhei.md\/ru\/wp-json\/wp\/v2\/media?parent=42779"}],"wp:term":[{"taxonomy":"product_brand","embeddable":true,"href":"https:\/\/www.joma-orhei.md\/ru\/wp-json\/wp\/v2\/product_brand?post=42779"},{"taxonomy":"product_cat","embeddable":true,"href":"https:\/\/www.joma-orhei.md\/ru\/wp-json\/wp\/v2\/product_cat?post=42779"},{"taxonomy":"product_tag","embeddable":true,"href":"https:\/\/www.joma-orhei.md\/ru\/wp-json\/wp\/v2\/product_tag?post=42779"}],"curies":[{"name":"wp","href":"https:\/\/api.w.org\/{rel}","templated":true}]}}