{"id":42720,"date":"2026-03-12T11:37:21","date_gmt":"2026-03-12T09:37:21","guid":{"rendered":"https:\/\/www.joma-orhei.md\/?post_type=product&#038;p=42720"},"modified":"2026-03-12T11:52:13","modified_gmt":"2026-03-12T09:52:13","slug":"101016-100-academy-long-pants-brama-black","status":"publish","type":"product","link":"https:\/\/www.joma-orhei.md\/ru\/product\/101016-100-academy-long-pants-brama-black\/","title":{"rendered":"101016.100 -ACADEMY LONG PANTS BRAMA BLACK"},"content":{"rendered":"<div class=\"itemDsc\"><span dir=\"auto\">Colan\u021bi lungi termo, confec\u021biona\u021bi dintr-un amestec de 90% poliester \u0219i 10% elastan, sunt perfec\u021bi pentru alergare \u0219i alte sporturi. Linia dispune de tehnologia BRAMA pentru re\u021binerea c\u0103ldurii \u0219i respirabilitate \u00eembun\u0103t\u0103\u021bit\u0103. Se potrivesc perfect, dar permit libertate de mi\u0219care. Talia elastic\u0103 \u0219i cus\u0103turile Flatlock previn irita\u021biile. Paleta de culori uni este completat\u0103 de sigla brandului.<\/span><\/div>","protected":false},"excerpt":{"rendered":"<p><span dir=\"auto\">Colan\u021bi lungi termo<\/span><\/p>","protected":false},"featured_media":42721,"template":"","meta":{"_themeisle_gutenberg_block_has_review":false},"product_brand":[370],"product_cat":[307,337,338,309,346,319],"product_tag":[],"class_list":{"0":"post-42720","1":"product","2":"type-product","3":"status-publish","4":"has-post-thumbnail","6":"product_brand-joma","7":"product_cat-barbati","8":"product_cat-copii","9":"product_cat-imbracaminte-copii","10":"product_cat-imbracaminte","11":"product_cat-termo-imbracaminte-copii","12":"product_cat-termo","13":"pa_marime-costume-2xs","14":"pa_marime-costume-3xs","15":"pa_marime-costume-4xs","16":"pa_marime-costume-5xs","17":"pa_marime-costume-6xs","18":"pa_marime-costume-l","19":"pa_marime-costume-m","20":"pa_marime-costume-s","21":"pa_marime-costume-xl","23":"first","24":"instock","25":"shipping-taxable","26":"purchasable","27":"product-type-variable"},"_links":{"self":[{"href":"https:\/\/www.joma-orhei.md\/ru\/wp-json\/wp\/v2\/product\/42720","targetHints":{"allow":["GET"]}}],"collection":[{"href":"https:\/\/www.joma-orhei.md\/ru\/wp-json\/wp\/v2\/product"}],"about":[{"href":"https:\/\/www.joma-orhei.md\/ru\/wp-json\/wp\/v2\/types\/product"}],"wp:featuredmedia":[{"embeddable":true,"href":"https:\/\/www.joma-orhei.md\/ru\/wp-json\/wp\/v2\/media\/42721"}],"wp:attachment":[{"href":"https:\/\/www.joma-orhei.md\/ru\/wp-json\/wp\/v2\/media?parent=42720"}],"wp:term":[{"taxonomy":"product_brand","embeddable":true,"href":"https:\/\/www.joma-orhei.md\/ru\/wp-json\/wp\/v2\/product_brand?post=42720"},{"taxonomy":"product_cat","embeddable":true,"href":"https:\/\/www.joma-orhei.md\/ru\/wp-json\/wp\/v2\/product_cat?post=42720"},{"taxonomy":"product_tag","embeddable":true,"href":"https:\/\/www.joma-orhei.md\/ru\/wp-json\/wp\/v2\/product_tag?post=42720"}],"curies":[{"name":"wp","href":"https:\/\/api.w.org\/{rel}","templated":true}]}}