{"id":42686,"date":"2026-03-12T11:11:50","date_gmt":"2026-03-12T09:11:50","guid":{"rendered":"https:\/\/www.joma-orhei.md\/?post_type=product&#038;p=42686"},"modified":"2026-03-12T11:11:50","modified_gmt":"2026-03-12T09:11:50","slug":"100761-100-long-pant-championship-iv-black","status":"publish","type":"product","link":"https:\/\/www.joma-orhei.md\/ru\/product\/100761-100-long-pant-championship-iv-black\/","title":{"rendered":"100761.100 -LONG PANT CHAMPIONSHIP IV BLACK"},"content":{"rendered":"<h2><span dir=\"auto\">Descriere<\/span><\/h2>\n<div class=\"Textcollapse\">\n<p><span dir=\"auto\">Pantaloni lungi, skinny, f\u0103r\u0103 buzunare \u0219i cu deschideri laterale cu fermoar \u00een partea inferioar\u0103, pentru a facilita scoaterea hainei. Talie elastic\u0103 reglabil\u0103 cu \u0219nur \u0219i logo-uri serigrafiate pe laterale.<\/span><\/p>\n<h2><span dir=\"auto\">Caracteristici<\/span><\/h2>\n<ul class=\"features list\">\n<li><span dir=\"auto\">Talie elastic\u0103 cu dantel\u0103<\/span><\/li>\n<li><span dir=\"auto\">Buzunare laterale<\/span><\/li>\n<li><span dir=\"auto\">Material confortabil<\/span><\/li>\n<li><span dir=\"auto\">Linie sub\u021bire<\/span><\/li>\n<li><span dir=\"auto\">Partea inferioar\u0103 cu fermoar<\/span><\/li>\n<li><span dir=\"auto\">Libertatea de mi\u0219care<\/span><\/li>\n<li><span dir=\"auto\">Tip de potrivire: regulat\u0103<\/span><\/li>\n<li><span dir=\"auto\">100% poliester<\/span><\/li>\n<\/ul>\n<\/div>","protected":false},"excerpt":{"rendered":"<p><span dir=\"auto\">Pantaloni lungi, skinny, f\u0103r\u0103 buzunare \u0219i cu deschideri laterale<\/span><\/p>","protected":false},"featured_media":42687,"template":"","meta":{"_themeisle_gutenberg_block_has_review":false},"product_brand":[370],"product_cat":[307,337,338,309,341,315],"product_tag":[],"class_list":{"0":"post-42686","1":"product","2":"type-product","3":"status-publish","4":"has-post-thumbnail","6":"product_brand-joma","7":"product_cat-barbati","8":"product_cat-copii","9":"product_cat-imbracaminte-copii","10":"product_cat-imbracaminte","11":"product_cat-pantaloni-imbracaminte-copii","12":"product_cat-pantaloni","13":"pa_marime-costume-2xs","14":"pa_marime-costume-3xs","15":"pa_marime-costume-4xs","16":"pa_marime-costume-l","17":"pa_marime-costume-m","18":"pa_marime-costume-s","19":"pa_marime-costume-xl","20":"pa_marime-costume-xs","22":"first","23":"instock","24":"shipping-taxable","25":"purchasable","26":"product-type-variable"},"_links":{"self":[{"href":"https:\/\/www.joma-orhei.md\/ru\/wp-json\/wp\/v2\/product\/42686","targetHints":{"allow":["GET"]}}],"collection":[{"href":"https:\/\/www.joma-orhei.md\/ru\/wp-json\/wp\/v2\/product"}],"about":[{"href":"https:\/\/www.joma-orhei.md\/ru\/wp-json\/wp\/v2\/types\/product"}],"wp:featuredmedia":[{"embeddable":true,"href":"https:\/\/www.joma-orhei.md\/ru\/wp-json\/wp\/v2\/media\/42687"}],"wp:attachment":[{"href":"https:\/\/www.joma-orhei.md\/ru\/wp-json\/wp\/v2\/media?parent=42686"}],"wp:term":[{"taxonomy":"product_brand","embeddable":true,"href":"https:\/\/www.joma-orhei.md\/ru\/wp-json\/wp\/v2\/product_brand?post=42686"},{"taxonomy":"product_cat","embeddable":true,"href":"https:\/\/www.joma-orhei.md\/ru\/wp-json\/wp\/v2\/product_cat?post=42686"},{"taxonomy":"product_tag","embeddable":true,"href":"https:\/\/www.joma-orhei.md\/ru\/wp-json\/wp\/v2\/product_tag?post=42686"}],"curies":[{"name":"wp","href":"https:\/\/api.w.org\/{rel}","templated":true}]}}