{"id":42679,"date":"2026-03-12T11:06:48","date_gmt":"2026-03-12T09:06:48","guid":{"rendered":"https:\/\/www.joma-orhei.md\/?post_type=product&#038;p=42679"},"modified":"2026-03-12T11:06:48","modified_gmt":"2026-03-12T09:06:48","slug":"100514-100-long-pant-waterpoof-leeds-black","status":"publish","type":"product","link":"https:\/\/www.joma-orhei.md\/ru\/product\/100514-100-long-pant-waterpoof-leeds-black\/","title":{"rendered":"100514.100 -LONG PANT WATERPOOF LEEDS BLACK"},"content":{"rendered":"<p>Pantaloni lungi caracteriza\u021bi \u00een principal prin faptul c\u0103 sunt impermeabili. Include buzunare cu fermoar \u0219i \u0219nur elastic reglabil pentru o potrivire optim\u0103. Prezint\u0103 deschideri laterale cu fermoar \u00een partea de jos, astfel \u00eenc\u00e2t haina poate fi scoas\u0103 cu u\u0219urin\u021b\u0103.<\/p>","protected":false},"excerpt":{"rendered":"<p>Pantaloni impermiabili.<\/p>","protected":false},"featured_media":42681,"template":"","meta":{"_themeisle_gutenberg_block_has_review":false},"product_brand":[370],"product_cat":[307,309,315],"product_tag":[],"class_list":{"0":"post-42679","1":"product","2":"type-product","3":"status-publish","4":"has-post-thumbnail","6":"product_brand-joma","7":"product_cat-barbati","8":"product_cat-imbracaminte","9":"product_cat-pantaloni","10":"pa_marime-costume-l","11":"pa_marime-costume-m","12":"pa_marime-costume-s","13":"pa_marime-costume-xl","15":"first","16":"instock","17":"shipping-taxable","18":"purchasable","19":"product-type-variable"},"_links":{"self":[{"href":"https:\/\/www.joma-orhei.md\/ru\/wp-json\/wp\/v2\/product\/42679","targetHints":{"allow":["GET"]}}],"collection":[{"href":"https:\/\/www.joma-orhei.md\/ru\/wp-json\/wp\/v2\/product"}],"about":[{"href":"https:\/\/www.joma-orhei.md\/ru\/wp-json\/wp\/v2\/types\/product"}],"wp:featuredmedia":[{"embeddable":true,"href":"https:\/\/www.joma-orhei.md\/ru\/wp-json\/wp\/v2\/media\/42681"}],"wp:attachment":[{"href":"https:\/\/www.joma-orhei.md\/ru\/wp-json\/wp\/v2\/media?parent=42679"}],"wp:term":[{"taxonomy":"product_brand","embeddable":true,"href":"https:\/\/www.joma-orhei.md\/ru\/wp-json\/wp\/v2\/product_brand?post=42679"},{"taxonomy":"product_cat","embeddable":true,"href":"https:\/\/www.joma-orhei.md\/ru\/wp-json\/wp\/v2\/product_cat?post=42679"},{"taxonomy":"product_tag","embeddable":true,"href":"https:\/\/www.joma-orhei.md\/ru\/wp-json\/wp\/v2\/product_tag?post=42679"}],"curies":[{"name":"wp","href":"https:\/\/api.w.org\/{rel}","templated":true}]}}