{"id":42672,"date":"2026-03-12T11:01:18","date_gmt":"2026-03-12T09:01:18","guid":{"rendered":"https:\/\/www.joma-orhei.md\/?post_type=product&#038;p=42672"},"modified":"2026-03-12T11:25:42","modified_gmt":"2026-03-12T09:25:42","slug":"100438-331-drive-bermuda-dark-navy","status":"publish","type":"product","link":"https:\/\/www.joma-orhei.md\/ru\/product\/100438-331-drive-bermuda-dark-navy\/","title":{"rendered":"100438.331 -DRIVE BERMUDA DARK NAVY"},"content":{"rendered":"<h2><span dir=\"auto\">Descriere<\/span><\/h2>\n<div class=\"Textcollapse\">\n<p><span dir=\"auto\">Pantaloni scur\u021bi pentru b\u0103rba\u021bi\/b\u0103ie\u021bi. Model de pantaloni scur\u021bi sport potrivi\u021bi pentru antrenament \u0219i competi\u021bie \u00een sporturi cu rachet\u0103, \u00een special tenis \u0219i padel. Este un pantalon scurt u\u0219or, confortabil \u0219i respirabil, care garanteaz\u0103 prospe\u021bimea corpului. \u00ce\u021bi va oferi tot ce ai nevoie pentru a juca competitiv.<\/span><\/p>\n<p><span dir=\"auto\">Ace\u0219ti pantaloni scur\u021bi includ o talie elastic\u0103 reglabil\u0103 cu un \u0219nur interior plat \u0219i dou\u0103 buzunare laterale mari pentru a depozita 2 sau 3 mingi, potrivite pentru \u00eenl\u0103n\u021buirea rapid\u0103 a serviciilor sau pentru \u00eenceperea unui nou schimb. De asemenea, au o mic\u0103 deschidere \u00een partea de jos care contribuie la libertatea de mi\u0219care.<\/span><\/p>\n<p><span dir=\"auto\">Sunt fabricate din componente u\u0219oare, rezistente \u0219i respirabile, care ajut\u0103 la evacuarea transpira\u021biei. \u00cen plus, permit juc\u0103torului s\u0103 \u00ee\u0219i fac\u0103 toate mi\u0219c\u0103rile cu libertate total\u0103.<\/span><\/p>\n<p><span dir=\"auto\">Designul s\u0103u simplu \u0219i de baz\u0103 \u00eel face u\u0219or de combinat cu un tricou tehnic pentru a ob\u021bine un set complet de tenis sau padel.<\/span><\/p>\n<p><span dir=\"auto\">Logo Joma brodat.<\/span><\/p>\n<h2><span dir=\"auto\">Caracteristici<\/span><\/h2>\n<ul class=\"features list\">\n<li><span dir=\"auto\">Talie elastic\u0103 cu dantel\u0103<\/span><\/li>\n<li><span dir=\"auto\">Buzunare laterale<\/span><\/li>\n<li><span dir=\"auto\">Material u\u0219or<\/span><\/li>\n<li><span dir=\"auto\">Libertatea de mi\u0219care<\/span><\/li>\n<li><span dir=\"auto\">Tip de potrivire: regulat\u0103<\/span><\/li>\n<li><span dir=\"auto\">100% poliester<\/span><\/li>\n<\/ul>\n<\/div>","protected":false},"excerpt":{"rendered":"<p><span dir=\"auto\">Pantaloni scur\u021bi pentru b\u0103rba\u021bi\/b\u0103ie\u021bi. <\/span><\/p>","protected":false},"featured_media":42678,"template":"","meta":{"_themeisle_gutenberg_block_has_review":false},"product_brand":[370],"product_cat":[307,337,338,309,314,342],"product_tag":[],"class_list":{"0":"post-42672","1":"product","2":"type-product","3":"status-publish","4":"has-post-thumbnail","6":"product_brand-joma","7":"product_cat-barbati","8":"product_cat-copii","9":"product_cat-imbracaminte-copii","10":"product_cat-imbracaminte","11":"product_cat-sorti","12":"product_cat-sorti-imbracaminte-copii","13":"pa_marime-costume-3xs","14":"pa_marime-costume-4xs","15":"pa_marime-costume-l","16":"pa_marime-costume-s","18":"first","19":"instock","20":"shipping-taxable","21":"purchasable","22":"product-type-variable"},"_links":{"self":[{"href":"https:\/\/www.joma-orhei.md\/ru\/wp-json\/wp\/v2\/product\/42672","targetHints":{"allow":["GET"]}}],"collection":[{"href":"https:\/\/www.joma-orhei.md\/ru\/wp-json\/wp\/v2\/product"}],"about":[{"href":"https:\/\/www.joma-orhei.md\/ru\/wp-json\/wp\/v2\/types\/product"}],"wp:featuredmedia":[{"embeddable":true,"href":"https:\/\/www.joma-orhei.md\/ru\/wp-json\/wp\/v2\/media\/42678"}],"wp:attachment":[{"href":"https:\/\/www.joma-orhei.md\/ru\/wp-json\/wp\/v2\/media?parent=42672"}],"wp:term":[{"taxonomy":"product_brand","embeddable":true,"href":"https:\/\/www.joma-orhei.md\/ru\/wp-json\/wp\/v2\/product_brand?post=42672"},{"taxonomy":"product_cat","embeddable":true,"href":"https:\/\/www.joma-orhei.md\/ru\/wp-json\/wp\/v2\/product_cat?post=42672"},{"taxonomy":"product_tag","embeddable":true,"href":"https:\/\/www.joma-orhei.md\/ru\/wp-json\/wp\/v2\/product_tag?post=42672"}],"curies":[{"name":"wp","href":"https:\/\/api.w.org\/{rel}","templated":true}]}}