{"id":42622,"date":"2026-03-12T10:28:08","date_gmt":"2026-03-12T08:28:08","guid":{"rendered":"https:\/\/www.joma-orhei.md\/?post_type=product&#038;p=42622"},"modified":"2026-03-12T10:28:09","modified_gmt":"2026-03-12T08:28:09","slug":"100087-700-rainjacket-iris-royal","status":"publish","type":"product","link":"https:\/\/www.joma-orhei.md\/ru\/product\/100087-700-rainjacket-iris-royal\/","title":{"rendered":"100087.700 -RAINJACKET IRIS ROYAL"},"content":{"rendered":"<div class=\"elementor-element elementor-element-53ab11f elementor-widget elementor-widget-heading\" data-id=\"53ab11f\" data-element_type=\"widget\" data-widget_type=\"heading.default\">\n<div class=\"elementor-widget-container\"><span class=\"elementor-heading-title elementor-size-default\">Descrierea produsului<\/span><\/div>\n<\/div>\n<div class=\"elementor-element elementor-element-29065ae product_d_ro elementor-widget elementor-widget-text-editor\" data-id=\"29065ae\" data-element_type=\"widget\" data-widget_type=\"text-editor.default\">\n<div class=\"elementor-widget-container\">Pelern\u0103 de ploaie unisex. Model pentru toate varstele. Aceasta este o jachet\u0103 impermeabil\u0103 confortabil\u0103 \u0219i practic\u0103 pentru a facilita c\u0103l\u0103toriile \u0219i activit\u0103\u021bile sportive pe vreme rece, ploioas\u0103 sau cu v\u00e2nt. Ob\u021bine\u021bi o izola\u021bie maxim\u0103 \u00eempotriva scurgerilor de ap\u0103 f\u0103r\u0103 a sacrifica transpira\u021bia transpira\u021biei. Include o \u00eenchidere cu fermoar pe toat\u0103 lungimea \u0219i un extractor blocabil, care \u00eempiedic\u0103 deschiderea fermoarului \u0219i, prin urmare, las\u0103 ap\u0103 s\u0103 intre. Gluga auto-umplut\u0103 poate fi depozitat\u0103 \u00een buzunarul de la guler cu fermoar. Aceast\u0103 glug\u0103 este reglabil\u0103 cu \u0219nururi, astfel \u00eenc\u00e2t protec\u021bia \u00eempotriva v\u00e2ntului, frigului \u0219i ploii va fi optim\u0103 \u0219i mai confortabil\u0103. De asemenea, are buzunare pentru a depozita in siguranta obiectele mici, manseta reglabila cu elastic pentru o potrivire mai buna si pentru a preveni intrarea apei sau a frigului. Este confectionat din material usor, rezistent la apa. \u00cen zonele cu cea mai mare transpira\u021bie, \u00eencorporeaz\u0103 tehnologia Micro-Mesh pentru a \u00eembun\u0103t\u0103\u021bi respirabilitatea \u0219i a cre\u0219te ventila\u021bia, ajut\u00e2nd la men\u021binerea temperaturii corpului \u0219i la prevenirea mirosurilor nepl\u0103cute. Are un design simplu \u0219i simplu, u\u0219or de combinat cu orice articol vestimentar. Logo Joma brodat.<\/div>\n<\/div>","protected":false},"excerpt":{"rendered":"<p>Pelern\u0103 de ploaie unisex.<\/p>","protected":false},"featured_media":42624,"template":"","meta":{"_themeisle_gutenberg_block_has_review":false},"product_brand":[370],"product_cat":[307,337,308,344,317,338,309,327],"product_tag":[],"class_list":{"0":"post-42622","1":"product","2":"type-product","3":"status-publish","4":"has-post-thumbnail","6":"product_brand-joma","7":"product_cat-barbati","8":"product_cat-copii","9":"product_cat-femei","10":"product_cat-geci-imbracaminte-copii","11":"product_cat-geci","12":"product_cat-imbracaminte-copii","13":"product_cat-imbracaminte","14":"product_cat-imbracaminte-femei","15":"pa_marime-costume-2xs","16":"pa_marime-costume-3xs","18":"first","19":"instock","20":"shipping-taxable","21":"purchasable","22":"product-type-variable"},"_links":{"self":[{"href":"https:\/\/www.joma-orhei.md\/ru\/wp-json\/wp\/v2\/product\/42622","targetHints":{"allow":["GET"]}}],"collection":[{"href":"https:\/\/www.joma-orhei.md\/ru\/wp-json\/wp\/v2\/product"}],"about":[{"href":"https:\/\/www.joma-orhei.md\/ru\/wp-json\/wp\/v2\/types\/product"}],"wp:featuredmedia":[{"embeddable":true,"href":"https:\/\/www.joma-orhei.md\/ru\/wp-json\/wp\/v2\/media\/42624"}],"wp:attachment":[{"href":"https:\/\/www.joma-orhei.md\/ru\/wp-json\/wp\/v2\/media?parent=42622"}],"wp:term":[{"taxonomy":"product_brand","embeddable":true,"href":"https:\/\/www.joma-orhei.md\/ru\/wp-json\/wp\/v2\/product_brand?post=42622"},{"taxonomy":"product_cat","embeddable":true,"href":"https:\/\/www.joma-orhei.md\/ru\/wp-json\/wp\/v2\/product_cat?post=42622"},{"taxonomy":"product_tag","embeddable":true,"href":"https:\/\/www.joma-orhei.md\/ru\/wp-json\/wp\/v2\/product_tag?post=42622"}],"curies":[{"name":"wp","href":"https:\/\/api.w.org\/{rel}","templated":true}]}}