{"id":42549,"date":"2026-03-11T21:32:34","date_gmt":"2026-03-11T19:32:34","guid":{"rendered":"https:\/\/www.joma-orhei.md\/?post_type=product&#038;p=42549"},"modified":"2026-03-18T12:50:24","modified_gmt":"2026-03-18T10:50:24","slug":"100052-250-t-shirt-combi-light-melange-s-s","status":"publish","type":"product","link":"https:\/\/www.joma-orhei.md\/ru\/product\/100052-250-t-shirt-combi-light-melange-s-s\/","title":{"rendered":"100052.250 -T-SHIRT COMBI LIGHT MELANGE S\/S"},"content":{"rendered":"<p>Tricourile noastre cu tehnologia DRY MX ofer\u0103 confort \u0219i func\u021bionalitate. Ele sunt fabricate din poliester de \u00eenalt\u0103 calitate, potrivite at\u00e2t pentru activit\u0103\u021bi sportive, c\u00e2t \u0219i pentru purtare zilnic\u0103.<\/p>","protected":false},"excerpt":{"rendered":"<p>Tricouri pentru barbati\/baieti.<\/p>","protected":false},"featured_media":42551,"template":"","meta":{"_themeisle_gutenberg_block_has_review":false},"product_brand":[370],"product_cat":[307,337,338,309,420,312],"product_tag":[],"class_list":{"0":"post-42549","1":"product","2":"type-product","3":"status-publish","4":"has-post-thumbnail","6":"product_brand-joma","7":"product_cat-barbati","8":"product_cat-copii","9":"product_cat-imbracaminte-copii","10":"product_cat-imbracaminte","11":"product_cat-tricouri-copii","12":"product_cat-tricouri","13":"pa_marime-costume-2xl","14":"pa_marime-costume-2xs","15":"pa_marime-costume-3xl","16":"pa_marime-costume-3xs","17":"pa_marime-costume-4xs","19":"first","20":"instock","21":"shipping-taxable","22":"purchasable","23":"product-type-variable"},"_links":{"self":[{"href":"https:\/\/www.joma-orhei.md\/ru\/wp-json\/wp\/v2\/product\/42549","targetHints":{"allow":["GET"]}}],"collection":[{"href":"https:\/\/www.joma-orhei.md\/ru\/wp-json\/wp\/v2\/product"}],"about":[{"href":"https:\/\/www.joma-orhei.md\/ru\/wp-json\/wp\/v2\/types\/product"}],"wp:featuredmedia":[{"embeddable":true,"href":"https:\/\/www.joma-orhei.md\/ru\/wp-json\/wp\/v2\/media\/42551"}],"wp:attachment":[{"href":"https:\/\/www.joma-orhei.md\/ru\/wp-json\/wp\/v2\/media?parent=42549"}],"wp:term":[{"taxonomy":"product_brand","embeddable":true,"href":"https:\/\/www.joma-orhei.md\/ru\/wp-json\/wp\/v2\/product_brand?post=42549"},{"taxonomy":"product_cat","embeddable":true,"href":"https:\/\/www.joma-orhei.md\/ru\/wp-json\/wp\/v2\/product_cat?post=42549"},{"taxonomy":"product_tag","embeddable":true,"href":"https:\/\/www.joma-orhei.md\/ru\/wp-json\/wp\/v2\/product_tag?post=42549"}],"curies":[{"name":"wp","href":"https:\/\/api.w.org\/{rel}","templated":true}]}}