{"id":42539,"date":"2026-03-11T21:27:25","date_gmt":"2026-03-11T19:27:25","guid":{"rendered":"https:\/\/www.joma-orhei.md\/?post_type=product&#038;p=42539"},"modified":"2026-03-18T12:50:42","modified_gmt":"2026-03-18T10:50:42","slug":"100052-200-t-shirt-combi-white-s-s","status":"publish","type":"product","link":"https:\/\/www.joma-orhei.md\/ru\/product\/100052-200-t-shirt-combi-white-s-s\/","title":{"rendered":"100052.200 -T-SHIRT COMBI WHITE S\/S"},"content":{"rendered":"<div class=\"elementor-element elementor-element-53ab11f elementor-widget elementor-widget-heading\" data-id=\"53ab11f\" data-element_type=\"widget\" data-widget_type=\"heading.default\">\n<div class=\"elementor-widget-container\"><span class=\"elementor-heading-title elementor-size-default\">Descrierea produsului<\/span><\/div>\n<\/div>\n<div class=\"elementor-element elementor-element-29065ae product_d_ro elementor-widget elementor-widget-text-editor\" data-id=\"29065ae\" data-element_type=\"widget\" data-widget_type=\"text-editor.default\">\n<div class=\"elementor-widget-container\">Tricou cu maneca scurta barbatesc\/baiat, conceput pentru practica sportiva si bun pentru antrenamente si competitii in sporturi precum fotbalul. Datorit\u0103 rezisten\u021bei, u\u0219urin\u021bei \u0219i respirabilit\u0103\u021bii, acest tricou se refer\u0103 la confort pentru sportiv. \u00cen plus, silueta sa lejer\u0103 v\u0103 va permite s\u0103 v\u0103 juca\u021bi confortabil. Se caracterizeaz\u0103 prin faptul c\u0103 are un g\u00e2t rotund elastic pentru o potrivire mai confortabil\u0103. \u00cen plus, aceast\u0103 c\u0103ma\u0219\u0103 sport \u00eei va permite sportivului s\u0103 se mi\u0219te liber. Logo Joma serigrafiat.<\/div>\n<\/div>","protected":false},"excerpt":{"rendered":"<p>Tricou cu maneca scurta barbatesc\/baiat.<\/p>","protected":false},"featured_media":42541,"template":"","meta":{"_themeisle_gutenberg_block_has_review":false},"product_brand":[370],"product_cat":[307,337,338,309,312,420],"product_tag":[],"class_list":{"0":"post-42539","1":"product","2":"type-product","3":"status-publish","4":"has-post-thumbnail","6":"product_brand-joma","7":"product_cat-barbati","8":"product_cat-copii","9":"product_cat-imbracaminte-copii","10":"product_cat-imbracaminte","11":"product_cat-tricouri","12":"product_cat-tricouri-copii","13":"pa_marime-costume-2xl","14":"pa_marime-costume-2xs","15":"pa_marime-costume-3xl","16":"pa_marime-costume-m","17":"pa_marime-costume-xl","18":"pa_marime-costume-xs","20":"first","21":"instock","22":"shipping-taxable","23":"purchasable","24":"product-type-variable"},"_links":{"self":[{"href":"https:\/\/www.joma-orhei.md\/ru\/wp-json\/wp\/v2\/product\/42539","targetHints":{"allow":["GET"]}}],"collection":[{"href":"https:\/\/www.joma-orhei.md\/ru\/wp-json\/wp\/v2\/product"}],"about":[{"href":"https:\/\/www.joma-orhei.md\/ru\/wp-json\/wp\/v2\/types\/product"}],"wp:featuredmedia":[{"embeddable":true,"href":"https:\/\/www.joma-orhei.md\/ru\/wp-json\/wp\/v2\/media\/42541"}],"wp:attachment":[{"href":"https:\/\/www.joma-orhei.md\/ru\/wp-json\/wp\/v2\/media?parent=42539"}],"wp:term":[{"taxonomy":"product_brand","embeddable":true,"href":"https:\/\/www.joma-orhei.md\/ru\/wp-json\/wp\/v2\/product_brand?post=42539"},{"taxonomy":"product_cat","embeddable":true,"href":"https:\/\/www.joma-orhei.md\/ru\/wp-json\/wp\/v2\/product_cat?post=42539"},{"taxonomy":"product_tag","embeddable":true,"href":"https:\/\/www.joma-orhei.md\/ru\/wp-json\/wp\/v2\/product_tag?post=42539"}],"curies":[{"name":"wp","href":"https:\/\/api.w.org\/{rel}","templated":true}]}}