{"id":42489,"date":"2026-03-11T20:25:00","date_gmt":"2026-03-11T18:25:00","guid":{"rendered":"https:\/\/www.joma-orhei.md\/?post_type=product&#038;p=42489"},"modified":"2026-03-11T20:25:00","modified_gmt":"2026-03-11T18:25:00","slug":"cprilw2302-c-princeton-lady-2302-white","status":"publish","type":"product","link":"https:\/\/www.joma-orhei.md\/ru\/product\/cprilw2302-c-princeton-lady-2302-white\/","title":{"rendered":"CPRILW2302 -C.PRINCETON LADY 2302 WHITE"},"content":{"rendered":"<div class=\"Y3BBE\" data-sfc-cp=\"\" data-sfc-cb=\"\" data-hveid=\"CAEIAhAA\" data-processed=\"true\" data-complete=\"true\">Modelul\u00a0<strong class=\"Yjhzub\" data-sfc-cb=\"\" data-complete=\"true\" data-processed=\"true\">Joma C.Princeton Lady 2302 (cod CPRILW2302)<\/strong> este o pereche de adidasi de dam\u0103 conceput\u0103 pentru stilul urban-casual, oferind un echilibru \u00eentre designul minimalist \u0219i confortul necesar utiliz\u0103rii zilnice.<span class=\"uJ19be notranslate\" data-wiz-uids=\"xcb1ne_e,xcb1ne_f\" data-sfc-cb=\"\" data-complete=\"true\" data-processed=\"true\"><span class=\"vKEkVd\" data-animation-atomic=\"\" data-wiz-attrbind=\"class=xcb1ne_d\/TKHnVd\" data-sae=\"\"><span aria-hidden=\"true\">\u00a0<\/span><button class=\"rBl3me IWyTpf pjvauc\" tabindex=\"0\" data-amic=\"true\" data-icl-uuid=\"c27ad8a9-534d-460d-95ad-720ef2d1b913\" aria-label=\"www.joma.md (+1): vezi linkuri conexe\" data-wiz-attrbind=\"disabled=xcb1ne_d\/C5gNJc;aria-label=xcb1ne_d\/bOjMyf;class=xcb1ne_d\/UpSNec\" data-ved=\"2ahUKEwji9IuJu5iTAxVQUEEAHZ-WAxwQye0OegYIAQgCEAE\" data-hveid=\"CAEIAhAB\"><\/button><\/span><\/span><\/p>\n<div class=\"Fwa2Od\" data-animation-skip=\"\" data-sfc-cb=\"\" data-ved=\"2ahUKEwji9IuJu5iTAxVQUEEAHZ-WAxwQ3s0SegYIAQgCEAI\" data-complete=\"true\"><\/div>\n<\/div>\n<div class=\"otQkpb\" role=\"heading\" aria-level=\"3\" data-animation-nesting=\"\" data-sfc-cp=\"\" data-sfc-cb=\"\" data-complete=\"true\" data-processed=\"true\" data-sae=\"\">Design \u0219i Materiale<button class=\"rBl3me\" tabindex=\"0\" data-amic=\"true\" data-icl-uuid=\"d1adb4d3-be0e-467e-8ed4-a2644e3166cd\" aria-label=\"Vezi linkuri conexe\" data-wiz-attrbind=\"disabled=xcb1ne_l\/C5gNJc;aria-label=xcb1ne_l\/bOjMyf;class=xcb1ne_l\/UpSNec\" data-ved=\"2ahUKEwji9IuJu5iTAxVQUEEAHZ-WAxwQye0OegYIAQgDEAA\" data-hveid=\"CAEIAxAA\"><\/button><\/div>\n<ul class=\"KsbFXc U6u95\" data-sfc-cb=\"\" data-complete=\"true\" data-processed=\"true\">\n<li class=\"dF3vjf\" data-sfc-cb=\"\" data-hveid=\"CAEIBBAA\" data-complete=\"true\" data-sae=\"\"><span class=\"T286Pc\" data-sfc-cp=\"\" data-sfc-cb=\"\" data-complete=\"true\"><strong class=\"Yjhzub\" data-sfc-cb=\"\" data-complete=\"true\">Partea Superioar\u0103 (Upper):<\/strong>\u00a0Realizat\u0103 din\u00a0<strong class=\"Yjhzub\" data-sfc-cb=\"\" data-complete=\"true\">piele sintetic\u0103<\/strong>\u00a0(polipiel) de culoare alb\u0103, cu un finisaj curat \u0219i detalii discrete, precum literele brandului \u00een relief pe lateral.<\/span><\/li>\n<li class=\"dF3vjf\" data-sfc-cb=\"\" data-hveid=\"CAEIBBAB\" data-complete=\"true\" data-sae=\"\"><span class=\"T286Pc\" data-sfc-cp=\"\" data-sfc-cb=\"\" data-complete=\"true\"><strong class=\"Yjhzub\" data-sfc-cb=\"\" data-complete=\"true\">Interior:<\/strong>\u00a0C\u0103ptu\u0219eal\u0103 din material textil (nylon) pentru respirabilitate \u0219i guler c\u0103ptu\u0219it \u00een zona gleznei pentru a preveni frecarea.<\/span><\/li>\n<li class=\"dF3vjf\" data-sfc-cb=\"\" data-hveid=\"CAEIBBAC\" data-complete=\"true\" data-sae=\"\"><span class=\"T286Pc\" data-sfc-cp=\"\" data-sfc-cb=\"\" data-complete=\"true\"><strong class=\"Yjhzub\" data-sfc-cb=\"\" data-complete=\"true\">Detalii Estetice:<\/strong>\u00a0Include o pies\u0103 din piele sintetic\u0103 cu relief tip &#8222;\u0219arpe&#8221; \u00een zona c\u0103lc\u00e2iului \u0219i cus\u0103turi decorative ton pe ton.<\/span><span class=\"uJ19be notranslate\" data-wiz-uids=\"xcb1ne_10,xcb1ne_11\" data-sfc-cb=\"\" data-complete=\"true\"><span class=\"vKEkVd\" data-animation-atomic=\"\" data-wiz-attrbind=\"class=xcb1ne_z\/TKHnVd\" data-sae=\"\"><span aria-hidden=\"true\">\u00a0<\/span><button class=\"rBl3me IWyTpf pjvauc\" tabindex=\"0\" data-amic=\"true\" data-icl-uuid=\"199359f8-9082-4795-ab94-6fa0097bdcae\" aria-label=\"Amazon UK (+2): vezi linkuri conexe\" data-wiz-attrbind=\"disabled=xcb1ne_z\/C5gNJc;aria-label=xcb1ne_z\/bOjMyf;class=xcb1ne_z\/UpSNec\" data-ved=\"2ahUKEwji9IuJu5iTAxVQUEEAHZ-WAxwQye0OegYIAQgEEAM\" data-hveid=\"CAEIBBAD\"><\/button><\/span><\/span><\/li>\n<\/ul>\n<div class=\"otQkpb\" role=\"heading\" aria-level=\"3\" data-animation-nesting=\"\" data-sfc-cp=\"\" data-sfc-cb=\"\" data-complete=\"true\" data-processed=\"true\" data-sae=\"\">Tehnologii \u0219i Confort<button class=\"rBl3me\" tabindex=\"0\" data-amic=\"true\" data-icl-uuid=\"7fcda418-efaa-490b-b7e9-09928bca79fe\" aria-label=\"Vezi linkuri conexe\" data-wiz-attrbind=\"disabled=xcb1ne_18\/C5gNJc;aria-label=xcb1ne_18\/bOjMyf;class=xcb1ne_18\/UpSNec\" data-ved=\"2ahUKEwji9IuJu5iTAxVQUEEAHZ-WAxwQye0OegYIAQgFEAA\" data-hveid=\"CAEIBRAA\"><\/button><\/div>\n<ul class=\"KsbFXc U6u95\" data-sfc-cb=\"\" data-complete=\"true\" data-processed=\"true\">\n<li class=\"dF3vjf\" data-sfc-cb=\"\" data-hveid=\"CAEIBhAA\" data-complete=\"true\" data-sae=\"\"><span class=\"T286Pc\" data-sfc-cp=\"\" data-sfc-cb=\"\" data-complete=\"true\"><strong class=\"Yjhzub\" data-sfc-cb=\"\" data-complete=\"true\">Bran\u021b Memory Foam:<\/strong>\u00a0Echipat cu o inser\u021bie deta\u0219abil\u0103 din spum\u0103 cu memorie care se adapteaz\u0103 formei piciorului, absorbind impactul \u0219i reduc\u00e2nd oboseala \u00een timpul mersului.<\/span><\/li>\n<li class=\"dF3vjf\" data-sfc-cb=\"\" data-hveid=\"CAEIBhAB\" data-complete=\"true\" data-sae=\"\"><span class=\"T286Pc\" data-sfc-cp=\"\" data-sfc-cb=\"\" data-complete=\"true\"><strong class=\"Yjhzub\" data-sfc-cb=\"\" data-complete=\"true\">Talp\u0103 Phylon:<\/strong>\u00a0Talpa este fabricat\u0103 din\u00a0<strong class=\"Yjhzub\" data-sfc-cb=\"\" data-complete=\"true\">phylon ranforsat<\/strong>, un material u\u0219or \u0219i spongios care ofer\u0103 amortizare \u0219i durabilitate crescut\u0103 la uzur\u0103.<\/span><\/li>\n<li class=\"dF3vjf\" data-sfc-cb=\"\" data-hveid=\"CAEIBhAC\" data-complete=\"true\" data-sae=\"\"><span class=\"T286Pc\" data-sfc-cp=\"\" data-sfc-cb=\"\" data-complete=\"true\"><strong class=\"Yjhzub\" data-sfc-cb=\"\" data-complete=\"true\">Calapod (Horma):<\/strong>\u00a0Modelul este descris ca av\u00e2nd un calapod lat (<strong class=\"Yjhzub\" data-sfc-cb=\"\" data-complete=\"true\">Wide Width<\/strong>), oferind libertate de mi\u0219care \u0219i un plus de confort pentru picioarele care necesit\u0103 mai mult spa\u021biu.<\/span><span class=\"uJ19be notranslate\" data-wiz-uids=\"xcb1ne_1o,xcb1ne_1p\" data-sfc-cb=\"\" data-complete=\"true\"><span class=\"vKEkVd\" data-animation-atomic=\"\" data-wiz-attrbind=\"class=xcb1ne_1n\/TKHnVd\" data-sae=\"\"><span aria-hidden=\"true\">\u00a0<\/span><button class=\"rBl3me IWyTpf pjvauc\" tabindex=\"0\" data-amic=\"true\" data-icl-uuid=\"1c25aa4b-256f-43cc-a9e4-b81085ce4c5c\" aria-label=\"joma-sport.md (+3): vezi linkuri conexe\" data-wiz-attrbind=\"disabled=xcb1ne_1n\/C5gNJc;aria-label=xcb1ne_1n\/bOjMyf;class=xcb1ne_1n\/UpSNec\" data-ved=\"2ahUKEwji9IuJu5iTAxVQUEEAHZ-WAxwQye0OegYIAQgGEAM\" data-hveid=\"CAEIBhAD\"><\/button><\/span><\/span>\n<div class=\"Fwa2Od\" data-animation-skip=\"\" data-sfc-cb=\"\" data-ved=\"2ahUKEwji9IuJu5iTAxVQUEEAHZ-WAxwQ3s0SegYIAQgGEAQ\" data-complete=\"true\"><\/div>\n<\/li>\n<\/ul>","protected":false},"excerpt":{"rendered":"<p>Adidasi pentru femei.<\/p>","protected":false},"featured_media":42492,"template":"","meta":{"_themeisle_gutenberg_block_has_review":false},"product_brand":[370],"product_cat":[333,308,332],"product_tag":[],"class_list":{"0":"post-42489","1":"product","2":"type-product","3":"status-publish","4":"has-post-thumbnail","6":"product_brand-joma","7":"product_cat-adidasi-incaltaminte-femei","8":"product_cat-femei","9":"product_cat-incaltaminte-femei","10":"pa_marime-pantofi-371","12":"first","13":"instock","14":"shipping-taxable","15":"purchasable","16":"product-type-variable"},"_links":{"self":[{"href":"https:\/\/www.joma-orhei.md\/ru\/wp-json\/wp\/v2\/product\/42489","targetHints":{"allow":["GET"]}}],"collection":[{"href":"https:\/\/www.joma-orhei.md\/ru\/wp-json\/wp\/v2\/product"}],"about":[{"href":"https:\/\/www.joma-orhei.md\/ru\/wp-json\/wp\/v2\/types\/product"}],"wp:featuredmedia":[{"embeddable":true,"href":"https:\/\/www.joma-orhei.md\/ru\/wp-json\/wp\/v2\/media\/42492"}],"wp:attachment":[{"href":"https:\/\/www.joma-orhei.md\/ru\/wp-json\/wp\/v2\/media?parent=42489"}],"wp:term":[{"taxonomy":"product_brand","embeddable":true,"href":"https:\/\/www.joma-orhei.md\/ru\/wp-json\/wp\/v2\/product_brand?post=42489"},{"taxonomy":"product_cat","embeddable":true,"href":"https:\/\/www.joma-orhei.md\/ru\/wp-json\/wp\/v2\/product_cat?post=42489"},{"taxonomy":"product_tag","embeddable":true,"href":"https:\/\/www.joma-orhei.md\/ru\/wp-json\/wp\/v2\/product_tag?post=42489"}],"curies":[{"name":"wp","href":"https:\/\/api.w.org\/{rel}","templated":true}]}}