{"id":42484,"date":"2026-03-11T20:16:44","date_gmt":"2026-03-11T18:16:44","guid":{"rendered":"https:\/\/www.joma-orhei.md\/?post_type=product&#038;p=42484"},"modified":"2026-03-11T20:16:44","modified_gmt":"2026-03-11T18:16:44","slug":"cplamw2401-c-platea-mid-men-2401-black","status":"publish","type":"product","link":"https:\/\/www.joma-orhei.md\/ru\/product\/cplamw2401-c-platea-mid-men-2401-black\/","title":{"rendered":"CPLAMW2401 -C.PLATEA MID MEN 2401 BLACK"},"content":{"rendered":"<p><span dir=\"auto\">Teni\u0219i casual pentru b\u0103rba\u021bi. Model mid-top inspirat de \u00eenc\u0103l\u021b\u0103mintea de baschet \u0219i moda urban\u0103.<\/span><\/p>\n<p><span dir=\"auto\">Partea superioar\u0103 este confec\u021bionat\u0103 din piele sintetic\u0103, foarte rezistent\u0103 la uzur\u0103, pentru a prelungi durata de via\u021b\u0103 a pantofilor sport. Acest material ofer\u0103, de asemenea, u\u0219urin\u021b\u0103 \u0219i flexibilitate p\u0103r\u021bii superioare. Pe l\u00e2ng\u0103 aceast\u0103 component\u0103, a fost aplicat\u0103 tehnologia VTS, const\u00e2nd \u00een mici perfora\u021bii care ajut\u0103 la ventila\u021bia transpira\u021biei.<\/span><\/p>\n<p><span dir=\"auto\">Zona gleznei este c\u0103ptu\u0219it\u0103 pentru un confort sporit \u00een timpul mi\u0219c\u0103rilor.<\/span><\/p>\n<p><span dir=\"auto\">Talpa de cauciuc DURABILITY este foarte rezistent\u0103 la frecare \u0219i uzur\u0103.<\/span><\/p>","protected":false},"excerpt":{"rendered":"<p><span dir=\"auto\">Teni\u0219i casual pentru b\u0103rba\u021bi. <\/span><\/p>","protected":false},"featured_media":42488,"template":"","meta":{"_themeisle_gutenberg_block_has_review":false},"product_brand":[370],"product_cat":[307,326,320],"product_tag":[],"class_list":{"0":"post-42484","1":"product","2":"type-product","3":"status-publish","4":"has-post-thumbnail","6":"product_brand-joma","7":"product_cat-barbati","8":"product_cat-de-iarna","9":"product_cat-incaltaminte","10":"pa_marime-pantofi-380","11":"pa_marime-pantofi-400","13":"first","14":"instock","15":"shipping-taxable","16":"purchasable","17":"product-type-variable"},"_links":{"self":[{"href":"https:\/\/www.joma-orhei.md\/ru\/wp-json\/wp\/v2\/product\/42484","targetHints":{"allow":["GET"]}}],"collection":[{"href":"https:\/\/www.joma-orhei.md\/ru\/wp-json\/wp\/v2\/product"}],"about":[{"href":"https:\/\/www.joma-orhei.md\/ru\/wp-json\/wp\/v2\/types\/product"}],"wp:featuredmedia":[{"embeddable":true,"href":"https:\/\/www.joma-orhei.md\/ru\/wp-json\/wp\/v2\/media\/42488"}],"wp:attachment":[{"href":"https:\/\/www.joma-orhei.md\/ru\/wp-json\/wp\/v2\/media?parent=42484"}],"wp:term":[{"taxonomy":"product_brand","embeddable":true,"href":"https:\/\/www.joma-orhei.md\/ru\/wp-json\/wp\/v2\/product_brand?post=42484"},{"taxonomy":"product_cat","embeddable":true,"href":"https:\/\/www.joma-orhei.md\/ru\/wp-json\/wp\/v2\/product_cat?post=42484"},{"taxonomy":"product_tag","embeddable":true,"href":"https:\/\/www.joma-orhei.md\/ru\/wp-json\/wp\/v2\/product_tag?post=42484"}],"curies":[{"name":"wp","href":"https:\/\/api.w.org\/{rel}","templated":true}]}}