{"id":42481,"date":"2026-03-11T20:10:07","date_gmt":"2026-03-11T18:10:07","guid":{"rendered":"https:\/\/www.joma-orhei.md\/?post_type=product&#038;p=42481"},"modified":"2026-03-11T20:10:07","modified_gmt":"2026-03-11T18:10:07","slug":"clacls2401-laceless-lady-2401-black","status":"publish","type":"product","link":"https:\/\/www.joma-orhei.md\/ru\/product\/clacls2401-laceless-lady-2401-black\/","title":{"rendered":"CLACLS2401 -LACELESS LADY 2401 BLACK"},"content":{"rendered":"<p><span dir=\"auto\">Teni\u0219i casual pentru femei. Ideali pentru a oferi cel mai mare confort at\u00e2t la \u00eenc\u0103l\u021bare, c\u00e2t \u0219i la purtare pe tot parcursul zilei. Acest model re\u00eennoit de teni\u0219i se remarc\u0103 prin u\u0219urin\u021b\u0103, confort \u0219i respirabilitate, pentru a rezista tuturor orelor \u00een care dori\u021bi s\u0103 sta\u021bi \u00een picioare sau la mers.\u00a0<\/span><\/p>\n<p><span dir=\"auto\">Partea superioar\u0103 a pantofului este confec\u021bionat\u0103 din fir personalizat. Aceast\u0103 component\u0103 se caracterizeaz\u0103 prin u\u0219urin\u021ba \u0219i respirabilitatea sa, ideal\u0103 pentru lunile mai calde. Are o arm\u0103tur\u0103 TPU termosudat\u0103 \u00een partea din spate pentru a proteja zona. Ca o caracteristic\u0103 special\u0103, este prev\u0103zut\u0103 cu fibre elastice \u00een zonele de ajustare pentru a adera la picior, \u021bin\u00e2ndu-l f\u0103r\u0103 ca pantofii s\u0103 alunece. La c\u0103lc\u00e2i, am ad\u0103ugat o pies\u0103 c\u0103ptu\u0219it\u0103 pentru a optimiza confortul. \u0218i pentru a fi u\u0219or de \u00eenc\u0103l\u021bat, include dou\u0103 clapete discrete: una pe picior \u0219i una pe spate.\u00a0<\/span><\/p>\n<p><span dir=\"auto\">Brantul interior este fabricat din spum\u0103 cu memorie \u0219i o baz\u0103 termoformat\u0103 din EVA pentru adaptarea la c\u0103lc\u00e2i, absorb\u021bia impacturilor \u0219i recuperarea rapid\u0103 a formei, prevenind durerile de picior. Perfora\u021bii VTS pentru respirabilitate. Form\u0103 adaptat\u0103 la forma picioarelor femeilor.<\/span><\/p>\n<p><span dir=\"auto\">Talp\u0103 din phylon dintr-o singur\u0103 bucat\u0103, u\u0219oar\u0103, flexibil\u0103 \u0219i cu o bun\u0103 capacitate de absorb\u021bie a \u0219ocurilor. Cu linii de \u00eendoire FLEXO care \u00eembun\u0103t\u0103\u021besc flexibilitatea \u00eenc\u0103l\u021b\u0103mintei.<\/span><\/p>","protected":false},"excerpt":{"rendered":"<p><span dir=\"auto\">Teni\u0219i casual pentru femei.<\/span><\/p>","protected":false},"featured_media":42482,"template":"","meta":{"_themeisle_gutenberg_block_has_review":false},"product_brand":[370],"product_cat":[333,308,332],"product_tag":[],"class_list":{"0":"post-42481","1":"product","2":"type-product","3":"status-publish","4":"has-post-thumbnail","6":"product_brand-joma","7":"product_cat-adidasi-incaltaminte-femei","8":"product_cat-femei","9":"product_cat-incaltaminte-femei","10":"pa_marime-pantofi-372","12":"first","13":"instock","14":"shipping-taxable","15":"purchasable","16":"product-type-variable"},"_links":{"self":[{"href":"https:\/\/www.joma-orhei.md\/ru\/wp-json\/wp\/v2\/product\/42481","targetHints":{"allow":["GET"]}}],"collection":[{"href":"https:\/\/www.joma-orhei.md\/ru\/wp-json\/wp\/v2\/product"}],"about":[{"href":"https:\/\/www.joma-orhei.md\/ru\/wp-json\/wp\/v2\/types\/product"}],"wp:featuredmedia":[{"embeddable":true,"href":"https:\/\/www.joma-orhei.md\/ru\/wp-json\/wp\/v2\/media\/42482"}],"wp:attachment":[{"href":"https:\/\/www.joma-orhei.md\/ru\/wp-json\/wp\/v2\/media?parent=42481"}],"wp:term":[{"taxonomy":"product_brand","embeddable":true,"href":"https:\/\/www.joma-orhei.md\/ru\/wp-json\/wp\/v2\/product_brand?post=42481"},{"taxonomy":"product_cat","embeddable":true,"href":"https:\/\/www.joma-orhei.md\/ru\/wp-json\/wp\/v2\/product_cat?post=42481"},{"taxonomy":"product_tag","embeddable":true,"href":"https:\/\/www.joma-orhei.md\/ru\/wp-json\/wp\/v2\/product_tag?post=42481"}],"curies":[{"name":"wp","href":"https:\/\/api.w.org\/{rel}","templated":true}]}}