{"id":42473,"date":"2026-03-11T19:57:52","date_gmt":"2026-03-11T17:57:52","guid":{"rendered":"https:\/\/www.joma-orhei.md\/?post_type=product&#038;p=42473"},"modified":"2026-03-11T19:57:52","modified_gmt":"2026-03-11T17:57:52","slug":"wschow2210v-school-jr-2210-navy-fuchsia","status":"publish","type":"product","link":"https:\/\/www.joma-orhei.md\/ru\/product\/wschow2210v-school-jr-2210-navy-fuchsia\/","title":{"rendered":"WSCHOW2210V -SCHOOL JR 2210 NAVY FUCHSIA"},"content":{"rendered":"<p><span dir=\"auto\">Model pentru utilizare zilnic\u0103, ranforsat \u0219i potrivit pentru orice tip de joc.<\/span><\/p>\n<p><span dir=\"auto\">Cus\u0103turile sunt realizate din Micro PU \u0219i piele \u00eent\u0103rit\u0103 cu buc\u0103\u021bi de microfibr\u0103.<\/span><\/p>\n<p><span dir=\"auto\">Brantul este confec\u021bionat din piele.<\/span><\/p>\n<p><span dir=\"auto\">Talpa este fabricat\u0103 din cauciuc rezistent.<\/span><\/p>","protected":false},"excerpt":{"rendered":"<p>Adidasi pentru copii.<\/p>","protected":false},"featured_media":42476,"template":"","meta":{"_themeisle_gutenberg_block_has_review":false},"product_brand":[370],"product_cat":[348,337,347],"product_tag":[],"class_list":{"0":"post-42473","1":"product","2":"type-product","3":"status-publish","4":"has-post-thumbnail","6":"product_brand-joma","7":"product_cat-adidasi-incaltaminte-copii","8":"product_cat-copii","9":"product_cat-incaltaminte-copii","10":"pa_marime-pantofi-417","11":"pa_marime-pantofi-418","12":"pa_marime-pantofi-415","13":"pa_marime-pantofi-416","15":"first","16":"instock","17":"shipping-taxable","18":"purchasable","19":"product-type-variable"},"_links":{"self":[{"href":"https:\/\/www.joma-orhei.md\/ru\/wp-json\/wp\/v2\/product\/42473","targetHints":{"allow":["GET"]}}],"collection":[{"href":"https:\/\/www.joma-orhei.md\/ru\/wp-json\/wp\/v2\/product"}],"about":[{"href":"https:\/\/www.joma-orhei.md\/ru\/wp-json\/wp\/v2\/types\/product"}],"wp:featuredmedia":[{"embeddable":true,"href":"https:\/\/www.joma-orhei.md\/ru\/wp-json\/wp\/v2\/media\/42476"}],"wp:attachment":[{"href":"https:\/\/www.joma-orhei.md\/ru\/wp-json\/wp\/v2\/media?parent=42473"}],"wp:term":[{"taxonomy":"product_brand","embeddable":true,"href":"https:\/\/www.joma-orhei.md\/ru\/wp-json\/wp\/v2\/product_brand?post=42473"},{"taxonomy":"product_cat","embeddable":true,"href":"https:\/\/www.joma-orhei.md\/ru\/wp-json\/wp\/v2\/product_cat?post=42473"},{"taxonomy":"product_tag","embeddable":true,"href":"https:\/\/www.joma-orhei.md\/ru\/wp-json\/wp\/v2\/product_tag?post=42473"}],"curies":[{"name":"wp","href":"https:\/\/api.w.org\/{rel}","templated":true}]}}