{"id":42468,"date":"2026-03-11T19:49:42","date_gmt":"2026-03-11T17:49:42","guid":{"rendered":"https:\/\/www.joma-orhei.md\/?post_type=product&#038;p=42468"},"modified":"2026-03-11T19:49:42","modified_gmt":"2026-03-11T17:49:42","slug":"wschow2101v-school-jr-2101","status":"publish","type":"product","link":"https:\/\/www.joma-orhei.md\/ru\/product\/wschow2101v-school-jr-2101\/","title":{"rendered":"WSCHOW2101V -SCHOOL JR 2101"},"content":{"rendered":"<div class=\"elementor-element elementor-element-53ab11f elementor-widget elementor-widget-heading\" data-id=\"53ab11f\" data-element_type=\"widget\" data-widget_type=\"heading.default\">\n<div class=\"elementor-widget-container\"><span class=\"elementor-heading-title elementor-size-default\">Descrierea produsului<\/span><\/div>\n<\/div>\n<div class=\"elementor-element elementor-element-29065ae product_d_ro elementor-widget elementor-widget-text-editor\" data-id=\"29065ae\" data-element_type=\"widget\" data-widget_type=\"text-editor.default\">\n<div class=\"elementor-widget-container\">Pantofi sport pentru baieti\/fete. Calitate testat\u0103 de copiii din \u0219colile din \u00eentreaga lume. Acest model casual de zi cu zi a fost conceput pentru a oferi confort maxim \u00een timpul oric\u0103rei activit\u0103\u021bi. Acestea \u00eembin\u0103 for\u021ba, flexibilitatea \u0219i confortul, f\u0103c\u00e2ndu-i pantofi de \u0219coal\u0103 foarte versatili, care \u00eei vor \u00eenso\u021bi pe cei mici pe tot parcursul anului la \u0219coal\u0103. \u00cen plus, \u00eentre\u021binerea lor u\u0219oar\u0103 \u00eenseamn\u0103 c\u0103 pot fi gata \u00een doar c\u00e2teva minute. Partea superioar\u0103 este realizat\u0103 din material sintetic. Au fost echipate cu tehnologia VTS, care const\u0103 \u00een mici perfora\u021bii \u00een partea superioar\u0103 pentru a asigura o transpira\u021bie adecvat\u0103 a transpira\u021biei. \u00cen plus, au piese de \u00eent\u0103rire pentru a le face \u0219i mai rezistente. Interior c\u0103ptu\u0219it cu material respirabil. Brantul este din piele pentru a oferi pantofului o potrivire perfecta. Sunt anti-miros \u0219i ajut\u0103 la reglarea transpira\u021biei. Talpa este realizat\u0103 din cauciuc foarte rezistent la uzur\u0103. \u00cencorporeaz\u0103 tehnologia FLEXO, un sistem de linii flexibile care are ca rezultat un pas mai natural. \u00cenchiderea cu c\u00e2rlig \u0219i bucl\u0103 ofer\u0103 o potrivire \u0219i sprijin optime. Ace\u0219ti pantofi de \u0219coal\u0103 sunt ideali dac\u0103 micu\u021bii t\u0103i poart\u0103 uniform\u0103, \u00eentruc\u00e2t designul \u0219i varia\u021bia de culoare neutr\u0103 se combin\u0103 perfect cu uniforma \u0219colar\u0103.<\/div>\n<\/div>","protected":false},"excerpt":{"rendered":"<p>Pantofi sport pentru baieti\/fete.<\/p>","protected":false},"featured_media":42471,"template":"","meta":{"_themeisle_gutenberg_block_has_review":false},"product_brand":[370],"product_cat":[348,337,347],"product_tag":[],"class_list":{"0":"post-42468","1":"product","2":"type-product","3":"status-publish","4":"has-post-thumbnail","6":"product_brand-joma","7":"product_cat-adidasi-incaltaminte-copii","8":"product_cat-copii","9":"product_cat-incaltaminte-copii","10":"pa_marime-pantofi-410","12":"first","13":"instock","14":"shipping-taxable","15":"purchasable","16":"product-type-variable"},"_links":{"self":[{"href":"https:\/\/www.joma-orhei.md\/ru\/wp-json\/wp\/v2\/product\/42468","targetHints":{"allow":["GET"]}}],"collection":[{"href":"https:\/\/www.joma-orhei.md\/ru\/wp-json\/wp\/v2\/product"}],"about":[{"href":"https:\/\/www.joma-orhei.md\/ru\/wp-json\/wp\/v2\/types\/product"}],"wp:featuredmedia":[{"embeddable":true,"href":"https:\/\/www.joma-orhei.md\/ru\/wp-json\/wp\/v2\/media\/42471"}],"wp:attachment":[{"href":"https:\/\/www.joma-orhei.md\/ru\/wp-json\/wp\/v2\/media?parent=42468"}],"wp:term":[{"taxonomy":"product_brand","embeddable":true,"href":"https:\/\/www.joma-orhei.md\/ru\/wp-json\/wp\/v2\/product_brand?post=42468"},{"taxonomy":"product_cat","embeddable":true,"href":"https:\/\/www.joma-orhei.md\/ru\/wp-json\/wp\/v2\/product_cat?post=42468"},{"taxonomy":"product_tag","embeddable":true,"href":"https:\/\/www.joma-orhei.md\/ru\/wp-json\/wp\/v2\/product_tag?post=42468"}],"curies":[{"name":"wp","href":"https:\/\/api.w.org\/{rel}","templated":true}]}}